{"id":83816,"date":"2026-05-07T14:26:59","date_gmt":"2026-05-07T11:26:59","guid":{"rendered":"https:\/\/www.baltupiuprogimnazija.vilnius.lm.lt\/?page_id=83816"},"modified":"2026-05-07T14:55:13","modified_gmt":"2026-05-07T11:55:13","slug":"korupcijos-prevencija-2","status":"publish","type":"page","link":"https:\/\/www.baltupiuprogimnazija.vilnius.lm.lt\/?page_id=83816","title":{"rendered":"Korupcijos prevencija"},"content":{"rendered":"<section class=\"wpb-content-wrapper\"><p>[vc_row][vc_column][stm_icon_box icon_position=&#8221;left&#8221; icon_color=&#8221;green&#8221; title=&#8221;Rekomendacijos d\u0117l veiksm\u0173 susid\u016brus su korupcinio pob\u016bd\u017eio veikla&#8221; title_link=&#8221;url:https%3A%2F%2Fwww.baltupiuprogimnazija.vilnius.lm.lt%2Fwp-content%2Fuploads%2F2026%2F05%2F2026-Rekomendacijos-del-veiksmu-susidurus-su-korupcinio-pobudzio-veika.pdf|target:_blank&#8221; icon_fontawesome=&#8221;far fa-file-pdf&#8221; icon_size=&#8221;22px&#8221;][stm_icon_box icon_position=&#8221;left&#8221; icon_color=&#8221;green&#8221; title=&#8221;Pareigybi\u0173, d\u0117l kuri\u0173 skiriant \u012f pareigas teikiamas ra\u0161ytinis pra\u0161ymas tikrinimui Lietuvos Respublikos speciali\u0173j\u0173 tyrim\u0173 tarnybai, s\u0105ra\u0161as&#8221; title_link=&#8221;url:https%3A%2F%2Fwww.baltupiuprogimnazija.vilnius.lm.lt%2Fwp-content%2Fuploads%2F2025%2F11%2Fdoc02732920251127122018.pdf|target:_blank&#8221; icon_fontawesome=&#8221;far fa-file-pdf&#8221; icon_size=&#8221;22px&#8221;][stm_icon_box icon_position=&#8221;left&#8221; icon_color=&#8221;green&#8221; title=&#8221;\u012esakymas d\u0117l Vilniaus Baltupi\u0173 progimnazijos deklaruojan\u010di\u0173 priva\u010dius interesus pareigybi\u0173 s\u0105ra\u0161o tvirtinimo&#8221; title_link=&#8221;url:https%3A%2F%2Fwww.baltupiuprogimnazija.vilnius.lm.lt%2Fwp-content%2Fuploads%2F2025%2F11%2Fdoc02732820251127122010.pdf|target:_blank&#8221; icon_fontawesome=&#8221;far fa-file-pdf&#8221; icon_size=&#8221;22px&#8221;][stm_icon_box icon_position=&#8221;left&#8221; icon_color=&#8221;green&#8221; title=&#8221;Dovan\u0173 politika&#8221; title_link=&#8221;url:https%3A%2F%2Fwww.baltupiuprogimnazija.vilnius.lm.lt%2Fwp-content%2Fuploads%2F2026%2F05%2FDovanu-politika.pdf|target:_blank&#8221; icon_fontawesome=&#8221;far fa-file-pdf&#8221; icon_size=&#8221;22px&#8221;][\/vc_column][\/vc_row]<\/p>\n<\/section>","protected":false},"excerpt":{"rendered":"<p>[vc_row][vc_column][stm_icon_box icon_position=&#8221;left&#8221; icon_color=&#8221;green&#8221; title=&#8221;Rekomendacijos d\u0117l veiksm\u0173 susid\u016brus su korupcinio pob\u016bd\u017eio veikla&#8221; title_link=&#8221;url:https%3A%2F%2Fwww.baltupiuprogimnazija.vilnius.lm.lt%2Fwp-content%2Fuploads%2F2026%2F05%2F2026-Rekomendacijos-del-veiksmu-susidurus-su-korupcinio-pobudzio-veika.pdf|target:_blank&#8221; icon_fontawesome=&#8221;far fa-file-pdf&#8221; icon_size=&#8221;22px&#8221;][stm_icon_box icon_position=&#8221;left&#8221; icon_color=&#8221;green&#8221; title=&#8221;Pareigybi\u0173, d\u0117l kuri\u0173 skiriant \u012f pareigas teikiamas ra\u0161ytinis pra\u0161ymas tikrinimui Lietuvos Respublikos speciali\u0173j\u0173 tyrim\u0173 tarnybai, s\u0105ra\u0161as&#8221; title_link=&#8221;url:https%3A%2F%2Fwww.baltupiuprogimnazija.vilnius.lm.lt%2Fwp-content%2Fuploads%2F2025%2F11%2Fdoc02732920251127122018.pdf|target:_blank&#8221; icon_fontawesome=&#8221;far fa-file-pdf&#8221; icon_size=&#8221;22px&#8221;][stm_icon_box icon_position=&#8221;left&#8221; icon_color=&#8221;green&#8221; title=&#8221;\u012esakymas d\u0117l Vilniaus Baltupi\u0173 progimnazijos deklaruojan\u010di\u0173 priva\u010dius interesus pareigybi\u0173 s\u0105ra\u0161o tvirtinimo&#8221; title_link=&#8221;url:https%3A%2F%2Fwww.baltupiuprogimnazija.vilnius.lm.lt%2Fwp-content%2Fuploads%2F2025%2F11%2Fdoc02732820251127122010.pdf|target:_blank&#8221; icon_fontawesome=&#8221;far fa-file-pdf&#8221; icon_size=&#8221;22px&#8221;][stm_icon_box icon_position=&#8221;left&#8221; [&hellip;]<\/p>\n","protected":false},"author":8,"featured_media":0,"parent":4311,"menu_order":0,"comment_status":"closed","ping_status":"closed","template":"","meta":{"footnotes":""},"class_list":["post-83816","page","type-page","status-publish","hentry"],"_links":{"self":[{"href":"https:\/\/www.baltupiuprogimnazija.vilnius.lm.lt\/index.php?rest_route=\/wp\/v2\/pages\/83816","targetHints":{"allow":["GET"]}}],"collection":[{"href":"https:\/\/www.baltupiuprogimnazija.vilnius.lm.lt\/index.php?rest_route=\/wp\/v2\/pages"}],"about":[{"href":"https:\/\/www.baltupiuprogimnazija.vilnius.lm.lt\/index.php?rest_route=\/wp\/v2\/types\/page"}],"author":[{"embeddable":true,"href":"https:\/\/www.baltupiuprogimnazija.vilnius.lm.lt\/index.php?rest_route=\/wp\/v2\/users\/8"}],"replies":[{"embeddable":true,"href":"https:\/\/www.baltupiuprogimnazija.vilnius.lm.lt\/index.php?rest_route=%2Fwp%2Fv2%2Fcomments&post=83816"}],"version-history":[{"count":5,"href":"https:\/\/www.baltupiuprogimnazija.vilnius.lm.lt\/index.php?rest_route=\/wp\/v2\/pages\/83816\/revisions"}],"predecessor-version":[{"id":83826,"href":"https:\/\/www.baltupiuprogimnazija.vilnius.lm.lt\/index.php?rest_route=\/wp\/v2\/pages\/83816\/revisions\/83826"}],"up":[{"embeddable":true,"href":"https:\/\/www.baltupiuprogimnazija.vilnius.lm.lt\/index.php?rest_route=\/wp\/v2\/pages\/4311"}],"wp:attachment":[{"href":"https:\/\/www.baltupiuprogimnazija.vilnius.lm.lt\/index.php?rest_route=%2Fwp%2Fv2%2Fmedia&parent=83816"}],"curies":[{"name":"wp","href":"https:\/\/api.w.org\/{rel}","templated":true}]}}