{"id":83445,"date":"2025-10-14T13:57:02","date_gmt":"2025-10-14T10:57:02","guid":{"rendered":"https:\/\/www.baltupiuprogimnazija.vilnius.lm.lt\/?page_id=83445"},"modified":"2025-10-14T14:01:22","modified_gmt":"2025-10-14T11:01:22","slug":"mokytoju-taryba","status":"publish","type":"page","link":"https:\/\/www.baltupiuprogimnazija.vilnius.lm.lt\/?page_id=83445","title":{"rendered":"Mokytoj\u0173 taryba"},"content":{"rendered":"<p>Mokytoj\u0173 taryba:<\/p>\n<ol>\n<li>Kristina Misi\u016bnien\u0117, direktoriaus pavaduotoja ugdymui &#8211; pirminink\u0117.<\/li>\n<li>Edita Koverovien\u0117, biologijos mokytoja &#8211; pirminink\u0117s pavaduotoja.<\/li>\n<li>Inga Vachninait\u0117-Voverien\u0117, logoped\u0117 &#8211; sekretor\u0117.<\/li>\n<li>Irena Rad\u017ei\u016bnien\u0117, specialioji pedagog\u0117.<\/li>\n<li>Virginija Kan\u010dauskien\u0117, socialin\u0117 pedagog\u0117.<\/li>\n<li>Inga Pakalnien\u0117, etikos, istorijos mokytoja.<\/li>\n<li>Olga Sviglinskien\u0117, pradini\u0173 klasi\u0173 mokytoja.<\/li>\n<li>Nerija Ju\u0161kait\u0117, pradini\u0173 klasi\u0173 mokytoja.<\/li>\n<li>Evelina Saliutait\u0117, istorijos mokytoja.<\/li>\n<li>Albina Zdanevi\u010dien\u0117, matematikos mokytoja.<\/li>\n<li>J\u016brat\u0117 Gabi\u016bnait\u0117, angl\u0173 kalbos mokytoja.<\/li>\n<li>Aurelija Balkuvien\u0117, lietuvi\u0173 kalbos ir literat\u016bros mokytoja.<\/li>\n<li>Daiva \u017dabien\u0117, geografijos mokytoja.<\/li>\n<li>Honorata Volynec, vokie\u010di\u0173 kalbos mokytoja.<\/li>\n<li>Vida Petronyt\u0117-Remeikien\u0117, pradini\u0173 klasi\u0173 mokytoja.<\/li>\n<li>Jurga Ginevi\u010dien\u0117, pradini\u0173 klasi\u0173 mokytoja.<\/li>\n<li>Egl\u0117 Ra\u010dkausk\u0117, angl\u0173 kalbos mokytoja.<\/li>\n<li>Romana Naus\u0117dien\u0117, pradini\u0173 klasi\u0173 mokytoja.<\/li>\n<li>Inga Sto\u010dkut\u0117-Tervydien\u0117, pradini\u0173 klasi\u0173 mokytoja.<\/li>\n<li>Aist\u0117 \u0160akalien\u0117, angl\u0173 kalbos mokytoja.<\/li>\n<li>Leonora Kr\u016bminien\u0117, fizinio ugdymo mokytoja.<\/li>\n<li>Asta Mitrikien\u0117, pradini\u0173 klasi\u0173 mokytoja.<\/li>\n<li>Danguol\u0117 Lauren\u010dikien\u0117, pradini\u0173 klasi\u0173 mokytoja.<\/li>\n<li>Jelena Daubarien\u0117, angl\u0173 kalbos mokytoja.<\/li>\n<\/ol>\n","protected":false},"excerpt":{"rendered":"<p>Mokytoj\u0173 taryba: Kristina Misi\u016bnien\u0117, direktoriaus pavaduotoja ugdymui &#8211; pirminink\u0117. Edita Koverovien\u0117, biologijos mokytoja &#8211; pirminink\u0117s pavaduotoja. Inga Vachninait\u0117-Voverien\u0117, logoped\u0117 &#8211; sekretor\u0117. Irena Rad\u017ei\u016bnien\u0117, specialioji pedagog\u0117. Virginija Kan\u010dauskien\u0117, socialin\u0117 pedagog\u0117. Inga Pakalnien\u0117, etikos, istorijos mokytoja. Olga Sviglinskien\u0117, pradini\u0173 klasi\u0173 mokytoja. Nerija Ju\u0161kait\u0117, pradini\u0173 klasi\u0173 mokytoja. Evelina Saliutait\u0117, istorijos mokytoja. Albina Zdanevi\u010dien\u0117, matematikos mokytoja. J\u016brat\u0117 Gabi\u016bnait\u0117, angl\u0173 [&hellip;]<\/p>\n","protected":false},"author":6,"featured_media":0,"parent":0,"menu_order":0,"comment_status":"closed","ping_status":"closed","template":"","meta":{"footnotes":""},"class_list":["post-83445","page","type-page","status-publish","hentry"],"_links":{"self":[{"href":"https:\/\/www.baltupiuprogimnazija.vilnius.lm.lt\/index.php?rest_route=\/wp\/v2\/pages\/83445","targetHints":{"allow":["GET"]}}],"collection":[{"href":"https:\/\/www.baltupiuprogimnazija.vilnius.lm.lt\/index.php?rest_route=\/wp\/v2\/pages"}],"about":[{"href":"https:\/\/www.baltupiuprogimnazija.vilnius.lm.lt\/index.php?rest_route=\/wp\/v2\/types\/page"}],"author":[{"embeddable":true,"href":"https:\/\/www.baltupiuprogimnazija.vilnius.lm.lt\/index.php?rest_route=\/wp\/v2\/users\/6"}],"replies":[{"embeddable":true,"href":"https:\/\/www.baltupiuprogimnazija.vilnius.lm.lt\/index.php?rest_route=%2Fwp%2Fv2%2Fcomments&post=83445"}],"version-history":[{"count":2,"href":"https:\/\/www.baltupiuprogimnazija.vilnius.lm.lt\/index.php?rest_route=\/wp\/v2\/pages\/83445\/revisions"}],"predecessor-version":[{"id":83450,"href":"https:\/\/www.baltupiuprogimnazija.vilnius.lm.lt\/index.php?rest_route=\/wp\/v2\/pages\/83445\/revisions\/83450"}],"wp:attachment":[{"href":"https:\/\/www.baltupiuprogimnazija.vilnius.lm.lt\/index.php?rest_route=%2Fwp%2Fv2%2Fmedia&parent=83445"}],"curies":[{"name":"wp","href":"https:\/\/api.w.org\/{rel}","templated":true}]}}