{"id":78364,"date":"2023-02-01T08:19:45","date_gmt":"2023-02-01T06:19:45","guid":{"rendered":"https:\/\/www.baltupiuprogimnazija.vilnius.lm.lt\/?page_id=78364"},"modified":"2026-03-20T14:28:47","modified_gmt":"2026-03-20T12:28:47","slug":"ugdymas-karjerai","status":"publish","type":"page","link":"https:\/\/www.baltupiuprogimnazija.vilnius.lm.lt\/?page_id=78364","title":{"rendered":"Karjeros ugdymas"},"content":{"rendered":"<section class=\"wpb-content-wrapper\"><p><span style=\"vertical-align: inherit;\"><span style=\"vertical-align: inherit;\">[vc_row][vc_column][vc_column_text]<\/span><\/span><\/p>\r\n<p><span style=\"vertical-align: inherit;\"><span style=\"vertical-align: inherit;\">Karjeros specialist\u0117 \u2013 etikos, istorijos mokytoja <\/span><\/span><em><strong><span style=\"vertical-align: inherit;\"><span style=\"vertical-align: inherit;\">Inga Pakalnien\u0117<\/span><\/span><\/strong><\/em><\/p>\r\n<p>El. p. inga.pakalniene@baltupiu.vilnius.lm.lt<\/p>\r\n<p><span style=\"vertical-align: inherit;\"><span style=\"vertical-align: inherit;\">Darbo laikas<\/span><\/span><\/p>\r\n<p><img decoding=\"async\" src=\"https:\/\/www.baltupiuprogimnazija.vilnius.lm.lt\/wp-content\/uploads\/2025\/10\/Inga-P.png\" \/><\/p>\r\n<p>&nbsp;<\/p>\r\n<div class=\"stm-page-head stm-page-head_size_small stm-page-head_color_white\">\r\n<div class=\"container\">\r\n<div class=\"stm-page-head__content\">\r\n<div class=\"stm-page-head__separator\"><span style=\"color: #595959; font-size: revert;\"><span style=\"vertical-align: inherit;\"><span style=\"vertical-align: inherit;\"><b>Karjeros ugdymas <\/b>\u2013 reik\u0161minga bendrojo ugdymo ir profesinio mokymo dalis, kurios ugdomasis poveikis besimokantiems svarbiems visam gyvenimui. <\/span><span style=\"vertical-align: inherit;\">\u0160iuolaikinio darbo pasaulio dinamika ir mokymosi galimybi\u0173 \u012fvairov\u0117 kelia gausyb\u0119 reikalavim\u0173 \u017emogui jo karjeros kelyje. <\/span><span style=\"vertical-align: inherit;\">Jam b\u016btinos karjeros kompetencijos, apibr\u0117\u017eiamos kaip nuostatos, \u017eini\u0173, supratimo ir geb\u0117jim\u0173 visuma, kuria pagr\u012fstas asmens sav\u0119s ir savo karjeros pa\u017einimas, jos planavimas, valdymas ir derinimas su kitais savo gyvenimo aspektais.<\/span><\/span><\/span><\/div>\r\n<\/div>\r\n<\/div>\r\n<\/div>\r\n<div class=\"content\">\r\n<div class=\"container\">\r\n<article id=\"post-4299\" class=\"post-4299 page type-page status-publish hentry\">\r\n<div class=\"entry-content\">\r\n<div class=\"vc_row wpb_row vc_row-fluid\">\r\n<div class=\"wpb_column vc_column_container vc_col-sm-9\">\r\n<div class=\"vc_column-inner\">\r\n<div class=\"wpb_wrapper\">\r\n<div class=\"vc_row wpb_row vc_inner vc_row-fluid\">\r\n<div class=\"wpb_column vc_column_container vc_col-sm-12\">\r\n<div class=\"vc_column-inner\">\r\n<div class=\"wpb_wrapper\">\r\n<div class=\"wpb_text_column wpb_content_element \">\r\n<div class=\"wpb_wrapper\">\r\n<p><strong><span style=\"vertical-align: inherit;\"><span style=\"vertical-align: inherit;\">Tikslas<\/span><\/span><\/strong><span style=\"vertical-align: inherit;\"><span style=\"vertical-align: inherit;\"> :<\/span><\/span><\/p>\r\n<p><span style=\"vertical-align: inherit;\"><span style=\"vertical-align: inherit;\">Sudaryti mokiniams ugdytis karjeros kompetencijos, b\u016btinas s\u0117kmingam mokymosi krypties, profesijos, darbin\u0117s veiklos pasirinkimui, per\u0117jimui i\u0161 mokymo aplinkos \u012f darbin\u0119 aplink\u0105, tolesnei profesinei raidai ir mokymuisi vis\u0105 gyvenim\u0105.<\/span><\/span><\/p>\r\n<p><strong><span style=\"vertical-align: inherit;\"><span style=\"vertical-align: inherit;\">U\u017edaviniai:<\/span><\/span><\/strong><\/p>\r\n<ul>\r\n<li><span style=\"vertical-align: inherit;\"><span style=\"vertical-align: inherit;\">Siekti, kad mokiniai pa\u017eint\u0173 savo asmenyb\u0117s savybes, gabumus, interesus, juos kriti\u0161kai vertint\u0173 ir taikyt\u0173 planuojant ir \u012fgyvendinant savo karjer\u0105.<\/span><\/span><\/li>\r\n<li><span style=\"vertical-align: inherit;\"><span style=\"vertical-align: inherit;\">Teikti reikaling\u0105 informacij\u0105 mokiniams, t\u0117vams apie profesij\u0105, tolesnio mokymosi, darbo ie\u0161ko ir \u012fsidarbinimo galimybes, mokyti rasti ir efektyviai naudoti karjeros informacij\u0105.<\/span><\/span><\/li>\r\n<li><span style=\"vertical-align: inherit;\"><span style=\"vertical-align: inherit;\">Siekti, kad mokiniai geb\u0117t\u0173 koreguoti karjeros ir gyvenimo tikslus, atsi\u017evelgiant \u012f asmeninius ir aplinkos poky\u010dius.<\/span><\/span><\/li>\r\n<\/ul>\r\n<p><strong><span style=\"vertical-align: inherit;\"><span style=\"vertical-align: inherit;\">Karjeros ugdym\u0105 reglamentuojantys dokumentai:<\/span><\/span><\/strong><\/p>\r\n<ul>\r\n<li><span style=\"vertical-align: inherit;\"><span style=\"vertical-align: inherit;\">Profesinio orientavimo vykdymo tvarkos apra\u0161as. <\/span><span style=\"vertical-align: inherit;\">2012.07.04. <\/span><span style=\"vertical-align: inherit;\">\u012fsak.Nr.V-1090\/A1-314;<\/span><\/span><\/li>\r\n<li><span style=\"vertical-align: inherit;\"><span style=\"vertical-align: inherit;\">Valstyb\u0117s projektas \u201eProfesinio orientavimo sistemos veiklos tobulinimas ir pl\u0117tra\u201c Nr. <\/span><span style=\"vertical-align: inherit;\">VPI-2.3-\u0160MM-01-V-01-002 \u201eUgdymo karjerai ir steb\u0117senos modeli\u0173 suk\u016brimas ir pl\u0117tra bendrajame lavinime ir profesiniame mokyme (I etapas)\u201c<\/span><\/span><\/li>\r\n<li><span style=\"vertical-align: inherit;\"><span style=\"vertical-align: inherit;\">Bendrojo lavinimo mokykl\u0173 ir profesinio mokymo \u012fstaig\u0173 mokini\u0173 ugdymo karjerai modelis. <\/span><span style=\"vertical-align: inherit;\">2011 09 28.<\/span><\/span><\/li>\r\n<\/ul>\r\n<p><strong><span style=\"vertical-align: inherit;\"><span style=\"vertical-align: inherit;\">Karjeros ugdymui informacin\u0117 interneto svetain\u0117:<\/span><\/span><\/strong><\/p>\r\n<ul>\r\n<li><a href=\"http:\/\/www.mukis.lt\/\"><span style=\"vertical-align: inherit;\"><span style=\"vertical-align: inherit;\">www.mukis.lt<\/span><\/span><\/a><\/li>\r\n<\/ul>\r\n<p>&nbsp;<\/p>\r\n<p>&nbsp;<\/p>\r\n<\/div>\r\n<\/div>\r\n<\/div>\r\n<\/div>\r\n<\/div>\r\n<\/div>\r\n<\/div>\r\n<\/div>\r\n<\/div>\r\n<\/div>\r\n<\/div>\r\n<\/article>\r\n<p>&nbsp;<\/p>\r\n<\/div>\r\n<\/div>\r\n\r\n<p>&nbsp;<\/p>\r\n<p><span style=\"vertical-align: inherit;\"><span style=\"vertical-align: inherit;\">[\/vc_column_text][\/vc_column][\/vc_row]<\/span><\/span><\/p><\/section>","protected":false},"excerpt":{"rendered":"<p>[vc_row][vc_column][vc_column_text] Karjeros specialist\u0117 \u2013 etikos, istorijos mokytoja Inga Pakalnien\u0117 El. p. inga.pakalniene@baltupiu.vilnius.lm.lt Darbo laikas &nbsp; Karjeros ugdymas \u2013 reik\u0161minga bendrojo ugdymo ir profesinio mokymo dalis, kurios ugdomasis poveikis besimokantiems svarbiems visam gyvenimui. \u0160iuolaikinio darbo pasaulio dinamika ir mokymosi galimybi\u0173 \u012fvairov\u0117 kelia gausyb\u0119 reikalavim\u0173 \u017emogui jo karjeros kelyje. Jam b\u016btinos karjeros kompetencijos, apibr\u0117\u017eiamos kaip nuostatos, \u017eini\u0173, [&hellip;]<\/p>\n","protected":false},"author":6,"featured_media":0,"parent":0,"menu_order":0,"comment_status":"closed","ping_status":"closed","template":"","meta":{"footnotes":""},"class_list":["post-78364","page","type-page","status-publish","hentry"],"_links":{"self":[{"href":"https:\/\/www.baltupiuprogimnazija.vilnius.lm.lt\/index.php?rest_route=\/wp\/v2\/pages\/78364","targetHints":{"allow":["GET"]}}],"collection":[{"href":"https:\/\/www.baltupiuprogimnazija.vilnius.lm.lt\/index.php?rest_route=\/wp\/v2\/pages"}],"about":[{"href":"https:\/\/www.baltupiuprogimnazija.vilnius.lm.lt\/index.php?rest_route=\/wp\/v2\/types\/page"}],"author":[{"embeddable":true,"href":"https:\/\/www.baltupiuprogimnazija.vilnius.lm.lt\/index.php?rest_route=\/wp\/v2\/users\/6"}],"replies":[{"embeddable":true,"href":"https:\/\/www.baltupiuprogimnazija.vilnius.lm.lt\/index.php?rest_route=%2Fwp%2Fv2%2Fcomments&post=78364"}],"version-history":[{"count":32,"href":"https:\/\/www.baltupiuprogimnazija.vilnius.lm.lt\/index.php?rest_route=\/wp\/v2\/pages\/78364\/revisions"}],"predecessor-version":[{"id":83737,"href":"https:\/\/www.baltupiuprogimnazija.vilnius.lm.lt\/index.php?rest_route=\/wp\/v2\/pages\/78364\/revisions\/83737"}],"wp:attachment":[{"href":"https:\/\/www.baltupiuprogimnazija.vilnius.lm.lt\/index.php?rest_route=%2Fwp%2Fv2%2Fmedia&parent=78364"}],"curies":[{"name":"wp","href":"https:\/\/api.w.org\/{rel}","templated":true}]}}