{"id":77327,"date":"2022-12-12T13:49:27","date_gmt":"2022-12-12T11:49:27","guid":{"rendered":"https:\/\/www.baltupiuprogimnazija.vilnius.lm.lt\/?page_id=77327"},"modified":"2024-10-29T11:33:11","modified_gmt":"2024-10-29T09:33:11","slug":"mokyklos-rysiai-su-isorine-aplinka-socialiniais-partneriais","status":"publish","type":"page","link":"https:\/\/www.baltupiuprogimnazija.vilnius.lm.lt\/?page_id=77327","title":{"rendered":"Ry\u0161iai su socialiniais partneriais"},"content":{"rendered":"<section class=\"wpb-content-wrapper\"><p>[vc_row][vc_column][vc_column_text]Progimnazija yra aktyvi Vilniaus miesto ir Lietuvos \u0161vietimo \u012fstaig\u0173 bendruomen\u0117s nar\u0117 ir partner\u0117. Bendradarbiaujame su Baltupi\u0173 akademinio miestelio mokymosi \u012fstaigomis:<\/p>\n<ul>\n<li>Mykolo Romerio universitetu;<\/li>\n<li>Vilniaus kolegijos men\u0173 ir ku\u0304rybini\u0173 technologij\u0173 fakultetu ir Vilniaus paslaug\u0173 verslo darbuotoj\u0173 profesinio rengimo centru.<\/li>\n<\/ul>\n<p>Socialiniai partneriai:<\/p>\n<ul>\n<li>Nacionalin\u0117 \u0161vietimo agent\u016bra;<\/li>\n<li>Lietuvos progimnazij\u0173 asociacija;<\/li>\n<li>Vilniaus vaik\u0173 lop\u0161elis-dar\u017eelis \u201eGintar\u0117lis\u201d;<\/li>\n<li>Vilniaus lop\u0161elis-dar\u017eelis \u201e\u0160ermuk\u0161n\u0117l\u0117\u201d;<\/li>\n<li>Vilniaus paslaug\u0173 verslo darbuotoj\u0173 profesinio mokymo centras;<\/li>\n<li>Vilniaus \u017dirm\u016bn\u0173 gimnazija;<\/li>\n<li>Vilniaus \u0160v. Kristoforo gimnazija;<\/li>\n<li>Vilniaus Tuskul\u0117n\u0173 gimnazija;<\/li>\n<li>Vilniaus Fabijoni\u0161ki\u0173 gimnazija;<\/li>\n<li>Vilniaus Senvag\u0117s gimnazija;<\/li>\n<li>A. Kulvie\u010dio klasikin\u0117 gimnazija;<\/li>\n<li>Vilniaus P. Vilei\u0161io progimnazija;<\/li>\n<li>Vilniaus Jeruzal\u0117s progimnazija;<\/li>\n<li>Vilniaus B. Radvilait\u0117s progimnazija;<\/li>\n<li>Vilniaus \u017demynos progimnazija;<\/li>\n<li>Vilniaus E. Pliateryt\u0117s progimnazija;<\/li>\n<li>Rie\u0161\u0117s gimnazija;<\/li>\n<li>Vilniaus kolegijos men\u0173 ir k\u016brybini\u0173 technologij\u0173 fakultetas, pedagogikos fakultetas;<\/li>\n<li>Mykolo Romerio universitetas;<\/li>\n<li>Vilniaus universitetas;<\/li>\n<li>Vytauto Did\u017eiojo universitetas;<\/li>\n<li>\u201eRobotikos akademija\u201c;<\/li>\n<li>Vilniaus jaun\u0173j\u0173 turist\u0173 centras;<\/li>\n<li>Vilniaus miesto savivaldyb\u0117s \u0160vietimo aplinkos skyrius;<\/li>\n<li>Specialiosios pedagogikos ir psichologijos centras;<\/li>\n<li>Vilniaus miesto pedagogin\u0117 psichologin\u0117 tarnyba;<\/li>\n<li>Sutrikusios raidos vaik\u0173 konsultavimo skyrius;<\/li>\n<li>Vilniaus apskrities VPK 1 14 Policijos komisariatas;<\/li>\n<li>Vilniaus miesto Vaiko teisi\u0173 apsaugos skyriaus Pagalbos vaikui organizavimo poskyris;<\/li>\n<li>Vilniaus arkivyskupijos Caritas Motinos ir vaiko namai;<\/li>\n<li>Verki\u0173 seni\u016bnija;<\/li>\n<li>Vilniaus pa\u017eangos \u0161vietimo centras;<\/li>\n<li>Antakalnio ligonin\u0117;<\/li>\n<li>Lietuvos radijas ir televizija (su mokyklos radiju);<\/li>\n<li>Sporto klubas \u201eBudora\u201c;<\/li>\n<li>Muzikos mokykla \u201eYamaha\u201c;<\/li>\n<li>Vilniaus miesto logoped\u0173 ir speciali\u0173j\u0173 pedagog\u0173 metodinis b\u016brelis;<\/li>\n<li>Vilniaus Gedimino technikos universiteto laboratorija Linkmen\u0173 fabrikas;<\/li>\n<li>Vilniaus miesto socialin\u0117s paramos centras;<\/li>\n<li>Lietuvos nacionalin\u0117 Martyno Ma\u017evydo biblioteka;<\/li>\n<li>Vilniaus apskrities vie\u0161oji Adomo Mickevi\u010diaus biblioteka;<\/li>\n<li>Lietuvos audiosensorin\u0117 biblioteka;<\/li>\n<li>Taurag\u0117s pagalbos mokiniui ir mokytojui centras.<\/li>\n<\/ul>\n<p>&nbsp;<\/p>\n<p>Pasira\u0161ytos bendradarbiavimo sutartys su:<\/p>\n<ul>\n<li>\u201e\u0160atrijos\u201c klubu;<\/li>\n<li>Vilniaus sporto mokykla \u201eTauras\u201c;<\/li>\n<li>Vilniaus krep\u0161inio mokykla;<\/li>\n<li>Babt\u0173 medelynu.<\/li>\n<\/ul>\n<p>[\/vc_column_text][\/vc_column][\/vc_row]<\/p>\n<\/section>","protected":false},"excerpt":{"rendered":"<p>[vc_row][vc_column][vc_column_text]Progimnazija yra aktyvi Vilniaus miesto ir Lietuvos \u0161vietimo \u012fstaig\u0173 bendruomen\u0117s nar\u0117 ir partner\u0117. Bendradarbiaujame su Baltupi\u0173 akademinio miestelio mokymosi \u012fstaigomis: Mykolo Romerio universitetu; Vilniaus kolegijos men\u0173 ir ku\u0304rybini\u0173 technologij\u0173 fakultetu ir Vilniaus paslaug\u0173 verslo darbuotoj\u0173 profesinio rengimo centru. Socialiniai partneriai: Nacionalin\u0117 \u0161vietimo agent\u016bra; Lietuvos progimnazij\u0173 asociacija; Vilniaus vaik\u0173 lop\u0161elis-dar\u017eelis \u201eGintar\u0117lis\u201d; Vilniaus lop\u0161elis-dar\u017eelis \u201e\u0160ermuk\u0161n\u0117l\u0117\u201d; Vilniaus paslaug\u0173 [&hellip;]<\/p>\n","protected":false},"author":6,"featured_media":0,"parent":0,"menu_order":0,"comment_status":"closed","ping_status":"closed","template":"","meta":{"footnotes":""},"class_list":["post-77327","page","type-page","status-publish","hentry"],"_links":{"self":[{"href":"https:\/\/www.baltupiuprogimnazija.vilnius.lm.lt\/index.php?rest_route=\/wp\/v2\/pages\/77327","targetHints":{"allow":["GET"]}}],"collection":[{"href":"https:\/\/www.baltupiuprogimnazija.vilnius.lm.lt\/index.php?rest_route=\/wp\/v2\/pages"}],"about":[{"href":"https:\/\/www.baltupiuprogimnazija.vilnius.lm.lt\/index.php?rest_route=\/wp\/v2\/types\/page"}],"author":[{"embeddable":true,"href":"https:\/\/www.baltupiuprogimnazija.vilnius.lm.lt\/index.php?rest_route=\/wp\/v2\/users\/6"}],"replies":[{"embeddable":true,"href":"https:\/\/www.baltupiuprogimnazija.vilnius.lm.lt\/index.php?rest_route=%2Fwp%2Fv2%2Fcomments&post=77327"}],"version-history":[{"count":11,"href":"https:\/\/www.baltupiuprogimnazija.vilnius.lm.lt\/index.php?rest_route=\/wp\/v2\/pages\/77327\/revisions"}],"predecessor-version":[{"id":82399,"href":"https:\/\/www.baltupiuprogimnazija.vilnius.lm.lt\/index.php?rest_route=\/wp\/v2\/pages\/77327\/revisions\/82399"}],"wp:attachment":[{"href":"https:\/\/www.baltupiuprogimnazija.vilnius.lm.lt\/index.php?rest_route=%2Fwp%2Fv2%2Fmedia&parent=77327"}],"curies":[{"name":"wp","href":"https:\/\/api.w.org\/{rel}","templated":true}]}}