{"id":76585,"date":"2022-10-14T11:49:36","date_gmt":"2022-10-14T08:49:36","guid":{"rendered":"https:\/\/www.baltupiuprogimnazija.vilnius.lm.lt\/?page_id=76585"},"modified":"2024-12-30T08:46:01","modified_gmt":"2024-12-30T06:46:01","slug":"ugdymo-turinio-atnaujinimas-uta","status":"publish","type":"page","link":"https:\/\/www.baltupiuprogimnazija.vilnius.lm.lt\/?page_id=76585","title":{"rendered":"Ugdymo turinio atnaujinimas (UTA)"},"content":{"rendered":"<section class=\"wpb-content-wrapper\"><p>[vc_row][vc_column][stm_icon_box icon_position=&#8221;left&#8221; icon_color=&#8221;green&#8221; title=&#8221;Ugdymo turinio atnaujinimo darbo grup\u0117&#8221; title_link=&#8221;url:https%3A%2F%2Fwww.baltupiuprogimnazija.vilnius.lm.lt%2Fwp-content%2Fuploads%2F2023%2F10%2FUTA-darbo-grupe.pdf|title:Ugdymo%20turinio%20atnaujinimo%20darbo%20grup%C4%97|target:_blank&#8221; icon_fontawesome=&#8221;far fa-file-pdf&#8221; icon_size=&#8221;20px&#8221;][stm_icon_box icon_position=&#8221;left&#8221; icon_color=&#8221;green&#8221; title=&#8221;Ugdymo turinio atnaujinimas (UTA). K\u0105 reikia \u017einoti?&#8221; title_link=&#8221;url:https%3A%2F%2Fwww.baltupiuprogimnazija.vilnius.lm.lt%2Fwp-content%2Fuploads%2F2022%2F11%2F1.ugdymo-turinio-atnaujinimas.pdf|title:Ugdymo%20turinio%20atnaujinimas%20(UTA).%20K%C4%85%20reikia%20%C5%BEinoti%3F%20|target:_blank&#8221; icon_fontawesome=&#8221;far fa-file-pdf&#8221; icon_size=&#8221;20px&#8221;][stm_icon_box icon_position=&#8221;left&#8221; icon_color=&#8221;green&#8221; title=&#8221;Ugdymo turinio kaitos aktualijos, \u012fgyvendinimo galimyb\u0117s&#8221; title_link=&#8221;url:https%3A%2F%2Fwww.baltupiuprogimnazija.vilnius.lm.lt%2Fwp-content%2Fuploads%2F2022%2F10%2FUTA-2022-1.pdf|title:Ugdymo%20turinio%20kaitos%20aktualijos%2C%20%C4%AFgyvendinimo%20galimyb%C4%97s|target:_blank&#8221; icon_fontawesome=&#8221;far fa-file-pdf&#8221; icon_size=&#8221;20px&#8221;][stm_icon_box icon_position=&#8221;left&#8221; icon_color=&#8221;green&#8221; title=&#8221;Mokytojams apie kompetencijas&#8221; title_link=&#8221;url:https%3A%2F%2Fwww.baltupiuprogimnazija.vilnius.lm.lt%2Fwp-content%2Fuploads%2F2022%2F11%2F4.Mokytojams-apie-kompetencijas.pdf|title:Mokytojams%20apie%20kompetencijas|target:_blank&#8221; icon_fontawesome=&#8221;far fa-file-pdf&#8221; icon_size=&#8221;20px&#8221;][stm_icon_box icon_position=&#8221;left&#8221; icon_color=&#8221;green&#8221; title=&#8221;Pamoka pagal atnaujintas ugdymo programas&#8221; title_link=&#8221;url:https%3A%2F%2Fwww.baltupiuprogimnazija.vilnius.lm.lt%2Fwp-content%2Fuploads%2F2023%2F01%2FPAMOKA-PAGAL-ATNAUJINTAS-UGDYMO-PROGRAMAS.pdf|title:Pamoka%20pagal%20atnaujintas%20ugdymo%20programas|target:_blank&#8221; icon_fontawesome=&#8221;far fa-file-pdf&#8221; icon_size=&#8221;20px&#8221;][stm_icon_box icon_position=&#8221;left&#8221; icon_color=&#8221;green&#8221; title=&#8221;Yra svarbu, ko mokosi mokiniai: koks turi b\u016bti XXI am\u017eiaus ugdymo turinys&#8221; title_link=&#8221;url:https%3A%2F%2Fwww.baltupiuprogimnazija.vilnius.lm.lt%2Fwp-content%2Fuploads%2F2023%2F01%2FEBPO_Ko-mokosi-mokiniai-viesinimui.pdf|title:Yra%20svarbu%20%3A%20ko%20mokosi%20mokiniai|target:_blank&#8221; icon_fontawesome=&#8221;far fa-file-pdf&#8221; icon_size=&#8221;20px&#8221;][\/vc_column][\/vc_row][vc_row][vc_column][stm_icon_box icon_position=&#8221;left&#8221; icon_color=&#8221;green&#8221; title=&#8221;T\u0117vams apie ugdymo turinio atnaujinim\u0105 (UTA)&#8221; title_link=&#8221;url:https%3A%2F%2Fwww.baltupiuprogimnazija.vilnius.lm.lt%2Fwp-content%2Fuploads%2F2022%2F10%2FTevams-apie-UTA.pdf|title:T%C4%97vams%20apie%20ugdymo%20turinio%20atnaujinim%C4%85%20(UTA)|target:_blank&#8221; icon_fontawesome=&#8221;far fa-file-pdf&#8221; icon_size=&#8221;20px&#8221;][\/vc_column][\/vc_row][vc_row][vc_column][stm_icon_box icon_position=&#8221;left&#8221; icon_color=&#8221;green&#8221; title=&#8221;Atnaujintos bendrosios programos (patvirtintos 2022-09-30)&#8221; title_link=&#8221;url:https%3A%2F%2Fwww.emokykla.lt%2Fbendrasis%2Fbendrosios-programos%2Fatnaujintos-bendrosios-programos|title:Atnaujintos%20%20bendrosios%20programos%20(patvirtintos%20(2022-09-30)|target:_blank&#8221; icon_fontawesome=&#8221;stm-icon stm-icon-website&#8221;][stm_icon_box icon_position=&#8221;left&#8221; icon_color=&#8221;green&#8221; icon_fontawesome=&#8221;stm-icon stm-icon-website&#8221; title=&#8221;Bendr\u0173j\u0173 program\u0173 \u012fgyvendinimo rekomendacij\u0173 panaudojimo galimyb\u0117s 2022\u20132023 m. m.&#8221; title_link=&#8221;url:https%3A%2F%2Fwww.youtube.com%2Fplaylist%3Flist%3DPLb3M6Z90Z4rRf8MMXfrKj_2hWlkqxN9N7|title:Bendr%C5%B3j%C5%B3%20program%C5%B3%20%C4%AFgyvendinimo%20rekomendacij%C5%B3%20panaudojimo%20galimyb%C4%97s%202022%E2%80%932023%20m.%20m.|target:_blank&#8221;][\/vc_column][\/vc_row]<\/p>\n<\/section>","protected":false},"excerpt":{"rendered":"<p>[vc_row][vc_column][stm_icon_box icon_position=&#8221;left&#8221; icon_color=&#8221;green&#8221; title=&#8221;Ugdymo turinio atnaujinimo darbo grup\u0117&#8221; title_link=&#8221;url:https%3A%2F%2Fwww.baltupiuprogimnazija.vilnius.lm.lt%2Fwp-content%2Fuploads%2F2023%2F10%2FUTA-darbo-grupe.pdf|title:Ugdymo%20turinio%20atnaujinimo%20darbo%20grup%C4%97|target:_blank&#8221; icon_fontawesome=&#8221;far fa-file-pdf&#8221; icon_size=&#8221;20px&#8221;][stm_icon_box icon_position=&#8221;left&#8221; icon_color=&#8221;green&#8221; title=&#8221;Ugdymo turinio atnaujinimas (UTA). K\u0105 reikia \u017einoti?&#8221; title_link=&#8221;url:https%3A%2F%2Fwww.baltupiuprogimnazija.vilnius.lm.lt%2Fwp-content%2Fuploads%2F2022%2F11%2F1.ugdymo-turinio-atnaujinimas.pdf|title:Ugdymo%20turinio%20atnaujinimas%20(UTA).%20K%C4%85%20reikia%20%C5%BEinoti%3F%20|target:_blank&#8221; icon_fontawesome=&#8221;far fa-file-pdf&#8221; icon_size=&#8221;20px&#8221;][stm_icon_box icon_position=&#8221;left&#8221; icon_color=&#8221;green&#8221; title=&#8221;Ugdymo turinio kaitos aktualijos, \u012fgyvendinimo galimyb\u0117s&#8221; title_link=&#8221;url:https%3A%2F%2Fwww.baltupiuprogimnazija.vilnius.lm.lt%2Fwp-content%2Fuploads%2F2022%2F10%2FUTA-2022-1.pdf|title:Ugdymo%20turinio%20kaitos%20aktualijos%2C%20%C4%AFgyvendinimo%20galimyb%C4%97s|target:_blank&#8221; icon_fontawesome=&#8221;far fa-file-pdf&#8221; icon_size=&#8221;20px&#8221;][stm_icon_box icon_position=&#8221;left&#8221; icon_color=&#8221;green&#8221; title=&#8221;Mokytojams apie kompetencijas&#8221; title_link=&#8221;url:https%3A%2F%2Fwww.baltupiuprogimnazija.vilnius.lm.lt%2Fwp-content%2Fuploads%2F2022%2F11%2F4.Mokytojams-apie-kompetencijas.pdf|title:Mokytojams%20apie%20kompetencijas|target:_blank&#8221; icon_fontawesome=&#8221;far fa-file-pdf&#8221; icon_size=&#8221;20px&#8221;][stm_icon_box icon_position=&#8221;left&#8221; icon_color=&#8221;green&#8221; title=&#8221;Pamoka pagal atnaujintas ugdymo programas&#8221; title_link=&#8221;url:https%3A%2F%2Fwww.baltupiuprogimnazija.vilnius.lm.lt%2Fwp-content%2Fuploads%2F2023%2F01%2FPAMOKA-PAGAL-ATNAUJINTAS-UGDYMO-PROGRAMAS.pdf|title:Pamoka%20pagal%20atnaujintas%20ugdymo%20programas|target:_blank&#8221; icon_fontawesome=&#8221;far [&hellip;]<\/p>\n","protected":false},"author":6,"featured_media":0,"parent":0,"menu_order":0,"comment_status":"closed","ping_status":"closed","template":"","meta":{"footnotes":""},"class_list":["post-76585","page","type-page","status-publish","hentry"],"_links":{"self":[{"href":"https:\/\/www.baltupiuprogimnazija.vilnius.lm.lt\/index.php?rest_route=\/wp\/v2\/pages\/76585","targetHints":{"allow":["GET"]}}],"collection":[{"href":"https:\/\/www.baltupiuprogimnazija.vilnius.lm.lt\/index.php?rest_route=\/wp\/v2\/pages"}],"about":[{"href":"https:\/\/www.baltupiuprogimnazija.vilnius.lm.lt\/index.php?rest_route=\/wp\/v2\/types\/page"}],"author":[{"embeddable":true,"href":"https:\/\/www.baltupiuprogimnazija.vilnius.lm.lt\/index.php?rest_route=\/wp\/v2\/users\/6"}],"replies":[{"embeddable":true,"href":"https:\/\/www.baltupiuprogimnazija.vilnius.lm.lt\/index.php?rest_route=%2Fwp%2Fv2%2Fcomments&post=76585"}],"version-history":[{"count":11,"href":"https:\/\/www.baltupiuprogimnazija.vilnius.lm.lt\/index.php?rest_route=\/wp\/v2\/pages\/76585\/revisions"}],"predecessor-version":[{"id":82583,"href":"https:\/\/www.baltupiuprogimnazija.vilnius.lm.lt\/index.php?rest_route=\/wp\/v2\/pages\/76585\/revisions\/82583"}],"wp:attachment":[{"href":"https:\/\/www.baltupiuprogimnazija.vilnius.lm.lt\/index.php?rest_route=%2Fwp%2Fv2%2Fmedia&parent=76585"}],"curies":[{"name":"wp","href":"https:\/\/api.w.org\/{rel}","templated":true}]}}