{"id":73260,"date":"2022-03-15T14:46:49","date_gmt":"2022-03-15T12:46:49","guid":{"rendered":"https:\/\/www.baltupiuprogimnazija.vilnius.lm.lt\/?page_id=73260"},"modified":"2026-03-31T17:24:50","modified_gmt":"2026-03-31T14:24:50","slug":"mums-dekoja","status":"publish","type":"page","link":"https:\/\/www.baltupiuprogimnazija.vilnius.lm.lt\/?page_id=73260","title":{"rendered":"Mums d\u0117koja"},"content":{"rendered":"<section class=\"wpb-content-wrapper\"><p>[vc_row][vc_column][\/vc_column][\/vc_row][vc_row][vc_column][vc_column_text]Esu Jums be galo d\u0117kinga. Kitas s\u016bnus mokosi priva\u010dioje mokykloje, tad ai\u0161kiai matau, kad J\u016bs \u2013 gerokai auk\u0161\u010diau u\u017e privat\u0173 ugdym\u0105. Labai d\u017eiaugiuosi, kad s\u016bnus mokosi Baltupi\u0173 progimnazijoje.<\/p>\n<p style=\"text-align: right;\"><em>Kovas, 2026 m.\u00a0<\/em><\/p>\n<p>&nbsp;<\/p>\n<p>Norime perduoti nuo\u0161ird\u017ei\u0105 pad\u0117k\u0105 Mokytojai u\u017e jos kantryb\u0119, atsidavim\u0105 ir geb\u0117jim\u0105 \u012fkv\u0117pti net sunkiausius mokinius. Jos pastangos padeda kiekvienam mokiniui atrasti savo stiprybes, o pasiekti rezultatai, tai matomas jos darbo ir r\u016bpes\u010dio rodiklis. \u0160i mokytoja ne tik moko, bet ir formuoja charakter\u012f, dr\u0105s\u0105 ir pasitik\u0117jim\u0105 savimi. Dukra labai vertina jos geb\u0117jim\u0105 i\u0161girsti, palaikyti ir \u012fkv\u0117pti kiekvien\u0105 dien\u0105. D\u0117kojame u\u017e tai, kad kiekvienas dukros pasiekimas buvo lydimas mokytojos palaikymu, r\u016bpes\u010diu ir pagalba. D\u0117kojame Mokytojai u\u017e jos kantryb\u0119 ir atsidavim\u0105 su m\u016bs\u0173 klase, kurios kelias ne visada buvo lengvas. Linkime sveikatos, stipryb\u0117s ir nei\u0161senkan\u010dios energijos, kad kiekviena pamoka tapt\u0173 \u0161viesa mokini\u0173 keliui!<\/p>\n<p style=\"text-align: right;\"><em>Vasaris, 2026 m.\u00a0<\/em><\/p>\n<p>&nbsp;<\/p>\n<p>Mokyklos administracijai. \u0160iek tiek pav\u0117luotai, gerokai po renginio noriu pad\u0117koti u\u017e diskotekos iniciatyv\u0105. Mano merginos buvo labai patenkintos renginiu. Sak\u0117, kad gal\u0117jo b\u016bti ilgiau. Tikiuosi, kad ir j\u016bs matote kaip pavykus\u012f ir ateityje bus dar ne viena.<\/p>\n<p style=\"text-align: right;\"><em>Vasaris, 2026 m.<\/em><\/p>\n<p>Nor\u0117\u010diau pad\u0117koti mokyklos administracijai, b\u016breli\u0173 vadov\u0117ms, socialinei pedagogei Ronaldai, logopedei\u00a0Daivai ir mokytojai Jurgitai. Esu labai laiminga, kad Gertr\u016bda savo pirm\u0105j\u0105 klas\u0119 buvo apsupta \u0161i\u0173 nuostabi\u0173 \u017emoni\u0173, kurie vaikui buvo ir yra pavyzdys. \u0160eimoje turiu pedagog\u0173, tad \u017einau, kokia nelengva tai misija ir didel\u0117 atsakomyb\u0117.<\/p>\n<p style=\"text-align: right;\"><em>Rugs\u0117jis, 2025 m<\/em>.<\/p>\n<p>&nbsp;<\/p>\n<p>J\u016bs\u0173 visa administracija puikiai dirbanti &#8211; neabejotinai yra ko i\u0161 J\u016bs\u0173 pasimokyti darbine prasme.<\/p>\n<p>Vaikai su d\u017eiaugsmu lanko \u0161i\u0105 mokykl\u0105, i\u0161 m\u016bs\u0173, kaip t\u0117v\u0173, ir vaik\u0173 pus\u0117s kuo geriausios rekomendacijos.<\/p>\n<p style=\"text-align: right;\"><em>Spalis, 2024 m.<\/em><\/p>\n<p>&nbsp;<\/p>\n<p>Pirma, tai noriu pasid\u017eiaugti \u0161ia mokykla ir jos mikroklimatu. Pirma klas\u0117, tai viskas dar labai nauja, \u0161vie\u017eia ir nepatirta, bet per tas pirmas savaites (o iki tol ir per atvir\u0173 dur\u0173 dienas, pristatant dokumentus \u012f ra\u0161tin\u0119) pasijaut\u0117, kad \u010dia dirba nuo\u0161ird\u016bs, r\u016bpestingi ir savo darb\u0105 ir vaikus mylintys \u017emon\u0117s. Visi d\u0117mesingi, paslaug\u016bs, malon\u016bs. N\u0117ra pervargusi\u0173, nepatenkint\u0173, nenorin\u010di\u0173 \u010dia b\u016bti \u017emoni\u0173.<\/p>\n<p>\u0160iandien pakalbintas ir gav\u0119s d\u0117mesio vaikas jaut\u0117si labai svarbus ir i\u0161klausytas (O kalb\u0117ti jis labai m\u0117gsta :)). Tod\u0117l palyd\u0117jus iki klas\u0117s pasak\u0117, kad a\u0161 jau galiu eiti, nors iki tol atsiskyrimai b\u016bdavo sunkoki ir li\u016bdni! A\u010di\u016b Jums ir J\u016bs\u0173 komandai!<\/p>\n<p>Antra, pavyko susiderinti visk\u0105 taip puikiai, kad vaikas lankys ir keramik\u0105 (savo svajon\u0117s i\u0161sipildym\u0105, kaip pats \u012fvardino), ir robotik\u0105, kuri\u0105 irgi labai m\u0117gsta.<\/p>\n<p>Dar kart\u0105 a\u010di\u016b!<\/p>\n<p style=\"text-align: right;\"><em>Rugs\u0117jis, 2024 m.\u00a0<\/em><\/p>\n<p>&nbsp;<\/p>\n<p>A\u010di\u016b\u016b\u016b\u016b! Ma\u010diau daug rus\u0117jo 1-osios \u0161ven\u010di\u0173, bet J\u016bs suk\u016br\u0117t stebukl\u0105 vis\u0173 m\u016bs\u0173 miest\u0173 mastu&#8230; u\u017ek\u0117l\u0117t kartel\u0119 ohoho! Super, ne tik vaikam, bet ir t\u0117vam ir bendruomenei! Buvo be galo nuostabu, norim norim norim daaaar! \u0160aunuoliai!!!! A\u010cI\u016a!!!!<\/p>\n<p style=\"text-align: right;\"><em>Rugs\u0117jis, 2024 m.\u00a0<\/em><\/p>\n<p>&nbsp;<\/p>\n<p>Advento laikotarpis &#8211; puikus laikas d\u0117kingumui. Noriu pasid\u017eiaugti J\u016bs\u0173 mokyklos bendruomene. Dukra da\u017enai d\u017eiaugiasi puikiais ir gerai savo dalyk\u0105 i\u0161manan\u010diais pedagogais, pozityvia mokyklos aplinka. Ypating\u0105 pad\u0117k\u0105 skiriu mokyklos visuomen\u0117s sveikatos specialistei, kuri visada atsako \u012f visus r\u016bpimus klausimus, konsultuoja t\u0117vus, veda \u012fdomias paskaitas mokiniams, yra labai maloni ir profesionali.<\/p>\n<p>Gra\u017ei\u0173 art\u0117jan\u010di\u0173 \u0161ven\u010di\u0173!<\/p>\n<p style=\"text-align: right;\"><em>Gruodis, 2023 m.\u00a0<\/em><\/p>\n<p>&nbsp;<\/p>\n<p>Nuo\u0161ird\u017eiai d\u0117koju Erasmus projekto organizatoriams. Ypatinga pad\u0117ka mokytojams u\u017e puikiai kartu praleist\u0105 laik\u0105, u\u017e energij\u0105, u\u017e ry\u017et\u0105, u\u017e pagalb\u0105 ir u\u017e galimyb\u0119 sudalyvauti \u0161iame projekte. Vaikams tai i\u0161liks atmintyje vis\u0105 gyvenim\u0105. Didelis a\u010di\u016b direktorei, kad m\u016bs\u0173 mokykloje vyksta tokie projektai ir u\u017e tai, kad m\u016bs\u0173 mokykla tokia jauki. \u010cia s\u016bnaus pasteb\u0117jimas apie m\u016bs\u0173 mokyklos jaukum\u0105:). Kaip nor\u0117t\u0173si, kad tokie projektai t\u0119st\u0173si ir ateityje. <span class=\"pq6dq46d tbxw36s4 knj5qynh kvgmc6g5 ditlmg2l oygrvhab nvdbi5me sf5mxxl7 gl3lb2sf hhz5lgdu\"><img loading=\"lazy\" decoding=\"async\" src=\"https:\/\/static.xx.fbcdn.net\/images\/emoji.php\/v9\/t4c\/1\/16\/1f642.png\" alt=\"?\" width=\"16\" height=\"16\" \/><\/span><\/p>\n<p style=\"text-align: right;\"><em>Kovas, 2022 m.<\/em><\/p>\n<p style=\"text-align: left;\">Tai tikros pagalbos ir empatijos m\u016bs\u0173 broliams ir ses\u0117ms atspindys, kasdien pasitinkantis Kseni\u0105 ir jos ma\u017e\u0105j\u0105 Milen\u0105.<\/p>\n<p style=\"text-align: left;\">Nepaprastai did\u017eiuojuosi, kad aplink mus yra \u012fstaig\u0173, kurios nesudvejojusios pagelb\u0117ja, nesidangsto \u201enei\u0161\u0161lifuotais\u201d algoritmais.<\/p>\n<p style=\"text-align: left;\">Vilniaus Baltupi\u0173 progimnazija pademonstravo labai reikaling\u0105 ir tikr\u0105 lyderyst\u0119, kai net nesudvejojusi i\u0161ties\u0117 pagalbos rank\u0105 Ukrainos mamai ir dukrai! Rezultatas: mama jau turi mokytojo pad\u0117j\u0117jos darb\u0105, o dukt\u0117 neatsid\u017eiaugia klasiokais ir naujai i\u0161mokstamais lietuvi\u0161kais \u017eod\u017eiais.<\/p>\n<p style=\"text-align: right;\"><em>Kovas, 2022 m<\/em>.<\/p>\n<p>&nbsp;<\/p>\n<p>&nbsp;<\/p>\n<p>Skubu pasid\u017eiaugti ir pad\u0117koti jums u\u017e mokyklos vykdomus projektus. Konkre\u010diu atveju u\u017e Erasmus+ projekt\u0105.<\/p>\n<p style=\"text-align: left;\">Pra\u0117jusi\u0105 savait\u0119 m\u016bs\u0173 dukra su Erasmus+ vaikais vyko \u012f Turkij\u0105. Vis\u0173 pirma, esame labai d\u0117kingi mokytojams u\u017e toki\u0105 skland\u017ei\u0105 ir piln\u0105 \u012fsp\u016bd\u017ei\u0173 kelion\u0119. Tuo pa\u010diu norisi pad\u0117koti ir visai mokyklos administracijai, kuri prisid\u0117jo ir prisideda prie \u0161io projekto. Vaikams tai ne\u012fkainojama patirtis. Vykdydama tokio turinio projektus mokykla stipriai augina savo vard\u0105 ir \u012fvaizd\u012f. Skatina ne tik vaikus labiau \u012fsitraukti \u012f mokyklos bendruomen\u0119, bet ir pa\u010dius t\u0117vus.<\/p>\n<p style=\"text-align: left;\">Labai tikiuosi, kad mokykla ir toliau t\u0119s Erasmus+ program\u0105. Tai itin stiprus stimulas ma\u017eiesiems mokiniams.<\/p>\n<p style=\"text-align: right;\"><em>Kovas, 2022 m.<\/em><\/p>\n<p>&nbsp;<\/p>\n<p>&nbsp;<\/p>\n<p>Kiek pasakojo s\u016bnus, jis labai did\u017eiuojasi savo mokykla, kokia ji \u0161iuolaiki\u0161ka, gra\u017ei ir \u0161ilta ? A\u010di\u016b Jums!<\/p>\n<p style=\"text-align: right;\"><em>Kovas, 2022 m. <\/em><\/p>\n<p>&nbsp;<\/p>\n<p>Labai d\u017eiaugiam\u0117s kontaktiniu mokymu ir tikim\u0117s, kad kuo ilgiau j\u012f tur\u0117sime!<br \/>\nS\u0117km\u0117s jums ir toliau puikiai valdant situacij\u0105! A\u010di\u016b!<\/p>\n<p><strong>\u00a0<\/strong><\/p>\n<p>&nbsp;<\/p>\n<p>Esame d\u0117kingi visos \u0161eimos vardu u\u017e \u0161vent\u0119, kuri\u0105 padovanojote mums!<br \/>\nVaikas vakar buvo apdovanotas d\u0117mesiu, \u012fvertinimu, pripa\u017einimu u\u017e jo pastangas, rezultatus! Mes \u0161eimoje juo be galo did\u017eiuojam\u0117s ir \u017einome, jog tai nevyksta be J\u016bs\u0173, be Mokytoj\u0173.<\/p>\n<p>&nbsp;<\/p>\n<p>&nbsp;<\/p>\n<p>S\u016bnus parsine\u0161\u0117 \u012f namus Pad\u0117k\u0105, labai labai d\u017eiaugiam\u0117s jo pasiekimais!<\/p>\n<p>&nbsp;<\/p>\n<p>&nbsp;<\/p>\n<p>Vakar vakare per vykus\u012f i\u0161pl\u0117stin\u012f nuotolin\u012f klas\u0117s t\u0117v\u0173 pos\u0117d\u012f jau beliko tik d\u017eiaugtis nauju tvarkara\u0161\u010diu ir d\u0117koti vieni kitiems.<\/p>\n<p>&nbsp;<\/p>\n<p>Viskas juda teisinga linkme. \u0160aunuoliai.<\/p>\n<p>&nbsp;<\/p>\n<p>&nbsp;<\/p>\n<p>Kaip did\u017eiuojuosi, kad b\u016btent J\u016bs esate mano vaiko mokykla (ma\u017eas dar<br \/>\n\u0161pokiukas, u\u017e keli\u0173 met\u0173 pas Jus ateis), ir kaip d\u017eiaugiuosi, kad<br \/>\nprisijung\u0117te prie iniciatyvos GoRED!<br \/>\n<a href=\"http:\/\/www.baltupiuprogimnazija.vilnius.lm.lt\/2020\/10\/go-red-iniciatyva\/\">http:\/\/www.baltupiuprogimnazija.vilnius.lm.lt\/2020\/10\/go-red-iniciatyva\/<\/a><br \/>\nD\u0117koju u\u017e tai viso Lietuvos akl\u0173j\u0173 bibliotekos kolektyvo vardu! Labai<br \/>\nnorisi pad\u0117ti \u0161iems vaikams, n\u0117ra jiems paprasta gyventi ir mokytis&#8230;<br \/>\nNors pavadinimas m\u016bs\u0173 senas, bet dirbame moderniai ir<br \/>\nsu visomis vartotoj\u0173 grup\u0117mis, kurios negali skaityti \u012fprasto<br \/>\nspausdinto teksto.<br \/>\nJei kuriam mokinukui sunku skaityti &#8211; si\u0173skite pas mus, \u012fduosime<br \/>\ngarsin\u0119 knyg\u0105 ? ir pakviesime \u012f disleksijos popietes, kur daug toki\u0173<br \/>\npa\u010di\u0173 susirenka ?<br \/>\nSiun\u010diame link\u0117jimus visam J\u016bs\u0173 kolektyvui ?<\/p>\n<p>&nbsp;<\/p>\n<p>&nbsp;<\/p>\n<p>&nbsp;<\/p>\n<p>\u0160iais mokslo metais m\u016bs\u0173 s\u016bnus prad\u0117jo lankyti pirm\u0105 klas\u0119. Kaip turb\u016bt ir visiems, buvo \u0161iek tiek nerimo, kaip viskas bus, ar patiks, ar gerai jausis, ar sutars su mokytoja, ar nedings noras mokytis, ar ras draug\u0173&#8230; \ud83d\ude42 D\u017eiaugiuosi puikia s\u016bnaus adaptacija. U\u017e tai d\u0117koju puikiai mokyklos atmosferai, kuri\u0105 kuria visi sutikti darbuotojai &#8211; nuo valytojos, iki\u00a0 \u201esvetim\u0173\u201d mokytoj\u0173 ar direktor\u0117s. Kartais at\u0117jusi pasiimti s\u016bnaus pasijusdavau tarsi \u201epriva\u010dioje mokykloje\u201d (lyg jos tur\u0117t\u0173 b\u016bti geresn\u0117s :)).<\/p>\n<p>&nbsp;<\/p>\n<p>Labai nor\u0117tum\u0117m pad\u0117koti Jums u\u017e puikiai suorganizuot\u0105 ketvirtok\u0173 diplom\u0173 teikim\u0105. U\u017e gra\u017eias pad\u0117kas, \u0161iltas \u0161ypsenas ir jautrius \u017eod\u017eius. Mes, t\u0117veliai, buvome did\u017eiai nustebinti gav\u0119 mokytoj\u0173 pa\u017eym\u0117jimus, smagi id\u0117ja ir a\u010di\u016b, kad nepamir\u0161ote ir m\u016bs\u0173.<\/p>\n<p>&nbsp;<\/p>\n<p>&nbsp;[\/vc_column_text][\/vc_column][\/vc_row]<\/p>\n<\/section>","protected":false},"excerpt":{"rendered":"<p>[vc_row][vc_column][\/vc_column][\/vc_row][vc_row][vc_column][vc_column_text]Esu Jums be galo d\u0117kinga. Kitas s\u016bnus mokosi priva\u010dioje mokykloje, tad ai\u0161kiai matau, kad J\u016bs \u2013 gerokai auk\u0161\u010diau u\u017e privat\u0173 ugdym\u0105. Labai d\u017eiaugiuosi, kad s\u016bnus mokosi Baltupi\u0173 progimnazijoje. Kovas, 2026 m.\u00a0 &nbsp; Norime perduoti nuo\u0161ird\u017ei\u0105 pad\u0117k\u0105 Mokytojai u\u017e jos kantryb\u0119, atsidavim\u0105 ir geb\u0117jim\u0105 \u012fkv\u0117pti net sunkiausius mokinius. Jos pastangos padeda kiekvienam mokiniui atrasti savo stiprybes, [&hellip;]<\/p>\n","protected":false},"author":6,"featured_media":0,"parent":0,"menu_order":0,"comment_status":"closed","ping_status":"closed","template":"","meta":{"footnotes":""},"class_list":["post-73260","page","type-page","status-publish","hentry"],"_links":{"self":[{"href":"https:\/\/www.baltupiuprogimnazija.vilnius.lm.lt\/index.php?rest_route=\/wp\/v2\/pages\/73260","targetHints":{"allow":["GET"]}}],"collection":[{"href":"https:\/\/www.baltupiuprogimnazija.vilnius.lm.lt\/index.php?rest_route=\/wp\/v2\/pages"}],"about":[{"href":"https:\/\/www.baltupiuprogimnazija.vilnius.lm.lt\/index.php?rest_route=\/wp\/v2\/types\/page"}],"author":[{"embeddable":true,"href":"https:\/\/www.baltupiuprogimnazija.vilnius.lm.lt\/index.php?rest_route=\/wp\/v2\/users\/6"}],"replies":[{"embeddable":true,"href":"https:\/\/www.baltupiuprogimnazija.vilnius.lm.lt\/index.php?rest_route=%2Fwp%2Fv2%2Fcomments&post=73260"}],"version-history":[{"count":26,"href":"https:\/\/www.baltupiuprogimnazija.vilnius.lm.lt\/index.php?rest_route=\/wp\/v2\/pages\/73260\/revisions"}],"predecessor-version":[{"id":83751,"href":"https:\/\/www.baltupiuprogimnazija.vilnius.lm.lt\/index.php?rest_route=\/wp\/v2\/pages\/73260\/revisions\/83751"}],"wp:attachment":[{"href":"https:\/\/www.baltupiuprogimnazija.vilnius.lm.lt\/index.php?rest_route=%2Fwp%2Fv2%2Fmedia&parent=73260"}],"curies":[{"name":"wp","href":"https:\/\/api.w.org\/{rel}","templated":true}]}}