{"id":71095,"date":"2021-11-17T12:15:07","date_gmt":"2021-11-17T10:15:07","guid":{"rendered":"https:\/\/www.baltupiuprogimnazija.vilnius.lm.lt\/?page_id=71095"},"modified":"2023-12-06T09:26:37","modified_gmt":"2023-12-06T07:26:37","slug":"prevencine-veikla","status":"publish","type":"page","link":"https:\/\/www.baltupiuprogimnazija.vilnius.lm.lt\/?page_id=71095","title":{"rendered":"Prevencin\u0117 veikla"},"content":{"rendered":"<section class=\"wpb-content-wrapper\"><p>[vc_row][vc_column][stm_icon_box icon_position=&#8221;left&#8221; icon_color=&#8221;green&#8221; title=&#8221;Lions Quest \u201eLaikas kartu&#8222;&#8221; title_link=&#8221;url:https%3A%2F%2Fwww.baltupiuprogimnazija.vilnius.lm.lt%2Fwp-content%2Fuploads%2F2021%2F11%2FLIONS-QUEST-laikas-kartu.pdf|title:Lions%20Quest%20%22Laikas%20kartu%22|target:_blank&#8221; icon_fontawesome=&#8221;far fa-file-pdf&#8221; icon_size=&#8221;20px&#8221;][stm_icon_box icon_position=&#8221;left&#8221; icon_color=&#8221;green&#8221; title=&#8221;Lions Quest \u201ePaauglyst\u0117s kry\u017ek\u0117l\u0117s&#8222;&#8221; title_link=&#8221;url:https%3A%2F%2Fwww.baltupiuprogimnazija.vilnius.lm.lt%2Fwp-content%2Fuploads%2F2021%2F11%2FLIONS-QUEST-paauglystes-kryzkeles.pdf|title:Lions%20Quest%20%22Paauglyst%C4%97s%20kry%C5%BEk%C4%97l%C4%97%22|target:_blank&#8221; icon_fontawesome=&#8221;far fa-file-pdf&#8221; icon_size=&#8221;20px&#8221;][stm_icon_box icon_position=&#8221;left&#8221; icon_color=&#8221;green&#8221; title=&#8221;Programa \u201eAntras \u017eingsnis&#8222;&#8221; title_link=&#8221;url:https%3A%2F%2Fwww.baltupiuprogimnazija.vilnius.lm.lt%2Fwp-content%2Fuploads%2F2021%2F11%2FPrograma-Antras-zingsnis.pdf|title:%22Antras%20%C5%BEingsnis%22|target:_blank&#8221; icon_fontawesome=&#8221;far fa-file-pdf&#8221; icon_size=&#8221;20px&#8221;][\/vc_column][\/vc_row][vc_row][vc_column][vc_toggle title=&#8221;\u017daling\u0173 \u012fpro\u010di\u0173 prevencija&#8221;]<a title=\"100 prie\u017eas\u010di\u0173 mesti r\u016bkyti\" href=\"https:\/\/www.baltupiuprogimnazija.vilnius.lm.lt\/wp-content\/uploads\/2023\/12\/100-priezasciu.pdf\">100 prie\u017eas\u010di\u0173 mesti r\u016bkyti<\/a><\/p>\n<p><a title=\"Pasyvus r\u016bkymas\" href=\"https:\/\/nerukysiu.lt\/pasyvus-rukymas\/\">Pasyvus r\u016bkymas<\/a><\/p>\n<p><a title=\"Informacija t\u0117vams apie elektronines cigaretes: i\u0161sigelb\u0117jimas ar nauja gr\u0117sm\u0117\" href=\"https:\/\/www.baltupiuprogimnazija.vilnius.lm.lt\/wp-content\/uploads\/2023\/12\/ecigaretes_tevams.pdf\">Informacija t\u0117vams apie elektronines cigaretes: i\u0161sigelb\u0117jimas ar nauja gr\u0117sm\u0117?<\/a><\/p>\n<p><a title=\"Elektronin\u0117s cigaret\u0117s\" href=\"https:\/\/www.baltupiuprogimnazija.vilnius.lm.lt\/wp-content\/uploads\/2023\/12\/Elektronines-cigaretes-lankstinukas.png\">Elektronin\u0117s cigaret\u0117s<\/a><\/p>\n<p>Daugiau informacijos apie r\u016bkym\u0105: <a href=\"https:\/\/nerukysiu.lt\/\">https:\/\/nerukysiu.lt\/<\/a>\u00a0 <a href=\"https:\/\/ntakd.lrv.lt\/lt\/\">https:\/\/ntakd.lrv.lt\/lt\/<\/a>[\/vc_toggle][\/vc_column][\/vc_row]<\/p>\n<\/section>","protected":false},"excerpt":{"rendered":"<p>[vc_row][vc_column][stm_icon_box icon_position=&#8221;left&#8221; icon_color=&#8221;green&#8221; title=&#8221;Lions Quest \u201eLaikas kartu&#8222;&#8221; title_link=&#8221;url:https%3A%2F%2Fwww.baltupiuprogimnazija.vilnius.lm.lt%2Fwp-content%2Fuploads%2F2021%2F11%2FLIONS-QUEST-laikas-kartu.pdf|title:Lions%20Quest%20%22Laikas%20kartu%22|target:_blank&#8221; icon_fontawesome=&#8221;far fa-file-pdf&#8221; icon_size=&#8221;20px&#8221;][stm_icon_box icon_position=&#8221;left&#8221; icon_color=&#8221;green&#8221; title=&#8221;Lions Quest \u201ePaauglyst\u0117s kry\u017ek\u0117l\u0117s&#8222;&#8221; title_link=&#8221;url:https%3A%2F%2Fwww.baltupiuprogimnazija.vilnius.lm.lt%2Fwp-content%2Fuploads%2F2021%2F11%2FLIONS-QUEST-paauglystes-kryzkeles.pdf|title:Lions%20Quest%20%22Paauglyst%C4%97s%20kry%C5%BEk%C4%97l%C4%97%22|target:_blank&#8221; icon_fontawesome=&#8221;far fa-file-pdf&#8221; icon_size=&#8221;20px&#8221;][stm_icon_box icon_position=&#8221;left&#8221; icon_color=&#8221;green&#8221; title=&#8221;Programa \u201eAntras \u017eingsnis&#8222;&#8221; title_link=&#8221;url:https%3A%2F%2Fwww.baltupiuprogimnazija.vilnius.lm.lt%2Fwp-content%2Fuploads%2F2021%2F11%2FPrograma-Antras-zingsnis.pdf|title:%22Antras%20%C5%BEingsnis%22|target:_blank&#8221; icon_fontawesome=&#8221;far fa-file-pdf&#8221; icon_size=&#8221;20px&#8221;][\/vc_column][\/vc_row][vc_row][vc_column][vc_toggle title=&#8221;\u017daling\u0173 \u012fpro\u010di\u0173 prevencija&#8221;]100 prie\u017eas\u010di\u0173 mesti r\u016bkyti Pasyvus r\u016bkymas Informacija t\u0117vams apie elektronines cigaretes: i\u0161sigelb\u0117jimas ar nauja gr\u0117sm\u0117? Elektronin\u0117s cigaret\u0117s Daugiau informacijos apie r\u016bkym\u0105: https:\/\/nerukysiu.lt\/\u00a0 https:\/\/ntakd.lrv.lt\/lt\/[\/vc_toggle][\/vc_column][\/vc_row]<\/p>\n","protected":false},"author":5,"featured_media":0,"parent":0,"menu_order":0,"comment_status":"closed","ping_status":"closed","template":"","meta":{"footnotes":""},"class_list":["post-71095","page","type-page","status-publish","hentry"],"_links":{"self":[{"href":"https:\/\/www.baltupiuprogimnazija.vilnius.lm.lt\/index.php?rest_route=\/wp\/v2\/pages\/71095","targetHints":{"allow":["GET"]}}],"collection":[{"href":"https:\/\/www.baltupiuprogimnazija.vilnius.lm.lt\/index.php?rest_route=\/wp\/v2\/pages"}],"about":[{"href":"https:\/\/www.baltupiuprogimnazija.vilnius.lm.lt\/index.php?rest_route=\/wp\/v2\/types\/page"}],"author":[{"embeddable":true,"href":"https:\/\/www.baltupiuprogimnazija.vilnius.lm.lt\/index.php?rest_route=\/wp\/v2\/users\/5"}],"replies":[{"embeddable":true,"href":"https:\/\/www.baltupiuprogimnazija.vilnius.lm.lt\/index.php?rest_route=%2Fwp%2Fv2%2Fcomments&post=71095"}],"version-history":[{"count":11,"href":"https:\/\/www.baltupiuprogimnazija.vilnius.lm.lt\/index.php?rest_route=\/wp\/v2\/pages\/71095\/revisions"}],"predecessor-version":[{"id":80702,"href":"https:\/\/www.baltupiuprogimnazija.vilnius.lm.lt\/index.php?rest_route=\/wp\/v2\/pages\/71095\/revisions\/80702"}],"wp:attachment":[{"href":"https:\/\/www.baltupiuprogimnazija.vilnius.lm.lt\/index.php?rest_route=%2Fwp%2Fv2%2Fmedia&parent=71095"}],"curies":[{"name":"wp","href":"https:\/\/api.w.org\/{rel}","templated":true}]}}