{"id":70928,"date":"2021-10-29T10:19:53","date_gmt":"2021-10-29T07:19:53","guid":{"rendered":"https:\/\/www.baltupiuprogimnazija.vilnius.lm.lt\/?page_id=70928"},"modified":"2025-05-14T16:07:17","modified_gmt":"2025-05-14T13:07:17","slug":"teisine-informacija","status":"publish","type":"page","link":"https:\/\/www.baltupiuprogimnazija.vilnius.lm.lt\/?page_id=70928","title":{"rendered":"Teisin\u0117 informacija"},"content":{"rendered":"<section class=\"wpb-content-wrapper\"><p>[vc_row][vc_column][stm_link link_icon_enable=&#8221;true&#8221; link=&#8221;url:https%3A%2F%2Fwww.e-tar.lt%2Fportal%2Flt%2FlegalAct%2FTAR.47BB952431DA|title:Lietuvos%20Respublikos%20konstitucija|target:_blank&#8221; link_text=&#8221;Lietuvos Respublikos Konstitucija&#8221; link_icon_fontawesome=&#8221;stm-icon stm-icon-website&#8221;][stm_link link_icon_enable=&#8221;true&#8221; link=&#8221;url:https%3A%2F%2Fwww.e-tar.lt%2Fportal%2Flt%2FlegalAct%2Ff6d686707e7011e6b969d7ae07280e89%2Fasr|title:Lietuvos%20Respublikos%20konstitucija|target:_blank&#8221; link_text=&#8221;Lietuvos Respublikos darbo kodeksas&#8221; link_icon_fontawesome=&#8221;stm-icon stm-icon-website&#8221;][stm_link link_icon_enable=&#8221;true&#8221; link=&#8221;url:https%3A%2F%2Fe-seimas.lrs.lt%2Fportal%2FlegalAct%2Flt%2FTAD%2FTAIS.107687|title:Lietuvos%20Respublikos%20civilinis%20kodeksas|target:_blank&#8221; link_text=&#8221;Lietuvos Respublikos civilinis kodeksas&#8221; link_icon_fontawesome=&#8221;stm-icon stm-icon-website&#8221;][stm_link link_icon_enable=&#8221;true&#8221; link=&#8221;url:https%3A%2F%2Fe-seimas.lrs.lt%2Fportal%2FlegalAct%2Flt%2FTAD%2FTAIS.395105%2FZPzOxUEnvH|title:Lietuvos%20Respublikos%20%C5%A1vietimo%20%C4%AFstatymas|target:_blank&#8221; link_text=&#8221;Lietuvos Respublikos \u0161vietimo \u012fstatymas&#8221; link_icon_fontawesome=&#8221;stm-icon stm-icon-website&#8221;][stm_link link_icon_enable=&#8221;true&#8221; link=&#8221;url:https%3A%2F%2Fe-seimas.lrs.lt%2Fportal%2FlegalAct%2Flt%2FTAD%2FTAIS.364294|title:Lietuvos%20Respublikos%20biud%C5%BEtini%C5%B3%20%C4%AFstaig%C5%B3%20%C4%AFstatymas|target:_blank&#8221; link_text=&#8221;Lietuvos Respublikos biud\u017eetini\u0173 \u012fstaig\u0173 \u012fstatymas&#8221; link_icon_fontawesome=&#8221;stm-icon stm-icon-website&#8221;][stm_link link_icon_enable=&#8221;true&#8221; link=&#8221;url:https%3A%2F%2Fe-seimas.lrs.lt%2Fportal%2FlegalActEditions%2Flt%2FTAD%2FTAIS.343430%3Ffaces-redirect%3Dtrue|title:Lietuvos%20Respublikos%20vaiko%20teisi%C5%B3%20apsaugos%20pagrind%C5%B3%20%C4%AFstatymas|target:_blank&#8221; link_text=&#8221;Lietuvos Respublikos vaiko teisi\u0173 apsaugos pagrind\u0173 \u012fstatymas&#8221; link_icon_fontawesome=&#8221;stm-icon stm-icon-website&#8221;][stm_link link_icon_enable=&#8221;true&#8221; link=&#8221;url:https%3A%2F%2Fwww.e-tar.lt%2Fportal%2Flt%2FlegalAct%2F70593dd04a7311e6b5d09300a16a686c|title:Lietuvos%20Respublikos%20vaiko%20mminimalios%20ir%20vidutin%C4%97s%20prie%C5%BEi%C5%ABros%20%C4%AFstatymo%20pakeitimo%20%C4%AFstatymastymas|target:_blank&#8221; link_text=&#8221;Lietuvos Respublikos vaiko minimalios ir vidutin\u0117s prie\u017ei\u016bros \u012fstatymo pakeitimo \u012fstatymas&#8221; link_icon_fontawesome=&#8221;stm-icon stm-icon-website&#8221;][stm_link link_icon_enable=&#8221;true&#8221; link=&#8221;url:https%3A%2F%2Fwww.e-tar.lt%2Fportal%2Flt%2FlegalActEditions%2F2d8b78b0e79411e68503b67e3b82e8bd%3Ffaces-redirect%3Dtrue|title:Lietuvos%20Respublikos%20valstyb%C4%97s%20ir%20savivaldybi%C5%B3%20%C4%AFstaig%C5%B3%20darbuotoj%C5%B3%20darbo%20apmok%C4%97jimo%20%C4%AFstatymas|target:_blank&#8221; link_text=&#8221;Lietuvos Respublikos valstyb\u0117s ir savivaldybi\u0173 \u012fstaig\u0173 darbuotoj\u0173 darbo apmok\u0117jimo \u012fstatymas&#8221; link_icon_fontawesome=&#8221;stm-icon stm-icon-website&#8221;][stm_link icon_size=&#8221;18px&#8221; link_icon_enable=&#8221;true&#8221; link=&#8221;url:https%3A%2F%2Fwww.e-tar.lt%2Fportal%2Flt%2FlegalAct%2Fff02b070087d11e79ba1ee3112ade9bc|title:Lietuvos%20Respublikos%20sveikatos%20apsaugos%20ministro%20%C4%AFsakymas%20%22D%C4%97l%20Lietuvos%20higienos%20normos%20HN%2021%3A2017%20%22Mokykla%2C%20vykdanti%20bendrojo%20ugdymo%20programas.%20Bendrieji%20sveikatos%20saugos%20reikalavimai%22%20patvirtinimo%22.|target:_blank&#8221; link_text=&#8221;Sveikatos apsaugos ministro \u012fsakymas \u201eD\u0117l Lietuvos higienos normos HN 21:2017 \u201eMokykla, vykdanti bendrojo ugdymo programas. Bendrieji sveikatos saugos reikalavimai&#8222; patvirtinimo&#8222;&#8221; link_icon_fontawesome=&#8221;stm-icon stm-icon-website&#8221;][\/vc_column][\/vc_row]<\/p>\n<\/section>","protected":false},"excerpt":{"rendered":"<p>[vc_row][vc_column][stm_link link_icon_enable=&#8221;true&#8221; link=&#8221;url:https%3A%2F%2Fwww.e-tar.lt%2Fportal%2Flt%2FlegalAct%2FTAR.47BB952431DA|title:Lietuvos%20Respublikos%20konstitucija|target:_blank&#8221; link_text=&#8221;Lietuvos Respublikos Konstitucija&#8221; link_icon_fontawesome=&#8221;stm-icon stm-icon-website&#8221;][stm_link link_icon_enable=&#8221;true&#8221; link=&#8221;url:https%3A%2F%2Fwww.e-tar.lt%2Fportal%2Flt%2FlegalAct%2Ff6d686707e7011e6b969d7ae07280e89%2Fasr|title:Lietuvos%20Respublikos%20konstitucija|target:_blank&#8221; link_text=&#8221;Lietuvos Respublikos darbo kodeksas&#8221; link_icon_fontawesome=&#8221;stm-icon stm-icon-website&#8221;][stm_link link_icon_enable=&#8221;true&#8221; link=&#8221;url:https%3A%2F%2Fe-seimas.lrs.lt%2Fportal%2FlegalAct%2Flt%2FTAD%2FTAIS.107687|title:Lietuvos%20Respublikos%20civilinis%20kodeksas|target:_blank&#8221; link_text=&#8221;Lietuvos Respublikos civilinis kodeksas&#8221; link_icon_fontawesome=&#8221;stm-icon stm-icon-website&#8221;][stm_link link_icon_enable=&#8221;true&#8221; link=&#8221;url:https%3A%2F%2Fe-seimas.lrs.lt%2Fportal%2FlegalAct%2Flt%2FTAD%2FTAIS.395105%2FZPzOxUEnvH|title:Lietuvos%20Respublikos%20%C5%A1vietimo%20%C4%AFstatymas|target:_blank&#8221; link_text=&#8221;Lietuvos Respublikos \u0161vietimo \u012fstatymas&#8221; link_icon_fontawesome=&#8221;stm-icon stm-icon-website&#8221;][stm_link link_icon_enable=&#8221;true&#8221; link=&#8221;url:https%3A%2F%2Fe-seimas.lrs.lt%2Fportal%2FlegalAct%2Flt%2FTAD%2FTAIS.364294|title:Lietuvos%20Respublikos%20biud%C5%BEtini%C5%B3%20%C4%AFstaig%C5%B3%20%C4%AFstatymas|target:_blank&#8221; link_text=&#8221;Lietuvos Respublikos biud\u017eetini\u0173 \u012fstaig\u0173 \u012fstatymas&#8221; link_icon_fontawesome=&#8221;stm-icon stm-icon-website&#8221;][stm_link link_icon_enable=&#8221;true&#8221; link=&#8221;url:https%3A%2F%2Fe-seimas.lrs.lt%2Fportal%2FlegalActEditions%2Flt%2FTAD%2FTAIS.343430%3Ffaces-redirect%3Dtrue|title:Lietuvos%20Respublikos%20vaiko%20teisi%C5%B3%20apsaugos%20pagrind%C5%B3%20%C4%AFstatymas|target:_blank&#8221; link_text=&#8221;Lietuvos Respublikos vaiko teisi\u0173 apsaugos pagrind\u0173 \u012fstatymas&#8221; link_icon_fontawesome=&#8221;stm-icon stm-icon-website&#8221;][stm_link link_icon_enable=&#8221;true&#8221; link=&#8221;url:https%3A%2F%2Fwww.e-tar.lt%2Fportal%2Flt%2FlegalAct%2F70593dd04a7311e6b5d09300a16a686c|title:Lietuvos%20Respublikos%20vaiko%20mminimalios%20ir%20vidutin%C4%97s%20prie%C5%BEi%C5%ABros%20%C4%AFstatymo%20pakeitimo%20%C4%AFstatymastymas|target:_blank&#8221; link_text=&#8221;Lietuvos [&hellip;]<\/p>\n","protected":false},"author":5,"featured_media":0,"parent":0,"menu_order":0,"comment_status":"closed","ping_status":"closed","template":"","meta":{"footnotes":""},"class_list":["post-70928","page","type-page","status-publish","hentry"],"_links":{"self":[{"href":"https:\/\/www.baltupiuprogimnazija.vilnius.lm.lt\/index.php?rest_route=\/wp\/v2\/pages\/70928","targetHints":{"allow":["GET"]}}],"collection":[{"href":"https:\/\/www.baltupiuprogimnazija.vilnius.lm.lt\/index.php?rest_route=\/wp\/v2\/pages"}],"about":[{"href":"https:\/\/www.baltupiuprogimnazija.vilnius.lm.lt\/index.php?rest_route=\/wp\/v2\/types\/page"}],"author":[{"embeddable":true,"href":"https:\/\/www.baltupiuprogimnazija.vilnius.lm.lt\/index.php?rest_route=\/wp\/v2\/users\/5"}],"replies":[{"embeddable":true,"href":"https:\/\/www.baltupiuprogimnazija.vilnius.lm.lt\/index.php?rest_route=%2Fwp%2Fv2%2Fcomments&post=70928"}],"version-history":[{"count":14,"href":"https:\/\/www.baltupiuprogimnazija.vilnius.lm.lt\/index.php?rest_route=\/wp\/v2\/pages\/70928\/revisions"}],"predecessor-version":[{"id":83021,"href":"https:\/\/www.baltupiuprogimnazija.vilnius.lm.lt\/index.php?rest_route=\/wp\/v2\/pages\/70928\/revisions\/83021"}],"wp:attachment":[{"href":"https:\/\/www.baltupiuprogimnazija.vilnius.lm.lt\/index.php?rest_route=%2Fwp%2Fv2%2Fmedia&parent=70928"}],"curies":[{"name":"wp","href":"https:\/\/api.w.org\/{rel}","templated":true}]}}