{"id":69583,"date":"2021-08-30T14:56:25","date_gmt":"2021-08-30T11:56:25","guid":{"rendered":"https:\/\/www.baltupiuprogimnazija.vilnius.lm.lt\/?page_id=69583"},"modified":"2026-04-27T18:57:22","modified_gmt":"2026-04-27T15:57:22","slug":"pamoku-laikas-tvarkarasciai","status":"publish","type":"page","link":"https:\/\/www.baltupiuprogimnazija.vilnius.lm.lt\/?page_id=69583","title":{"rendered":"Ugdymas. Pamok\u0173 laikas. Tvarkara\u0161\u010diai"},"content":{"rendered":"<section class=\"wpb-content-wrapper\"><p>[vc_row][vc_column][stm_icon_box icon_position=&#8221;left&#8221; icon_color=&#8221;green&#8221; title=&#8221;Pamok\u0173 laikas 2025-2026 m. m.&#8221; title_link=&#8221;url:https%3A%2F%2Fwww.baltupiuprogimnazija.vilnius.lm.lt%2Fwp-content%2Fuploads%2F2025%2F11%2Fpamoku-laikas-1.pdf|title:Pamok%C5%B3%20laikas%202025-2026%20m.%20m.|target:_blank&#8221; icon_fontawesome=&#8221;far fa-file-pdf&#8221; icon_size=&#8221;22px&#8221;][stm_icon_box icon_position=&#8221;left&#8221; icon_color=&#8221;green&#8221; title=&#8221;1-4 klasi\u0173 pamok\u0173 tvarkara\u0161tis&#8221; title_link=&#8221;url:https%3A%2F%2Fwww.baltupiuprogimnazija.vilnius.lm.lt%2Fwp-content%2Fuploads%2F2026%2F04%2F1-4-klasiu-pamoku-tvarkarastis-2025-2026-m.m.-Lapas1-3.pdf|title:1-4%20klasi%C5%B3%20pamok%C5%B3%20tvarkara%C5%A1tis|target:_blank&#8221; icon_fontawesome=&#8221;far fa-file-pdf&#8221; icon_size=&#8221;22px&#8221;][stm_icon_box icon_position=&#8221;left&#8221; icon_color=&#8221;green&#8221; title=&#8221;5-8 klasi\u0173 pamok\u0173 tvarkara\u0161tis&#8221; title_link=&#8221;url:https%3A%2F%2Fwww.baltupiuprogimnazija.vilnius.lm.lt%2Fwp-content%2Fuploads%2F2026%2F04%2FPamoku-tvarkarastis-nuo-lapkricio-3-d.-Mokytoju-tvarkarastis.pdf|title:5-8%20klasi%C5%B3%20pamok%C5%B3%20tvarkara%C5%A1tis|target:_blank&#8221; icon_fontawesome=&#8221;far fa-file-pdf&#8221; icon_size=&#8221;22px&#8221;][stm_icon_box icon_position=&#8221;left&#8221; icon_color=&#8221;green&#8221; title=&#8221;Konsultacij\u0173 ir valand\u0173, skirt\u0173 mokini\u0173 ugdymosi poreikiams tenkinti, tvarkara\u0161tis&#8221; title_link=&#8221;url:https%3A%2F%2Fwww.baltupiuprogimnazija.vilnius.lm.lt%2Fwp-content%2Fuploads%2F2025%2F10%2FKopija-25-26m.m.-Konsultacijos-ir-MPT_.pdf|title:Konsultacij%C5%B3%20ir%20valand%C5%B3%20skirt%C5%B3%20mokini%C5%B3%20ugdymosi%20poreikiams%20tenkinti%20tvarkara%C5%A1tis|target:_blank&#8221; icon_fontawesome=&#8221;far fa-file-pdf&#8221; icon_size=&#8221;22px&#8221;][stm_icon_box icon_position=&#8221;left&#8221; icon_color=&#8221;green&#8221; title=&#8221;Ugdymo proceso organizavimas (mokslo met\u0173 trukm\u0117, pusme\u010diai, trimestrai, atostogos)&#8221; title_link=&#8221;url:https%3A%2F%2Fwww.baltupiuprogimnazija.vilnius.lm.lt%2Fwp-content%2Fuploads%2F2025%2F09%2FUgdymo-proceso-organizavimas-2025-2026_keit.pdf|title:Ugdymo%20proceso%20organizavimas%20(mokslo%20met%C5%B3%20trukm%C4%97%2C%20pusme%C4%8Diai%2C%20trimestrai%2C%20atostogos)|target:_blank&#8221; icon_fontawesome=&#8221;far fa-file-pdf&#8221; icon_size=&#8221;22px&#8221;][\/vc_column][\/vc_row][vc_row][vc_column][\/vc_column][\/vc_row]<\/p>\n<\/section>","protected":false},"excerpt":{"rendered":"<p>[vc_row][vc_column][stm_icon_box icon_position=&#8221;left&#8221; icon_color=&#8221;green&#8221; title=&#8221;Pamok\u0173 laikas 2025-2026 m. m.&#8221; title_link=&#8221;url:https%3A%2F%2Fwww.baltupiuprogimnazija.vilnius.lm.lt%2Fwp-content%2Fuploads%2F2025%2F11%2Fpamoku-laikas-1.pdf|title:Pamok%C5%B3%20laikas%202025-2026%20m.%20m.|target:_blank&#8221; icon_fontawesome=&#8221;far fa-file-pdf&#8221; icon_size=&#8221;22px&#8221;][stm_icon_box icon_position=&#8221;left&#8221; icon_color=&#8221;green&#8221; title=&#8221;1-4 klasi\u0173 pamok\u0173 tvarkara\u0161tis&#8221; title_link=&#8221;url:https%3A%2F%2Fwww.baltupiuprogimnazija.vilnius.lm.lt%2Fwp-content%2Fuploads%2F2026%2F04%2F1-4-klasiu-pamoku-tvarkarastis-2025-2026-m.m.-Lapas1-3.pdf|title:1-4%20klasi%C5%B3%20pamok%C5%B3%20tvarkara%C5%A1tis|target:_blank&#8221; icon_fontawesome=&#8221;far fa-file-pdf&#8221; icon_size=&#8221;22px&#8221;][stm_icon_box icon_position=&#8221;left&#8221; icon_color=&#8221;green&#8221; title=&#8221;5-8 klasi\u0173 pamok\u0173 tvarkara\u0161tis&#8221; title_link=&#8221;url:https%3A%2F%2Fwww.baltupiuprogimnazija.vilnius.lm.lt%2Fwp-content%2Fuploads%2F2026%2F04%2FPamoku-tvarkarastis-nuo-lapkricio-3-d.-Mokytoju-tvarkarastis.pdf|title:5-8%20klasi%C5%B3%20pamok%C5%B3%20tvarkara%C5%A1tis|target:_blank&#8221; icon_fontawesome=&#8221;far fa-file-pdf&#8221; icon_size=&#8221;22px&#8221;][stm_icon_box icon_position=&#8221;left&#8221; icon_color=&#8221;green&#8221; title=&#8221;Konsultacij\u0173 ir valand\u0173, skirt\u0173 mokini\u0173 ugdymosi poreikiams tenkinti, tvarkara\u0161tis&#8221; title_link=&#8221;url:https%3A%2F%2Fwww.baltupiuprogimnazija.vilnius.lm.lt%2Fwp-content%2Fuploads%2F2025%2F10%2FKopija-25-26m.m.-Konsultacijos-ir-MPT_.pdf|title:Konsultacij%C5%B3%20ir%20valand%C5%B3%20skirt%C5%B3%20mokini%C5%B3%20ugdymosi%20poreikiams%20tenkinti%20tvarkara%C5%A1tis|target:_blank&#8221; icon_fontawesome=&#8221;far fa-file-pdf&#8221; icon_size=&#8221;22px&#8221;][stm_icon_box icon_position=&#8221;left&#8221; icon_color=&#8221;green&#8221; title=&#8221;Ugdymo proceso organizavimas (mokslo met\u0173 trukm\u0117, [&hellip;]<\/p>\n","protected":false},"author":5,"featured_media":0,"parent":0,"menu_order":0,"comment_status":"closed","ping_status":"closed","template":"","meta":{"footnotes":""},"class_list":["post-69583","page","type-page","status-publish","hentry"],"_links":{"self":[{"href":"https:\/\/www.baltupiuprogimnazija.vilnius.lm.lt\/index.php?rest_route=\/wp\/v2\/pages\/69583","targetHints":{"allow":["GET"]}}],"collection":[{"href":"https:\/\/www.baltupiuprogimnazija.vilnius.lm.lt\/index.php?rest_route=\/wp\/v2\/pages"}],"about":[{"href":"https:\/\/www.baltupiuprogimnazija.vilnius.lm.lt\/index.php?rest_route=\/wp\/v2\/types\/page"}],"author":[{"embeddable":true,"href":"https:\/\/www.baltupiuprogimnazija.vilnius.lm.lt\/index.php?rest_route=\/wp\/v2\/users\/5"}],"replies":[{"embeddable":true,"href":"https:\/\/www.baltupiuprogimnazija.vilnius.lm.lt\/index.php?rest_route=%2Fwp%2Fv2%2Fcomments&post=69583"}],"version-history":[{"count":90,"href":"https:\/\/www.baltupiuprogimnazija.vilnius.lm.lt\/index.php?rest_route=\/wp\/v2\/pages\/69583\/revisions"}],"predecessor-version":[{"id":83786,"href":"https:\/\/www.baltupiuprogimnazija.vilnius.lm.lt\/index.php?rest_route=\/wp\/v2\/pages\/69583\/revisions\/83786"}],"wp:attachment":[{"href":"https:\/\/www.baltupiuprogimnazija.vilnius.lm.lt\/index.php?rest_route=%2Fwp%2Fv2%2Fmedia&parent=69583"}],"curies":[{"name":"wp","href":"https:\/\/api.w.org\/{rel}","templated":true}]}}