{"id":67908,"date":"2021-03-29T11:19:34","date_gmt":"2021-03-29T08:19:34","guid":{"rendered":"http:\/\/tobalt.tech\/baltupiugimnazija\/?page_id=4327"},"modified":"2026-04-13T13:05:15","modified_gmt":"2026-04-13T10:05:15","slug":"darbo-uzmokestis","status":"publish","type":"page","link":"https:\/\/www.baltupiuprogimnazija.vilnius.lm.lt\/?page_id=67908","title":{"rendered":"Darbo u\u017emokestis"},"content":{"rendered":"<section class=\"wpb-content-wrapper\"><p>[vc_row gap=&#8221;20&#8243;][vc_column width=&#8221;3\/4&#8243;][stm_icon_box icon_position=&#8221;left&#8221; icon_color=&#8221;green&#8221; icon_fontawesome=&#8221;far fa-file-pdf&#8221; title=&#8221;Darbuotoj\u0173 vidutinis m\u0117nesinis darbo u\u017emokestis u\u017e 2026 m. I ketv.&#8221; title_link=&#8221;url:https%3A%2F%2Fwww.baltupiuprogimnazija.vilnius.lm.lt%2Fwp-content%2Fuploads%2F2026%2F04%2FBaltupiu-prog.-Vidut.-DU-2026-m.-I-ketv.pdf|title:Darbuotoj%C5%B3%20vidutinis%20m%C4%97nesinis%20darbo%20u%C5%BEmokestis%20u%C5%BE%202026%20m.%20I%20ketv.|target:_blank&#8221; icon_size=&#8221;20px&#8221;][stm_icon_box icon_position=&#8221;left&#8221; icon_color=&#8221;green&#8221; icon_fontawesome=&#8221;far fa-file-pdf&#8221; title=&#8221;Darbuotoj\u0173 vidutinis m\u0117nesinis darbo u\u017emokestis u\u017e 2025 m.&#8221; title_link=&#8221;url:https%3A%2F%2Fwww.baltupiuprogimnazija.vilnius.lm.lt%2Fwp-content%2Fuploads%2F2026%2F01%2FBaltupiu-prog.-Vidut.-DU-2025-m.-metine.pdf|title:Darbuotoj%C5%B3%20vidutinis%20m%C4%97nesinis%20darbo%20u%C5%BEmokestis%20u%C5%BE%202025%20m.%20|target:_blank&#8221; icon_size=&#8221;20px&#8221;][stm_icon_box icon_position=&#8221;left&#8221; icon_color=&#8221;green&#8221; icon_fontawesome=&#8221;far fa-file-pdf&#8221; title=&#8221;Darbuotoj\u0173 vidutinis m\u0117nesinis darbo u\u017emokestis u\u017e 2025 m. III ketv.&#8221; title_link=&#8221;url:https%3A%2F%2Fwww.baltupiuprogimnazija.vilnius.lm.lt%2Fwp-content%2Fuploads%2F2025%2F10%2FBaltupiu-prog.-Vidut.-DU-2025-m.-III-ketv_.pdf|title:Darbuotoj%C5%B3%20vidutinis%20m%C4%97nesinis%20darbo%20u%C5%BEmokestis%20u%C5%BE%202025%20m.%20III%20ketv.|target:_blank&#8221; icon_size=&#8221;20px&#8221;][stm_icon_box icon_position=&#8221;left&#8221; icon_color=&#8221;green&#8221; icon_fontawesome=&#8221;far fa-file-pdf&#8221; title=&#8221;Darbuotoj\u0173 vidutinis m\u0117nesinis darbo u\u017emokestis u\u017e 2025 m. II ketv.&#8221; title_link=&#8221;url:https%3A%2F%2Fwww.baltupiuprogimnazija.vilnius.lm.lt%2Fwp-content%2Fuploads%2F2025%2F07%2FBaltupiu-prog.-Vidut.-DU-2025-m.-II-ketv_.pdf|title:Darbuotoj%C5%B3%20vidutinis%20m%C4%97nesinis%20darbo%20u%C5%BEmokestis%20u%C5%BE%202025%20m.%20II%20ketv.|target:_blank&#8221; icon_size=&#8221;20px&#8221;][stm_icon_box icon_position=&#8221;left&#8221; icon_color=&#8221;green&#8221; icon_fontawesome=&#8221;far fa-file-pdf&#8221; title=&#8221;Darbuotoj\u0173 vidutinis m\u0117nesinis darbo u\u017emokestis u\u017e 2025 m. I ketv.&#8221; title_link=&#8221;url:https%3A%2F%2Fwww.baltupiuprogimnazija.vilnius.lm.lt%2Fwp-content%2Fuploads%2F2025%2F04%2FBaltupiu-prog.-Vidut.-DU-2025-m.-I-ketv_.pdf|title:Darbuotoj%C5%B3%20vidutinis%20m%C4%97nesinis%20darbo%20u%C5%BEmokestis%20u%C5%BE%202025%20m.%20I%20ketv.|target:_blank&#8221; icon_size=&#8221;20px&#8221;][\/vc_column][vc_column width=&#8221;1\/4&#8243;][stm_wp_custommenu nav_menu=&#8221;154&#8243;][\/vc_column][\/vc_row]<\/p>\n<\/section>","protected":false},"excerpt":{"rendered":"<p>[vc_row gap=&#8221;20&#8243;][vc_column width=&#8221;3\/4&#8243;][stm_icon_box icon_position=&#8221;left&#8221; icon_color=&#8221;green&#8221; icon_fontawesome=&#8221;far fa-file-pdf&#8221; title=&#8221;Darbuotoj\u0173 vidutinis m\u0117nesinis darbo u\u017emokestis u\u017e 2026 m. I ketv.&#8221; title_link=&#8221;url:https%3A%2F%2Fwww.baltupiuprogimnazija.vilnius.lm.lt%2Fwp-content%2Fuploads%2F2026%2F04%2FBaltupiu-prog.-Vidut.-DU-2026-m.-I-ketv.pdf|title:Darbuotoj%C5%B3%20vidutinis%20m%C4%97nesinis%20darbo%20u%C5%BEmokestis%20u%C5%BE%202026%20m.%20I%20ketv.|target:_blank&#8221; icon_size=&#8221;20px&#8221;][stm_icon_box icon_position=&#8221;left&#8221; icon_color=&#8221;green&#8221; icon_fontawesome=&#8221;far fa-file-pdf&#8221; title=&#8221;Darbuotoj\u0173 vidutinis m\u0117nesinis darbo u\u017emokestis u\u017e 2025 m.&#8221; title_link=&#8221;url:https%3A%2F%2Fwww.baltupiuprogimnazija.vilnius.lm.lt%2Fwp-content%2Fuploads%2F2026%2F01%2FBaltupiu-prog.-Vidut.-DU-2025-m.-metine.pdf|title:Darbuotoj%C5%B3%20vidutinis%20m%C4%97nesinis%20darbo%20u%C5%BEmokestis%20u%C5%BE%202025%20m.%20|target:_blank&#8221; icon_size=&#8221;20px&#8221;][stm_icon_box icon_position=&#8221;left&#8221; icon_color=&#8221;green&#8221; icon_fontawesome=&#8221;far fa-file-pdf&#8221; title=&#8221;Darbuotoj\u0173 vidutinis m\u0117nesinis darbo u\u017emokestis u\u017e 2025 m. III ketv.&#8221; title_link=&#8221;url:https%3A%2F%2Fwww.baltupiuprogimnazija.vilnius.lm.lt%2Fwp-content%2Fuploads%2F2025%2F10%2FBaltupiu-prog.-Vidut.-DU-2025-m.-III-ketv_.pdf|title:Darbuotoj%C5%B3%20vidutinis%20m%C4%97nesinis%20darbo%20u%C5%BEmokestis%20u%C5%BE%202025%20m.%20III%20ketv.|target:_blank&#8221; icon_size=&#8221;20px&#8221;][stm_icon_box icon_position=&#8221;left&#8221; icon_color=&#8221;green&#8221; icon_fontawesome=&#8221;far fa-file-pdf&#8221; title=&#8221;Darbuotoj\u0173 vidutinis [&hellip;]<\/p>\n","protected":false},"author":1,"featured_media":0,"parent":67906,"menu_order":0,"comment_status":"closed","ping_status":"closed","template":"","meta":{"footnotes":""},"class_list":["post-67908","page","type-page","status-publish","hentry"],"_links":{"self":[{"href":"https:\/\/www.baltupiuprogimnazija.vilnius.lm.lt\/index.php?rest_route=\/wp\/v2\/pages\/67908","targetHints":{"allow":["GET"]}}],"collection":[{"href":"https:\/\/www.baltupiuprogimnazija.vilnius.lm.lt\/index.php?rest_route=\/wp\/v2\/pages"}],"about":[{"href":"https:\/\/www.baltupiuprogimnazija.vilnius.lm.lt\/index.php?rest_route=\/wp\/v2\/types\/page"}],"author":[{"embeddable":true,"href":"https:\/\/www.baltupiuprogimnazija.vilnius.lm.lt\/index.php?rest_route=\/wp\/v2\/users\/1"}],"replies":[{"embeddable":true,"href":"https:\/\/www.baltupiuprogimnazija.vilnius.lm.lt\/index.php?rest_route=%2Fwp%2Fv2%2Fcomments&post=67908"}],"version-history":[{"count":22,"href":"https:\/\/www.baltupiuprogimnazija.vilnius.lm.lt\/index.php?rest_route=\/wp\/v2\/pages\/67908\/revisions"}],"predecessor-version":[{"id":83771,"href":"https:\/\/www.baltupiuprogimnazija.vilnius.lm.lt\/index.php?rest_route=\/wp\/v2\/pages\/67908\/revisions\/83771"}],"up":[{"embeddable":true,"href":"https:\/\/www.baltupiuprogimnazija.vilnius.lm.lt\/index.php?rest_route=\/wp\/v2\/pages\/67906"}],"wp:attachment":[{"href":"https:\/\/www.baltupiuprogimnazija.vilnius.lm.lt\/index.php?rest_route=%2Fwp%2Fv2%2Fmedia&parent=67908"}],"curies":[{"name":"wp","href":"https:\/\/api.w.org\/{rel}","templated":true}]}}