{"id":67879,"date":"2021-05-18T10:44:24","date_gmt":"2021-05-18T07:44:24","guid":{"rendered":"http:\/\/iksmedia.lt\/baltupiai\/?page_id=67879"},"modified":"2026-03-31T19:02:42","modified_gmt":"2026-03-31T16:02:42","slug":"pradzia","status":"publish","type":"page","link":"https:\/\/www.baltupiuprogimnazija.vilnius.lm.lt\/","title":{"rendered":"Prad\u017eia"},"content":{"rendered":"<section class=\"wpb-content-wrapper\"><p>[vc_row css=&#8221;.vc_custom_1621341858968{margin-top: 0px !important;padding-top: 0px !important;}&#8221;][vc_column]\n\t\t\t<!-- START Home Slider1 REVOLUTION SLIDER 6.5.5 --><p class=\"rs-p-wp-fix\"><\/p>\n\t\t\t<rs-module-wrap id=\"rev_slider_2_1_wrapper\" data-source=\"gallery\" style=\"visibility:hidden;background:transparent;padding:0;margin:0px auto;margin-top:0;margin-bottom:0;\">\n\t\t\t\t<rs-module id=\"rev_slider_2_1\" style=\"\" data-version=\"6.5.5\">\n\t\t\t\t\t<rs-slides>\n\t\t\t\t\t\t<rs-slide style=\"position: absolute;\" data-key=\"rs-23\" data-title=\"Slide\" data-thumb=\"\/\/www.baltupiuprogimnazija.vilnius.lm.lt\/wp-content\/uploads\/2024\/10\/462556818_513901228296208_7440324196960906297_n-100x50.jpg\" data-in=\"o:0;\" data-out=\"a:false;\">\n\t\t\t\t\t\t\t<img decoding=\"async\" src=\"\/\/www.baltupiuprogimnazija.vilnius.lm.lt\/wp-content\/plugins\/revslider\/public\/assets\/assets\/dummy.png\" title=\"Prad\u017eia\" class=\"rev-slidebg tp-rs-img rs-lazyload\" data-lazyload=\"\/\/www.baltupiuprogimnazija.vilnius.lm.lt\/wp-content\/uploads\/2024\/10\/462556818_513901228296208_7440324196960906297_n.jpg\" data-no-retina>\n<!---->\t\t\t\t\t\t<\/rs-slide>\n\t\t\t\t\t\t<rs-slide style=\"position: absolute;\" data-key=\"rs-17\" data-title=\"Slide\" data-thumb=\"\/\/www.baltupiuprogimnazija.vilnius.lm.lt\/wp-content\/uploads\/2023\/05\/346100347_819559156309220_4033838674746481252_n-100x50.jpg\" data-in=\"o:0;\" data-out=\"a:false;\">\n\t\t\t\t\t\t\t<img decoding=\"async\" src=\"\/\/www.baltupiuprogimnazija.vilnius.lm.lt\/wp-content\/plugins\/revslider\/public\/assets\/assets\/dummy.png\" title=\"Prad\u017eia\" class=\"rev-slidebg tp-rs-img rs-lazyload\" data-lazyload=\"\/\/www.baltupiuprogimnazija.vilnius.lm.lt\/wp-content\/uploads\/2023\/05\/346100347_819559156309220_4033838674746481252_n.jpg\" data-no-retina>\n<!---->\t\t\t\t\t\t<\/rs-slide>\n\t\t\t\t\t\t<rs-slide style=\"position: absolute;\" data-key=\"rs-4\" data-title=\"Slide\" data-thumb=\"\/\/www2087a.vu.lt\/wp-content\/uploads\/2021\/05\/Balutpiai2.jpg\" data-duration=\"3000ms\" data-anim=\"ms:600;\" data-in=\"o:0;\" data-out=\"a:false;\">\n\t\t\t\t\t\t\t<img loading=\"lazy\" decoding=\"async\" src=\"\/\/www.baltupiuprogimnazija.vilnius.lm.lt\/wp-content\/plugins\/revslider\/public\/assets\/assets\/dummy.png\" title=\"Balutpiai2\" width=\"1152\" height=\"864\" class=\"rev-slidebg tp-rs-img rs-lazyload\" data-lazyload=\"\/\/www2087a.vu.lt\/wp-content\/uploads\/2021\/05\/Balutpiai2.jpg\" data-bg=\"p:center top;\" data-panzoom=\"d:10000;ss:100;se:110%;os:20px\/20px;oe:60px\/80px;\" data-no-retina>\n<!--\n\t\t\t\t\t\t\t--><rs-layer\n\t\t\t\t\t\t\t\tid=\"slider-2-slide-4-layer-8\" \n\t\t\t\t\t\t\t\tclass=\"tp-shape tp-shapewrapper\"\n\t\t\t\t\t\t\t\tdata-type=\"shape\"\n\t\t\t\t\t\t\t\tdata-rsp_ch=\"on\"\n\t\t\t\t\t\t\t\tdata-xy=\"x:c;xo:-54px;y:m;yo:-148px;\"\n\t\t\t\t\t\t\t\tdata-text=\"fw:100;\"\n\t\t\t\t\t\t\t\tdata-dim=\"w:20000px;h:20000px;\"\n\t\t\t\t\t\t\t\tdata-frame_1=\"x:-80px,0,0,0;y:-15px,0,0,0;e:power2.inOut;sp:1000;sR:50;\"\n\t\t\t\t\t\t\t\tdata-frame_999=\"o:0;e:nothing;st:360;sp:50;\"\n\t\t\t\t\t\t\t\tstyle=\"z-index:8;background-color:rgba(0,0,0,0.19);\"\n\t\t\t\t\t\t\t> \n\t\t\t\t\t\t\t<\/rs-layer><!--\n-->\t\t\t\t\t\t<\/rs-slide>\n\t\t\t\t\t\t<rs-slide style=\"position: absolute;\" data-key=\"rs-10\" data-title=\"Slide\" data-thumb=\"\/\/www.baltupiuprogimnazija.vilnius.lm.lt\/wp-content\/uploads\/2022\/09\/301385634_2961130480847208_6223479305789435258_n-1-100x50.jpg\" data-duration=\"3000ms\" data-anim=\"ms:600ms;r:0;\" data-in=\"o:0;\" data-out=\"a:false;\">\n\t\t\t\t\t\t\t<img decoding=\"async\" src=\"\/\/www.baltupiuprogimnazija.vilnius.lm.lt\/wp-content\/plugins\/revslider\/public\/assets\/assets\/dummy.png\" title=\"Prad\u017eia\" class=\"rev-slidebg tp-rs-img rs-lazyload\" data-lazyload=\"\/\/www.baltupiuprogimnazija.vilnius.lm.lt\/wp-content\/uploads\/2022\/09\/301385634_2961130480847208_6223479305789435258_n-1.jpg\" data-bg=\"p:center top;\" data-panzoom=\"d:10000;ss:100;se:110%;os:20px\/20px;oe:60px\/80px;\" data-no-retina>\n<!---->\t\t\t\t\t\t<\/rs-slide>\n\t\t\t\t\t\t<rs-slide style=\"position: absolute;\" data-key=\"rs-18\" data-title=\"Slide\" data-thumb=\"\/\/www.baltupiuprogimnazija.vilnius.lm.lt\/wp-content\/uploads\/2024\/05\/Dronas-scaled-100x50.jpg\" data-in=\"o:0;\" data-out=\"a:false;\">\n\t\t\t\t\t\t\t<img decoding=\"async\" src=\"\/\/www.baltupiuprogimnazija.vilnius.lm.lt\/wp-content\/plugins\/revslider\/public\/assets\/assets\/dummy.png\" title=\"Prad\u017eia\" class=\"rev-slidebg tp-rs-img rs-lazyload\" data-lazyload=\"\/\/www.baltupiuprogimnazija.vilnius.lm.lt\/wp-content\/uploads\/2024\/05\/Dronas-scaled.jpg\" data-no-retina>\n<!---->\t\t\t\t\t\t<\/rs-slide>\n\t\t\t\t\t\t<rs-slide style=\"position: absolute;\" data-key=\"rs-20\" data-title=\"Slide\" data-thumb=\"\/\/www.baltupiuprogimnazija.vilnius.lm.lt\/wp-content\/uploads\/2024\/09\/IMG_E0234-scaled-100x50.jpg\" data-in=\"o:0;\" data-out=\"a:false;\">\n\t\t\t\t\t\t\t<img decoding=\"async\" src=\"\/\/www.baltupiuprogimnazija.vilnius.lm.lt\/wp-content\/plugins\/revslider\/public\/assets\/assets\/dummy.png\" title=\"Prad\u017eia\" class=\"rev-slidebg tp-rs-img rs-lazyload\" data-lazyload=\"\/\/www.baltupiuprogimnazija.vilnius.lm.lt\/wp-content\/uploads\/2024\/09\/IMG_E0234-scaled.jpg\" data-no-retina>\n<!---->\t\t\t\t\t\t<\/rs-slide>\n\t\t\t\t\t\t<rs-slide style=\"position: absolute;\" data-key=\"rs-21\" data-title=\"Slide\" data-thumb=\"\/\/www.baltupiuprogimnazija.vilnius.lm.lt\/wp-content\/uploads\/2024\/09\/457506346_1033522038022121_1706544691890107052_n-100x50.jpg\" data-in=\"o:0;\" data-out=\"a:false;\">\n\t\t\t\t\t\t\t<img decoding=\"async\" src=\"\/\/www.baltupiuprogimnazija.vilnius.lm.lt\/wp-content\/plugins\/revslider\/public\/assets\/assets\/dummy.png\" title=\"Prad\u017eia\" class=\"rev-slidebg tp-rs-img rs-lazyload\" data-lazyload=\"\/\/www.baltupiuprogimnazija.vilnius.lm.lt\/wp-content\/uploads\/2024\/09\/457506346_1033522038022121_1706544691890107052_n.jpg\" data-no-retina>\n<!---->\t\t\t\t\t\t<\/rs-slide>\n\t\t\t\t\t<\/rs-slides>\n\t\t\t\t\t<rs-static-layers><!--\n\t\t\t\t\t--><\/rs-static-layers>\n\t\t\t\t<\/rs-module>\n\t\t\t\t<script type=\"text\/javascript\">\n\t\t\t\t\tsetREVStartSize({c: 'rev_slider_2_1',rl:[1240,1024,778,480],el:[700,768,468,400],gw:[1200,1024,778,480],gh:[700,750,668,600],type:'standard',justify:'',layout:'fullwidth',mh:\"0\"});if (window.RS_MODULES!==undefined && window.RS_MODULES.modules!==undefined && window.RS_MODULES.modules[\"revslider21\"]!==undefined) {window.RS_MODULES.modules[\"revslider21\"].once = false;window.revapi2 = undefined;window.RS_MODULES.checkMinimal()}\n\t\t\t\t<\/script>\n\t\t\t<\/rs-module-wrap>\n\t\t\t<!-- END REVOLUTION SLIDER -->\n[\/vc_column][\/vc_row][vc_row full_width=&#8221;stretch_row&#8221; css=&#8221;.vc_custom_1620639399157{background-color: rgba(247,247,247,0.45) !important;*background-color: rgb(247,247,247) !important;}&#8221;][vc_column][stm_spacing lg_spacing=&#8221;30&#8243; md_spacing=&#8221;30&#8243; sm_spacing=&#8221;30&#8243; xs_spacing=&#8221;30&#8243;][vc_row_inner equal_height=&#8221;yes&#8221; content_placement=&#8221;middle&#8221;][vc_column_inner css=&#8221;.vc_custom_1569220318265{padding-right: 35px !important;}&#8221; offset=&#8221;vc_col-lg-6 vc_col-md-6&#8243;][vc_custom_heading text=&#8221;Apie progimnazij\u0105&#8221; font_container=&#8221;tag:h2|font_size:28px|text_align:left|color:%23333333&#8243; use_theme_fonts=&#8221;yes&#8221;][vc_column_text]Siekis &#8211; teikti kokybi\u0161k\u0105 pradin\u012f ir pagrindin\u012f (I dalies) i\u0161silavinim\u0105, glaud\u017eiai bendradarbiaujant mokytojams, t\u0117vams, mokiniams ir visuomenei.<\/p>\n<p>Ugdyti dor\u0105, i\u0161silavinusi\u0105, toleranti\u0161k\u0105, k\u016brybi\u0161k\u0105 asmenyb\u0119, geban\u010di\u0105 s\u0117kmingai gyventi spar\u010diai besikei\u010dian\u010dioje visuomen\u0117je, pasiruo\u0161usi\u0105 t\u0119sti mokym\u0105si \u0161vietimo institucijose, teikian\u010diose vidurin\u012f i\u0161silavinim\u0105.[\/vc_column_text][stm_btn_simple btn_color=&#8221;custom&#8221; btn_link_text=&#8221;Pla\u010diau&#8221; btn_link=&#8221;url:http%3A%2F%2Fwww2087a.vu.lt%2Fprogimnazijos-istorija%2F|title:Skaityti%20pla%C4%8Diau&#8221; btn_color_custom_bg=&#8221;#ffffff&#8221; btn_color_custom_active_bg=&#8221;#17894b&#8221; btn_color_custom_text=&#8221;#17894b&#8221; btn_color_custom_hover_text=&#8221;#ffffff&#8221; btn_color_custom_active_text=&#8221;#17894b&#8221; btn_color_custom_hover_bg=&#8221;#17894b&#8221; btn_color_custom_border=&#8221;#17894b&#8221; btn_margin_b=&#8221;10px&#8221;][stm_btn_simple btn_color=&#8221;custom&#8221; btn_link=&#8221;url:https%3A%2F%2Fwww.baltupiuprogimnazija.vilnius.lm.lt%2Fgoogle-street-view-turas%2F&#8221; btn_link_text=&#8221;Google street view turas&#8221; btn_color_custom_bg=&#8221;#ffffff&#8221; btn_color_custom_hover_bg=&#8221;#17894b&#8221; btn_color_custom_active_bg=&#8221;#17894b&#8221; btn_color_custom_border=&#8221;#17894b&#8221; btn_color_custom_hover_text=&#8221;#ffffff&#8221; btn_color_custom_active_text=&#8221;#17894b&#8221; btn_color_custom_text=&#8221;#17894b&#8221;][\/vc_column_inner][vc_column_inner width=&#8221;1\/2&#8243;][stm_single_image img_id=&#8221;79995&#8243; img_size=&#8221;large&#8221; css=&#8221;.vc_custom_1714131686606{border-top-width: 1px !important;border-right-width: 1px !important;border-bottom-width: 1px !important;border-left-width: 1px !important;padding-top: 5px !important;padding-right: 5px !important;padding-bottom: 5px !important;padding-left: 5px !important;border-left-color: #37962e !important;border-left-style: ridge !important;border-right-color: #37962e !important;border-right-style: ridge !important;border-top-color: #37962e !important;border-top-style: ridge !important;border-bottom-color: #37962e !important;border-bottom-style: ridge !important;}&#8221;][\/vc_column_inner][\/vc_row_inner][stm_spacing lg_spacing=&#8221;60&#8243; md_spacing=&#8221;60&#8243; sm_spacing=&#8221;60&#8243; xs_spacing=&#8221;40&#8243;][\/vc_column][\/vc_row][vc_row full_width=&#8221;stretch_row&#8221; css=&#8221;.vc_custom_1619628516235{background-color: rgba(255,255,255,0.72) !important;*background-color: rgb(255,255,255) !important;}&#8221;][vc_column][vc_row_inner][vc_column_inner][vc_custom_heading text=&#8221;Naujienos&#8221; font_container=&#8221;tag:h2|font_size:28px|text_align:left|color:%23333333&#8243; use_theme_fonts=&#8221;yes&#8221;][\/vc_column_inner][\/vc_row_inner][vc_tta_tabs stm_tabs_style=&#8221;style-3&#8243; style=&#8221;outline&#8221; shape=&#8221;square&#8221; color=&#8221;white&#8221; spacing=&#8221;&#8221; alignment=&#8221;right&#8221; active_section=&#8221;1&#8243; no_fill_content_area=&#8221;true&#8221; css=&#8221;.vc_custom_1618686627465{margin-top: -65px !important;}&#8221;][vc_tta_section title=&#8221;Bendros&#8221; tab_id=&#8221;1568703716925-50fb741d-4228da2a-05a6&#8243;][stm_posts view=&#8221;small_grid&#8221; posts_category=&#8221;naujienos&#8221; thumb_size=&#8221;250&#215;200&#8243; css=&#8221;.vc_custom_1654075446193{padding-top: 5px !important;}&#8221;][\/vc_tta_section][vc_tta_section title=&#8221;Svarbu&#8221; tab_id=&#8221;1568786630651-5ba44c17-66d3da2a-05a6&#8243;][stm_posts view=&#8221;small_grid&#8221; posts_category=&#8221;svarbu&#8221;][\/vc_tta_section][vc_tta_section title=&#8221;Renginiai&#8221; tab_id=&#8221;1568786620985-4e63f592-3452da2a-05a6&#8243;][stm_posts view=&#8221;small_grid&#8221; posts_category=&#8221;athletics&#8221;][\/vc_tta_section][vc_tta_section title=&#8221;Parodos&#8221; tab_id=&#8221;1568703716939-c1387824-b36cda2a-05a6&#8243;][stm_posts view=&#8221;small_grid&#8221; posts_category=&#8221;parodos-2&#8243;][\/vc_tta_section][\/vc_tta_tabs][stm_link link_color=&#8221;custom&#8221; link_alignment=&#8221;right&#8221; link=&#8221;url:https%3A%2F%2Fwww.baltupiuprogimnazija.vilnius.lm.lt%2F%3Fpage_id%3D68635|title:Naujienos&#8221; link_text=&#8221;Visos naujienos&#8221; link_size=&#8221;18px&#8221; link_color_custom=&#8221;#37932a&#8221; link_margin_t=&#8221;10px&#8221; link_margin_b=&#8221;10px&#8221;][\/vc_column][\/vc_row][vc_row][vc_column][vc_custom_heading text=&#8221;Renginiai&#8221; font_container=&#8221;tag:h2|font_size:28px|text_align:left|color:%23333333&#8243; use_theme_fonts=&#8221;yes&#8221;][stm_events view_style=&#8221;grid2&#8243; column_count=&#8221;4&#8243; event_category=&#8221;renginiai&#8221; thumbnail_enable=&#8221;true&#8221; content_style_enable=&#8221;true&#8221; events_count=&#8221;3&#8243; box_margin_b=&#8221;30px&#8221;][\/vc_column][\/vc_row][vc_row full_width=&#8221;stretch_row&#8221; css=&#8221;.vc_custom_1621519145101{margin-bottom: 0px !important;padding-top: 5% !important;padding-bottom: 0px !important;background-color: #ffffff !important;}&#8221;][vc_column css=&#8221;.vc_custom_1569056181624{padding-top: 0px !important;}&#8221;][vc_custom_heading text=&#8221;Nuorodos&#8221; font_container=&#8221;tag:h2|font_size:28px|text_align:left|color:%23333333&#8243; use_theme_fonts=&#8221;yes&#8221; el_class=&#8221;mobile_align_center&#8221;][vc_images_carousel images=&#8221;68531,68549,68547,68541,68543,68535,68545,68525,80247,80243,80272,80350,82154,83743&#8243; img_size=&#8221;&#8221; onclick=&#8221;custom_link&#8221; custom_links_target=&#8221;_blank&#8221; slides_per_view=&#8221;8&#8243; autoplay=&#8221;yes&#8221; hide_pagination_control=&#8221;yes&#8221; wrap=&#8221;yes&#8221; custom_links=&#8221;#E-8_aHR0cCUzQSUyRiUyRnd3dy5wYWdhbGJhdmFpa2Ftcy5sdCUyRiUyQ2h0dHBzJTNBJTJGJTJGcGF0eWNpdWRlenV0ZS5iYWx0dXBpdXByb2dpbW5hemlqYS52aWxuaXVzLmxtLmx0JTJGJTJDaHR0cHMlM0ElMkYlMkZ2eXR1cnlzLmx0JTJGa29kYXMlMkZ2bmJhbHR1cGl1JTJGJTJDaHR0cHMlM0ElMkYlMkZ3d3cudGV2dWxpbmlqYS5sdCUyRiUyQ2h0dHBzJTNBJTJGJTJGd3d3LnR1bmV2aWVuYXMubHQlMkZwYWdhbGJvcy1saW5pamElMkYlMkNodHRwJTNBJTJGJTJGYmFsdHVwaXVyYWRpamFzLmJsb2dzcG90LmNvbSUyRiUyQ2h0dHAlM0ElMkYlMkZ3d3cudmFpa3VsaW5pamEubHQlMkNodHRwcyUzQSUyRiUyRmVyYXNtdXMtcGxpdXMubHQlMkYlMkNodHRwcyUzQSUyRiUyRnd3dy5uc2Euc21tLmx0JTJGJTJDaHR0cHMlM0ElMkYlMkZzbXNtLmxydi5sdCUyRiUyQ2h0dHBzJTNBJTJGJTJGd3d3LnBpbGlldGlza3Vtb21va3lrbGEubHQlMkYlMkNodHRwcyUzQSUyRiUyRm11a2lzLmx0JTJGJTJDaHR0cHMlM0ElMkYlMkZkaWVueW5hcy50YW1vLmx0JTJGcHJpc2lqdW5naW1hcyUyRmxvZ2luJTJDaHR0cHMlM0ElMkYlMkZ3d3cucHJvZ2ltbmF6aWpvcy52aWxuaXVzLmxtLmx0JTJG&#8221; css=&#8221;.vc_custom_1774972690554{background-position: center !important;background-repeat: no-repeat !important;background-size: cover !important;}&#8221;][\/vc_column][\/vc_row][vc_row full_width=&#8221;stretch_row&#8221; css=&#8221;.vc_custom_1619627149793{padding-top: 2% !important;background-color: #ffffff !important;}&#8221;][vc_column css=&#8221;.vc_custom_1569056181624{padding-top: 0px !important;}&#8221;][vc_custom_heading text=&#8221;Projektai&#8221; font_container=&#8221;tag:h2|font_size:28px|text_align:left|color:%23333333&#8243; use_theme_fonts=&#8221;yes&#8221; css=&#8221;.vc_custom_1621585334277{margin-bottom: 0px !important;padding-bottom: 25px !important;}&#8221; el_class=&#8221;mobile_align_center&#8221;][\/vc_column][\/vc_row][vc_row full_width=&#8221;stretch_row&#8221; gap=&#8221;1&#8243; equal_height=&#8221;yes&#8221; content_placement=&#8221;middle&#8221; css=&#8221;.vc_custom_1621786180959{background-color: #ffffff !important;}&#8221;][vc_column width=&#8221;1\/3&#8243; offset=&#8221;vc_col-lg-2&#8243; css=&#8221;.vc_custom_1621785865140{padding-top: 0px !important;}&#8221; el_class=&#8221;box2&#8243;][vc_single_image image=&#8221;67985&#8243; img_size=&#8221;medium&#8221; alignment=&#8221;center&#8221; onclick=&#8221;custom_link&#8221; css=&#8221;.vc_custom_1643035376358{margin-bottom: 0px !important;}&#8221; link=&#8221;https:\/\/www.baltupiuprogimnazija.vilnius.lm.lt\/projektas-1\/&#8221;][\/vc_column][vc_column width=&#8221;1\/3&#8243; offset=&#8221;vc_col-lg-2&#8243; css=&#8221;.vc_custom_1621785882918{padding-top: 0px !important;}&#8221; el_class=&#8221;box2&#8243;][vc_single_image image=&#8221;67971&#8243; img_size=&#8221;medium&#8221; alignment=&#8221;center&#8221; onclick=&#8221;custom_link&#8221; css=&#8221;.vc_custom_1643035402896{margin-bottom: 0px !important;}&#8221; link=&#8221;https:\/\/www.baltupiuprogimnazija.vilnius.lm.lt\/projektas-2\/&#8221;][\/vc_column][vc_column width=&#8221;1\/3&#8243; offset=&#8221;vc_col-lg-2&#8243; css=&#8221;.vc_custom_1621785941748{padding-top: 0px !important;}&#8221; el_class=&#8221;box2&#8243;][vc_single_image image=&#8221;67988&#8243; img_size=&#8221;&#8221; alignment=&#8221;center&#8221; onclick=&#8221;custom_link&#8221; css=&#8221;.vc_custom_1643035357781{margin-bottom: 0px !important;}&#8221; link=&#8221;https:\/\/www.baltupiuprogimnazija.vilnius.lm.lt\/projektas-3\/&#8221;][\/vc_column][vc_column width=&#8221;1\/3&#8243; offset=&#8221;vc_col-lg-2&#8243; css=&#8221;.vc_custom_1621785963639{padding-top: 0px !important;}&#8221; el_class=&#8221;box2&#8243;][vc_single_image image=&#8221;67974&#8243; img_size=&#8221;medium&#8221; alignment=&#8221;center&#8221; onclick=&#8221;custom_link&#8221; css=&#8221;.vc_custom_1643035429805{margin-bottom: 0px !important;}&#8221; link=&#8221;https:\/\/www.baltupiuprogimnazija.vilnius.lm.lt\/projektas-4\/&#8221;][\/vc_column][vc_column width=&#8221;1\/3&#8243; offset=&#8221;vc_col-lg-2&#8243; css=&#8221;.vc_custom_1621785985188{padding-top: 0px !important;}&#8221; el_class=&#8221;box2&#8243;][vc_single_image image=&#8221;67981&#8243; img_size=&#8221;&#8221; alignment=&#8221;center&#8221; onclick=&#8221;custom_link&#8221; css=&#8221;.vc_custom_1643035454398{margin-bottom: 0px !important;}&#8221; link=&#8221;https:\/\/www.baltupiuprogimnazija.vilnius.lm.lt\/projektas-5-2\/&#8221;][\/vc_column][vc_column width=&#8221;1\/3&#8243; offset=&#8221;vc_col-lg-2&#8243; css=&#8221;.vc_custom_1621786030841{border-top-width: 1px !important;border-right-width: 1px !important;border-bottom-width: 1px !important;border-left-width: 1px !important;padding-top: 0px !important;border-left-color: #eaeaea !important;border-left-style: solid !important;border-right-color: #eaeaea !important;border-right-style: solid !important;border-top-color: #eaeaea !important;border-top-style: solid !important;border-bottom-color: #eaeaea !important;border-bottom-style: solid !important;}&#8221; el_class=&#8221;box2&#8243;][vc_single_image image=&#8221;67973&#8243; img_size=&#8221;&#8221; alignment=&#8221;center&#8221; onclick=&#8221;custom_link&#8221; css=&#8221;.vc_custom_1643035477232{margin-bottom: 0px !important;padding-top: 10px !important;}&#8221; link=&#8221;https:\/\/www.baltupiuprogimnazija.vilnius.lm.lt\/2018-09-9940\/&#8221;][\/vc_column][vc_column][stm_spacing lg_spacing=&#8221;52&#8243; md_spacing=&#8221;52&#8243; sm_spacing=&#8221;52&#8243; xs_spacing=&#8221;32&#8243;][\/vc_column][\/vc_row]<\/p>\n<\/section>","protected":false},"excerpt":{"rendered":"<p>[vc_row css=&#8221;.vc_custom_1621341858968{margin-top: 0px !important;padding-top: 0px !important;}&#8221;][vc_column][\/vc_column][\/vc_row][vc_row full_width=&#8221;stretch_row&#8221; css=&#8221;.vc_custom_1620639399157{background-color: rgba(247,247,247,0.45) !important;*background-color: rgb(247,247,247) !important;}&#8221;][vc_column][stm_spacing lg_spacing=&#8221;30&#8243; md_spacing=&#8221;30&#8243; sm_spacing=&#8221;30&#8243; xs_spacing=&#8221;30&#8243;][vc_row_inner equal_height=&#8221;yes&#8221; content_placement=&#8221;middle&#8221;][vc_column_inner css=&#8221;.vc_custom_1569220318265{padding-right: 35px !important;}&#8221; offset=&#8221;vc_col-lg-6 vc_col-md-6&#8243;][vc_custom_heading text=&#8221;Apie progimnazij\u0105&#8221; font_container=&#8221;tag:h2|font_size:28px|text_align:left|color:%23333333&#8243; use_theme_fonts=&#8221;yes&#8221;][vc_column_text]Siekis &#8211; teikti kokybi\u0161k\u0105 pradin\u012f ir pagrindin\u012f (I dalies) i\u0161silavinim\u0105, glaud\u017eiai bendradarbiaujant mokytojams, t\u0117vams, mokiniams ir visuomenei. Ugdyti dor\u0105, i\u0161silavinusi\u0105, toleranti\u0161k\u0105, k\u016brybi\u0161k\u0105 asmenyb\u0119, geban\u010di\u0105 s\u0117kmingai gyventi spar\u010diai besikei\u010dian\u010dioje visuomen\u0117je, [&hellip;]<\/p>\n","protected":false},"author":1,"featured_media":79107,"parent":0,"menu_order":0,"comment_status":"closed","ping_status":"closed","template":"","meta":{"footnotes":""},"class_list":["post-67879","page","type-page","status-publish","has-post-thumbnail","hentry"],"_links":{"self":[{"href":"https:\/\/www.baltupiuprogimnazija.vilnius.lm.lt\/index.php?rest_route=\/wp\/v2\/pages\/67879","targetHints":{"allow":["GET"]}}],"collection":[{"href":"https:\/\/www.baltupiuprogimnazija.vilnius.lm.lt\/index.php?rest_route=\/wp\/v2\/pages"}],"about":[{"href":"https:\/\/www.baltupiuprogimnazija.vilnius.lm.lt\/index.php?rest_route=\/wp\/v2\/types\/page"}],"author":[{"embeddable":true,"href":"https:\/\/www.baltupiuprogimnazija.vilnius.lm.lt\/index.php?rest_route=\/wp\/v2\/users\/1"}],"replies":[{"embeddable":true,"href":"https:\/\/www.baltupiuprogimnazija.vilnius.lm.lt\/index.php?rest_route=%2Fwp%2Fv2%2Fcomments&post=67879"}],"version-history":[{"count":111,"href":"https:\/\/www.baltupiuprogimnazija.vilnius.lm.lt\/index.php?rest_route=\/wp\/v2\/pages\/67879\/revisions"}],"predecessor-version":[{"id":83758,"href":"https:\/\/www.baltupiuprogimnazija.vilnius.lm.lt\/index.php?rest_route=\/wp\/v2\/pages\/67879\/revisions\/83758"}],"wp:featuredmedia":[{"embeddable":true,"href":"https:\/\/www.baltupiuprogimnazija.vilnius.lm.lt\/index.php?rest_route=\/wp\/v2\/media\/79107"}],"wp:attachment":[{"href":"https:\/\/www.baltupiuprogimnazija.vilnius.lm.lt\/index.php?rest_route=%2Fwp%2Fv2%2Fmedia&parent=67879"}],"curies":[{"name":"wp","href":"https:\/\/api.w.org\/{rel}","templated":true}]}}