{"id":67201,"date":"2021-03-30T15:11:49","date_gmt":"2021-03-30T12:11:49","guid":{"rendered":"https:\/\/www.baltupiuprogimnazija.vilnius.lm.lt\/?page_id=67201"},"modified":"2023-08-31T19:20:55","modified_gmt":"2023-08-31T16:20:55","slug":"etikos-komisija","status":"publish","type":"page","link":"https:\/\/www.baltupiuprogimnazija.vilnius.lm.lt\/?page_id=67201","title":{"rendered":"Etikos komisija"},"content":{"rendered":"<section class=\"wpb-content-wrapper\">[vc_row][vc_column width=&#8221;3\/4&#8243;][vc_row_inner][vc_column_inner][vc_column_text]\r\n\r\n<strong>Ramun\u0117\u00a0Rimkuvien\u0117<\/strong>, pradini\u0173 klasi\u0173 mokytoja \u2013 komisijos pirminink\u0117;\r\n\r\n<strong>Lina<\/strong> <strong>Smaliukien\u0117<\/strong>, pradini\u0173 klasi\u0173 mokytoja, \u2013 nar\u0117;\r\n\r\n<strong>Greta Kni\u0161kait\u0117 &#8211; Nagelien\u0117,<\/strong> lietuvi\u0173 kalbos mokytoja \u2013 nar\u0117;\r\n\r\n<strong>Eglita Ju\u0161kevi\u010dien\u0117<\/strong>, angl\u0173 kalbos mokytoja \u2013 nar\u0117;\r\n\r\n<strong>Edita Koverovien\u0117, <\/strong>biologijos mokytoja \u2013 nar\u0117;\r\n\r\n<strong>Tautvydas Zenevi\u010dius<\/strong>, pastat\u0173 pri\u017ei\u016br\u0117tojas \u2013\u00a0narys.\r\n\r\n[\/vc_column_text][\/vc_column_inner][\/vc_row_inner][\/vc_column][\/vc_row]<!-- \/wp:post-content --><\/section>","protected":false},"excerpt":{"rendered":"<p>[vc_row][vc_column width=&#8221;3\/4&#8243;][vc_row_inner][vc_column_inner][vc_column_text] Ramun\u0117\u00a0Rimkuvien\u0117, pradini\u0173 klasi\u0173 mokytoja \u2013 komisijos pirminink\u0117; Lina Smaliukien\u0117, pradini\u0173 klasi\u0173 mokytoja, \u2013 nar\u0117; Greta Kni\u0161kait\u0117 &#8211; Nagelien\u0117, lietuvi\u0173 kalbos mokytoja \u2013 nar\u0117; Eglita Ju\u0161kevi\u010dien\u0117, angl\u0173 kalbos mokytoja \u2013 nar\u0117; Edita Koverovien\u0117, biologijos mokytoja \u2013 nar\u0117; Tautvydas Zenevi\u010dius, pastat\u0173 pri\u017ei\u016br\u0117tojas \u2013\u00a0narys. [\/vc_column_text][\/vc_column_inner][\/vc_row_inner][\/vc_column][\/vc_row]<\/p>\n","protected":false},"author":1,"featured_media":0,"parent":4247,"menu_order":0,"comment_status":"closed","ping_status":"closed","template":"","meta":{"footnotes":""},"class_list":["post-67201","page","type-page","status-publish","hentry"],"_links":{"self":[{"href":"https:\/\/www.baltupiuprogimnazija.vilnius.lm.lt\/index.php?rest_route=\/wp\/v2\/pages\/67201","targetHints":{"allow":["GET"]}}],"collection":[{"href":"https:\/\/www.baltupiuprogimnazija.vilnius.lm.lt\/index.php?rest_route=\/wp\/v2\/pages"}],"about":[{"href":"https:\/\/www.baltupiuprogimnazija.vilnius.lm.lt\/index.php?rest_route=\/wp\/v2\/types\/page"}],"author":[{"embeddable":true,"href":"https:\/\/www.baltupiuprogimnazija.vilnius.lm.lt\/index.php?rest_route=\/wp\/v2\/users\/1"}],"replies":[{"embeddable":true,"href":"https:\/\/www.baltupiuprogimnazija.vilnius.lm.lt\/index.php?rest_route=%2Fwp%2Fv2%2Fcomments&post=67201"}],"version-history":[{"count":24,"href":"https:\/\/www.baltupiuprogimnazija.vilnius.lm.lt\/index.php?rest_route=\/wp\/v2\/pages\/67201\/revisions"}],"predecessor-version":[{"id":79934,"href":"https:\/\/www.baltupiuprogimnazija.vilnius.lm.lt\/index.php?rest_route=\/wp\/v2\/pages\/67201\/revisions\/79934"}],"up":[{"embeddable":true,"href":"https:\/\/www.baltupiuprogimnazija.vilnius.lm.lt\/index.php?rest_route=\/wp\/v2\/pages\/4247"}],"wp:attachment":[{"href":"https:\/\/www.baltupiuprogimnazija.vilnius.lm.lt\/index.php?rest_route=%2Fwp%2Fv2%2Fmedia&parent=67201"}],"curies":[{"name":"wp","href":"https:\/\/api.w.org\/{rel}","templated":true}]}}