{"id":4321,"date":"2021-03-29T11:10:30","date_gmt":"2021-03-29T08:10:30","guid":{"rendered":"http:\/\/tobalt.tech\/baltupiugimnazija\/?page_id=4321"},"modified":"2025-09-29T12:10:03","modified_gmt":"2025-09-29T09:10:03","slug":"asmens-duomenu-apsauga","status":"publish","type":"page","link":"https:\/\/www.baltupiuprogimnazija.vilnius.lm.lt\/?page_id=4321","title":{"rendered":"Asmens duomen\u0173 apsauga"},"content":{"rendered":"<section class=\"wpb-content-wrapper\"><p>[vc_row gap=&#8221;25&#8243;][vc_column width=&#8221;2\/3&#8243;][vc_row_inner][vc_column_inner][vc_column_text]Duomen\u0173 valdytojas, \u012fgyvendindamas Bendrajame duomen\u0173 apsaugos reglamente \u012ftvirtintus su asmens duomen\u0173 tvarkymu susijusius principus ir siekdamas u\u017etikrinti, kad asmens duomenys duomen\u0173 subjekto at\u017evilgiu b\u016bt\u0173 tvarkomi s\u0105\u017einingu ir skaidriu b\u016bdu, skelbia informacij\u0105 apie vykdom\u0105 asmens duomen\u0173 tvarkym\u0105.<\/p>\n<p><strong>Duomen\u0173 valdytojo kontaktai:<\/strong><\/p>\n<p>Vilniaus Baltupi\u0173 progimnazija<\/p>\n<p>Didlaukio g. 23, Vilnius<\/p>\n<p>El. p. rastine@baltupiu.vilnius.lm.lt<\/p>\n<p>Tel. nr. +3705 277 8345<\/p>\n<p><strong>Duomen\u0173 apsaugos pareig\u016bno kontaktai:<\/strong><\/p>\n<p>MB \u201eDuomen\u0173 sauga\u201c<\/p>\n<p>El. p. dap@duomenu-sauga.lt<\/p>\n<p>Tel. nr. +370 67243319<\/p>\n<p>Visais klausimais, susijusiais su duomen\u0173 subjekto asmens duomen\u0173 tvarkymu ir naudojimusi savo teis\u0117mis, duomen\u0173 subjektas turi teis\u0119 kreiptis \u012f duomen\u0173 apsaugos pareig\u016bn\u0105 auk\u0161\u010diau nurodytais kontaktais arba pa\u0161tu pateikiant duomen\u0173 valdytojo adresu. Siekiant u\u017etikrinti konfidencialum\u0105, kreipiantis \u012f duomen\u0173 apsaugos pareig\u016bn\u0105 pa\u0161tu, ant voko u\u017era\u0161oma, kad korespondencija skirta duomen\u0173 apsaugos pareig\u016bnui.<\/p>\n<p>&nbsp;<\/p>\n<p><strong>Duomen\u0173 subjektas turi \u0161ias teises, nurodytas Bendrajame duomen\u0173 apsaugos reglamente:<\/strong><\/p>\n<p>1) gauti informacij\u0105 apie savo asmens duomen\u0173 tvarkym\u0105;<\/p>\n<p>2) susipa\u017einti su savo asmens duomenimis;<\/p>\n<p>3) at\u0161aukti savo sutikim\u0105 tvarkyti asmens duomenis;<\/p>\n<p>4) pra\u0161yti i\u0161taisyti netikslius, papildyti nei\u0161samius asmens duomenis;<\/p>\n<p>5) pra\u0161yti i\u0161trinti (teis\u0117 \u201eb\u016bti pamir\u0161tam\u201c) su duomen\u0173 subjektu susijusius asmens duomenis, jei tai galima pagr\u012fsti viena i\u0161 prie\u017eas\u010di\u0173, numatyt\u0173 Bendrojo duomen\u0173 apsaugos reglamento 17 straipsnio 1 dalyje;<\/p>\n<p>6) pra\u0161yti apriboti savo asmens duomen\u0173 tvarkym\u0105, kai taikomas vienas i\u0161 atvej\u0173, numatyt\u0173 Bendrojo duomen\u0173 apsaugos reglamento 18 straipsnio 1 dalyje;<\/p>\n<p>7) teis\u0119 \u012f duomen\u0173 perkeliamum\u0105;<\/p>\n<p>8) nesutikti, kad su juo susij\u0119 asmens duomenys b\u016bt\u0173 tvarkomi;<\/p>\n<p>9) pateikti skund\u0105 prie\u017ei\u016bros institucijai (Valstybinei duomen\u0173 apsaugos inspekcijai (L. Sapiegos g. 17, Vilnius, el. pa\u0161tas ada@ada.lt, interneto svetain\u0117 <a href=\"http:\/\/www.ada.lt)\">www.ada.lt)<\/a>).<\/p>\n<p>&nbsp;<\/p>\n<p><strong>Duomen\u0173 subjekt\u0173 teisi\u0173 \u012fgyvendinimas<\/strong><\/p>\n<p><strong>\u00a0<\/strong><\/p>\n<p>Duomen\u0173 subjektai, siekdami \u012fgyvendinti savo teises, turi pateikti ra\u0161ytin\u012f pra\u0161ym\u0105 asmeni\u0161kai, pa\u0161tu ar elektroniniu b\u016bdu ir patvirtinti savo asmens tapatyb\u0119. \u017demiau pateikta rekomenduojama kreipimosi forma, kuria duomen\u0173 subjektas gali pasinaudoti.<\/p>\n<p>Rekomenduojama duomen\u0173 subjekto teisi\u0173 \u012fgyvendinimo forma: (https:\/\/www.baltupiuprogimnazija.vilnius.lm.lt\/wp-content\/uploads\/2025\/08\/Rekomenduojama-duomenu-subjekto-teisiu-igyvendinimo-forma.pdf)<\/p>\n<p>Pra\u0161ymas turi b\u016bti \u012fskaitomas, asmens pasira\u0161ytas, jame turi b\u016bti nurodytas duomen\u0173 subjekto vardas, pavard\u0117, gyvenamoji vieta, duomenys ry\u0161iui palaikyti ir informacija apie tai, koki\u0105 i\u0161 teisi\u0173 ir kokia apimtimi duomen\u0173 subjektas pageidauja \u012fgyvendinti.<\/p>\n<p>Pateikdamas pra\u0161ym\u0105, duomen\u0173 subjektas privalo patvirtinti savo tapatyb\u0119: 1) pateikdamas ra\u0161ytin\u012f pra\u0161ym\u0105 duomen\u0173 valdytojo darbuotojui, registruojan\u010diam pra\u0161ym\u0105, turi pateikti asmens tapatyb\u0119 patvirtinant\u012f dokument\u0105; 2) pateikdamas pra\u0161ym\u0105 pa\u0161tu ar per pasiuntin\u012f, kartu turi pateikti asmens tapatyb\u0119 patvirtinan\u010dio dokumento kopij\u0105, patvirtint\u0105 notaro, ar \u0161io dokumento kopij\u0105, patvirtint\u0105 kita teis\u0117s akt\u0173 nustatyta tvarka; 3) pateikdamas pra\u0161ym\u0105 elektronini\u0173 ry\u0161i\u0173 priemon\u0117mis, turi pasira\u0161yti j\u012f elektroniniu para\u0161u.<\/p>\n<p>Jei atstovaujamo duomen\u0173 subjekto vardu \u012f duomen\u0173 valdytoj\u0105 kreipiasi asmens atstovas, jis savo pra\u0161yme turi nurodyti savo vard\u0105, pavard\u0119, gyvenam\u0105j\u0105 viet\u0105, duomenis ry\u0161iui palaikyti, taip pat atstovaujamo asmens vard\u0105, pavard\u0119, gyvenam\u0105j\u0105 viet\u0105, informacij\u0105 apie tai, koki\u0105 duomen\u0173 subjekto teis\u0119 ir kokia apimtimi pageidaujama \u012fgyvendinti, ir prid\u0117ti atstovavim\u0105 patvirtinant\u012f dokument\u0105, patvirtint\u0105 notaro, ar jo kopij\u0105.<\/p>\n<p>Detali\u0105 informacij\u0105 apie duomen\u0173 subjekt\u0173 teisi\u0173 \u012fgyvendinim\u0105 bei asmens duomen\u0173 tvarkym\u0105 galima rasti \u017eemiau esan\u010diose Asmens duomen\u0173 tvarkymo taisykl\u0117se.[\/vc_column_text][\/vc_column_inner][\/vc_row_inner][stm_icon_box icon_position=&#8221;left&#8221; icon_color=&#8221;green&#8221; icon_fontawesome=&#8221;far fa-file-pdf&#8221; icon_size=&#8221;20px&#8221; title=&#8221;Asmens duomen\u0173 tvarkymo taisykl\u0117s&#8221; title_link=&#8221;url:https%3A%2F%2Fwww.baltupiuprogimnazija.vilnius.lm.lt%2Fwp-content%2Fuploads%2F2025%2F08%2F2025-Asmens-duomenu-tvarkymo-taisykles.pdf|title:Asmens%20duomen%C5%B3%20tvarkymo%20taisykl%C4%97s|target:_blank&#8221;][stm_icon_box icon_position=&#8221;left&#8221; icon_color=&#8221;green&#8221; icon_fontawesome=&#8221;far fa-file-pdf&#8221; icon_size=&#8221;20px&#8221; title=&#8221;Asmens duomen\u0173 apsaugos mokym\u0173 organizavimo ir vykdymo tvarkos apra\u0161as&#8221; title_link=&#8221;url:https%3A%2F%2Fwww.baltupiuprogimnazija.vilnius.lm.lt%2Fwp-content%2Fuploads%2F2024%2F01%2F2023-BDAR-Mokymu-organizavimo-tvarkos-aprasas.pdf|title:Asmens%20duomen%C5%B3%20apsaugos%20mokym%C5%B3%20organizavimo%20ir%20vykdymo%20tvarkos%20apra%C5%A1as|target:_blank&#8221;][stm_icon_box icon_position=&#8221;left&#8221; icon_color=&#8221;green&#8221; icon_fontawesome=&#8221;far fa-file-pdf&#8221; icon_size=&#8221;20px&#8221; title=&#8221;Reagavimo \u012f asmens duomen\u0173 saugumo pa\u017eeidimus proced\u016bros apra\u0161as&#8221; title_link=&#8221;url:https%3A%2F%2Fwww.baltupiuprogimnazija.vilnius.lm.lt%2Fwp-content%2Fuploads%2F2025%2F09%2F2025-BDAR-Reagavimo-i-asmens-duomenu-saugumo-pazeidimus-proceduros-aprasas.pdf|title:Reagavimo%20%C4%AF%20asmens%20duomen%C5%B3%20saugumo%20pa%C5%BEeidimus%20proced%C5%ABros%20apra%C5%A1as|target:_blank&#8221;][stm_icon_box icon_position=&#8221;left&#8221; icon_color=&#8221;green&#8221; icon_fontawesome=&#8221;far fa-file-pdf&#8221; icon_size=&#8221;20px&#8221; title=&#8221;Vaizdo duomen\u0173 tvarkymo taisykl\u0117s&#8221; title_link=&#8221;url:https%3A%2F%2Fwww.baltupiuprogimnazija.vilnius.lm.lt%2Fwp-content%2Fuploads%2F2025%2F08%2F2025-BDAR-Vaizdo-duomenu-tvarkymo-taisykles.pdf|title:Vaizdo%20duomen%C5%B3%20tvarkymo%20taisykl%C4%97s|target:_blank&#8221;][stm_icon_box icon_position=&#8221;left&#8221; icon_color=&#8221;green&#8221; icon_fontawesome=&#8221;far fa-file-pdf&#8221; icon_size=&#8221;20px&#8221; title=&#8221;Interneto svetain\u0117s privatumo ir slapuk\u0173 naudojimo politika&#8221; title_link=&#8221;url:https%3A%2F%2Fwww.baltupiuprogimnazija.vilnius.lm.lt%2Fwp-content%2Fuploads%2F2025%2F08%2F2025-Interneto-svetaines-privatumo-ir-slapuku-naudojimo-politika.pdf|title:Interneto%20svetain%C4%97s%20privatumo%20ir%20slapuk%C5%B3%20naudojimo%20politika|target:_blank&#8221;][\/vc_column][vc_column width=&#8221;1\/3&#8243;][\/vc_column][\/vc_row][vc_row][vc_column][stm_icon_box][\/vc_column][\/vc_row][vc_row][vc_column][vc_column_text]Duomen\u0173 tvarkymo formos:<\/p>\n<ul>\n<li><a title=\"Konfidencialumo \u012fsipareigojimas\" href=\"https:\/\/www.baltupiuprogimnazija.vilnius.lm.lt\/wp-content\/uploads\/2025\/08\/Konfidencialumo_priedas1.pdf\">Konfidencialumo \u012fsipareigojimas<\/a><\/li>\n<li><a title=\"Informacija apie asmens duomen\u0173 tvarkym\u0105 darbuotojams\" href=\"https:\/\/www.baltupiuprogimnazija.vilnius.lm.lt\/wp-content\/uploads\/2025\/08\/Informacija-apie-asmens-duomenu-tvarkyma_priedas2.pdf\">Informacija apie asmens duomen\u0173 tvarkym\u0105 darbuotojams<\/a><\/li>\n<li><a title=\"Sutikimas d\u0117l darbuotojo asmens duomen\u0173 tvarkymo\" href=\"https:\/\/www.baltupiuprogimnazija.vilnius.lm.lt\/wp-content\/uploads\/2025\/08\/Sutikimas-del-darbuotojo-asm-duom-tvark_priedas3.pdf\">Sutikimas d\u0117l darbuotojo asmens duomen\u0173 tvarkymo<\/a><\/li>\n<li><a title=\"Informacija apie asmend duomen\u0173 tvarkym\u0105 mokiniams ir j\u0173 atstovams\" href=\"https:\/\/www.baltupiuprogimnazija.vilnius.lm.lt\/wp-content\/uploads\/2025\/08\/Info-mokiniams-apie-asm-duom-tvark_priedas4.pdf\" target=\"_blank\" rel=\"noopener\">Informacija apie asmens duomen\u0173 tvarkym\u0105 mokiniams ir j\u0173 atstovams<\/a><\/li>\n<li><a title=\"Sutikimas d\u0117l asmens duomen\u0173 tvarkymo (mokiniams ir j\u0173 atstovams)\" href=\"https:\/\/www.baltupiuprogimnazija.vilnius.lm.lt\/wp-content\/uploads\/2025\/08\/sutikimas-del-asmens-duom-tvarkymo-mokiniama_priedas5.pdf\">Sutikimas d\u0117l asmens duomen\u0173 tvarkymo (mokiniams ir j\u0173 atstovams)<\/a><\/li>\n<li><a title=\"Informacija apie asmens duomen\u0173 tvarkym\u0105 kandidatams \u012f darbuotojus\" href=\"https:\/\/www.baltupiuprogimnazija.vilnius.lm.lt\/wp-content\/uploads\/2025\/08\/Info-apie-asm-duom-tvark-kandidatams_priedas6.pdf\">Informacija apie asmens duomen\u0173 tvarkym\u0105 kandidatams \u012f darbuotojus<\/a><\/li>\n<li><a title=\"Informacija apie asmens duomen\u0173 tvarkym\u0105 praktikantams\" href=\"https:\/\/www.baltupiuprogimnazija.vilnius.lm.lt\/wp-content\/uploads\/2025\/08\/Info-apie-asm-duom-tvark-praktikantams_priedas_7.pdf\">Informacija apie asmens duomen\u0173 tvarkym\u0105 praktikantams<\/a><\/li>\n<li><a title=\"Informacija apie asmens duomen\u0173 tvarkym\u0105 vie\u0161\u0173j\u0173 pirkim\u0173 dalyviams\" href=\"https:\/\/www.baltupiuprogimnazija.vilnius.lm.lt\/wp-content\/uploads\/2025\/08\/Info-viesuju-pirkimu-dalyviams_priedas8.pdf\">Informacija apie asmens duomen\u0173 tvarkym\u0105 vie\u0161\u0173j\u0173 pirkim\u0173 dalyviams<\/a><\/li>\n<li><a title=\"Informacija apie asmens duomen\u0173 tvarkym\u0105 skund\u0173, pra\u0161ym\u0173 ir kit\u0173 kreipim\u0173si nagrin\u0117jimo tikslu\" href=\"https:\/\/www.baltupiuprogimnazija.vilnius.lm.lt\/wp-content\/uploads\/2025\/08\/Info-apie-asm-duom-tvark-del-skundu_priedas9.pdf\">Informacija apie asmens duomen\u0173 tvarkym\u0105 skund\u0173, pra\u0161ym\u0173 ir kit\u0173 kreipim\u0173si nagrin\u0117jimo tikslu<\/a><\/li>\n<li><a title=\"Informacija apie asmens duomen\u0173 tvarkym\u0105 nuominimkams\" href=\"https:\/\/www.baltupiuprogimnazija.vilnius.lm.lt\/wp-content\/uploads\/2025\/08\/Info-nuominimkams_priedas10.pdf\" target=\"_blank\" rel=\"noopener\">Informacija apie asmens duomen\u0173 tvarkym\u0105 nuomininkams<\/a><\/li>\n<li><a title=\"Informacija apie asmens duomen\u0173 tvarkym\u0105 specializuotos ir (ar) kitos pagalbos teikimo tikslu\" href=\"https:\/\/www.baltupiuprogimnazija.vilnius.lm.lt\/wp-content\/uploads\/2025\/08\/Info-specializuotos-pagalbos-teikimo-tikslu_priedas11.pdf\">Informacija apie asmens duomen\u0173 tvarkym\u0105 specializuotos ir (ar) kitos pagalbos teikimo tikslu<\/a><\/li>\n<li><a title=\"Informacija apie asmens duomen\u0173 tvarkym\u0105 (sve\u010di\u0173 registracija)\" href=\"https:\/\/www.baltupiuprogimnazija.vilnius.lm.lt\/wp-content\/uploads\/2025\/08\/Sveciu-registracija_priedas12.pdf\">Informacija apie asmens duomen\u0173 tvarkym\u0105 (sve\u010di\u0173 registracija)<\/a><\/li>\n<\/ul>\n<p>[\/vc_column_text][\/vc_column][\/vc_row]<\/p>\n<\/section>","protected":false},"excerpt":{"rendered":"<p>[vc_row gap=&#8221;25&#8243;][vc_column width=&#8221;2\/3&#8243;][vc_row_inner][vc_column_inner][vc_column_text]Duomen\u0173 valdytojas, \u012fgyvendindamas Bendrajame duomen\u0173 apsaugos reglamente \u012ftvirtintus su asmens duomen\u0173 tvarkymu susijusius principus ir siekdamas u\u017etikrinti, kad asmens duomenys duomen\u0173 subjekto at\u017evilgiu b\u016bt\u0173 tvarkomi s\u0105\u017einingu ir skaidriu b\u016bdu, skelbia informacij\u0105 apie vykdom\u0105 asmens duomen\u0173 tvarkym\u0105. Duomen\u0173 valdytojo kontaktai: Vilniaus Baltupi\u0173 progimnazija Didlaukio g. 23, Vilnius El. p. rastine@baltupiu.vilnius.lm.lt Tel. nr. +3705 277 [&hellip;]<\/p>\n","protected":false},"author":1,"featured_media":0,"parent":0,"menu_order":0,"comment_status":"closed","ping_status":"closed","template":"","meta":{"footnotes":""},"class_list":["post-4321","page","type-page","status-publish","hentry"],"_links":{"self":[{"href":"https:\/\/www.baltupiuprogimnazija.vilnius.lm.lt\/index.php?rest_route=\/wp\/v2\/pages\/4321","targetHints":{"allow":["GET"]}}],"collection":[{"href":"https:\/\/www.baltupiuprogimnazija.vilnius.lm.lt\/index.php?rest_route=\/wp\/v2\/pages"}],"about":[{"href":"https:\/\/www.baltupiuprogimnazija.vilnius.lm.lt\/index.php?rest_route=\/wp\/v2\/types\/page"}],"author":[{"embeddable":true,"href":"https:\/\/www.baltupiuprogimnazija.vilnius.lm.lt\/index.php?rest_route=\/wp\/v2\/users\/1"}],"replies":[{"embeddable":true,"href":"https:\/\/www.baltupiuprogimnazija.vilnius.lm.lt\/index.php?rest_route=%2Fwp%2Fv2%2Fcomments&post=4321"}],"version-history":[{"count":32,"href":"https:\/\/www.baltupiuprogimnazija.vilnius.lm.lt\/index.php?rest_route=\/wp\/v2\/pages\/4321\/revisions"}],"predecessor-version":[{"id":83384,"href":"https:\/\/www.baltupiuprogimnazija.vilnius.lm.lt\/index.php?rest_route=\/wp\/v2\/pages\/4321\/revisions\/83384"}],"wp:attachment":[{"href":"https:\/\/www.baltupiuprogimnazija.vilnius.lm.lt\/index.php?rest_route=%2Fwp%2Fv2%2Fmedia&parent=4321"}],"curies":[{"name":"wp","href":"https:\/\/api.w.org\/{rel}","templated":true}]}}