{"id":4315,"date":"2021-03-29T11:09:24","date_gmt":"2021-03-29T08:09:24","guid":{"rendered":"http:\/\/tobalt.tech\/baltupiugimnazija\/?page_id=4315"},"modified":"2026-03-10T11:44:58","modified_gmt":"2026-03-10T09:44:58","slug":"ugdymo-dokumentai","status":"publish","type":"page","link":"https:\/\/www.baltupiuprogimnazija.vilnius.lm.lt\/?page_id=4315","title":{"rendered":"Ugdymo dokumentai"},"content":{"rendered":"<section class=\"wpb-content-wrapper\"><p>[vc_row gap=&#8221;20&#8243;][vc_column width=&#8221;3\/4&#8243;][stm_icon_box icon_position=&#8221;left&#8221; icon_color=&#8221;custom&#8221; icon_fontawesome=&#8221;far fa-file-pdf&#8221; icon_size=&#8221;22px&#8221; icon_color_custom=&#8221;#8cba80&#8243; title=&#8221;Ugdymo proceso organizavimas (mokslo met\u0173 trukm\u0117, pusme\u010diai, trimestrai, atostogos)&#8221; title_link=&#8221;url:https%3A%2F%2Fwww.baltupiuprogimnazija.vilnius.lm.lt%2Fwp-content%2Fuploads%2F2025%2F09%2FUgdymo-proceso-organizavimas-2025-2026_keit.pdf|title:Ugdymo%20proceso%20organizavimas%20(mokslo%20met%C5%B3%20trukm%C4%97%2C%20pusme%C4%8Diai%2C%20trimestrai%2C%20atostogos)|target:_blank&#8221; title_font_size=&#8221;16px&#8221; css=&#8221;.vc_custom_1757313704347{margin-bottom: 0px !important;padding-bottom: 10px !important;}&#8221;][stm_icon_box icon_position=&#8221;left&#8221; icon_color=&#8221;custom&#8221; icon_fontawesome=&#8221;far fa-file-pdf&#8221; icon_size=&#8221;22px&#8221; icon_color_custom=&#8221;#8cba80&#8243; title=&#8221;2025\u20132026 ir 2026\u20132027 m.m. pradinio ir pagrindinio ugdymo program\u0173 ugdymo plano pakeitimas&#8221; title_link=&#8221;url:https%3A%2F%2Fwww.baltupiuprogimnazija.vilnius.lm.lt%2Fwp-content%2Fuploads%2F2025%2F09%2F2025-09-02-Ugdymo-plano-2025-2026-ir-2026-2027-pakeitimas.pdf|title:2025%E2%80%932026%20ir%202026%E2%80%932027%20m.m.%20pradinio%20ir%20pagrindinio%20ugdymo%20program%C5%B3%20ugdymo%20plano%20pakeitimas|target:_blank&#8221; title_font_size=&#8221;16px&#8221; css=&#8221;.vc_custom_1757314377930{margin-bottom: 0px !important;padding-bottom: 10px !important;}&#8221;][stm_icon_box icon_position=&#8221;left&#8221; icon_color=&#8221;custom&#8221; icon_fontawesome=&#8221;far fa-file-pdf&#8221; icon_size=&#8221;22px&#8221; icon_color_custom=&#8221;#8cba80&#8243; title=&#8221;2025-2026 ir 2026-2027 m. m. pradinio ir pagrindinio ugdymo program\u0173 ugdymo planas&#8221; title_link=&#8221;url:https%3A%2F%2Fwww.baltupiuprogimnazija.vilnius.lm.lt%2Fwp-content%2Fuploads%2F2025%2F09%2F2025-2026-ir-2026-2027-UGDYMO-PLANAS-002.pdf|title:2025-2026%20ir%202026-2027%20m.%20m.%20ugdymo%20planas|target:_blank&#8221; title_font_size=&#8221;16px&#8221; css=&#8221;.vc_custom_1757314173904{margin-bottom: 0px !important;padding-bottom: 10px !important;}&#8221;][stm_icon_box icon_position=&#8221;left&#8221; icon_color=&#8221;custom&#8221; icon_fontawesome=&#8221;far fa-file-pdf&#8221; icon_size=&#8221;22px&#8221; icon_color_custom=&#8221;#8cba80&#8243; title=&#8221;\u012etraukiojo ugdymo apra\u0161as&#8221; title_link=&#8221;url:https%3A%2F%2Fwww.baltupiuprogimnazija.vilnius.lm.lt%2Fwp-content%2Fuploads%2F2022%2F12%2F2022-Itraukiojo-ugdymo-aprasas.pdf|title:%C4%AEtraukiojo%20ugdymo%20apra%C5%A1as|target:_blank&#8221; title_font_size=&#8221;16px&#8221; css=&#8221;.vc_custom_1671454363631{margin-bottom: 0px !important;padding-bottom: 10px !important;}&#8221;][stm_icon_box icon_position=&#8221;left&#8221; icon_color=&#8221;custom&#8221; icon_fontawesome=&#8221;far fa-file-pdf&#8221; icon_size=&#8221;22px&#8221; icon_color_custom=&#8221;#8cba80&#8243; title=&#8221;Nam\u0173 darb\u0173 skyrimo mokiniams tvarkos apra\u0161as&#8221; title_link=&#8221;url:https%3A%2F%2Fwww.baltupiuprogimnazija.vilnius.lm.lt%2Fwp-content%2Fuploads%2F2021%2F09%2F2021-Namu-darbu-tvarka.pdf|title:Nam%C5%B3%20darb%C5%B3%20tvarka|target:_blank&#8221; title_font_size=&#8221;16px&#8221; css=&#8221;.vc_custom_1632310143693{margin-bottom: 0px !important;padding-bottom: 10px !important;}&#8221;][stm_icon_box icon_position=&#8221;left&#8221; icon_color=&#8221;custom&#8221; icon_fontawesome=&#8221;far fa-file-pdf&#8221; icon_size=&#8221;22px&#8221; icon_color_custom=&#8221;#8cba80&#8243; title=&#8221;Kaupiamojo vertinimo ugdymo procese tvarka&#8221; title_link=&#8221;url:https%3A%2F%2Fwww.baltupiuprogimnazija.vilnius.lm.lt%2Fwp-content%2Fuploads%2F2022%2F08%2F2022-KAUPIAMASIS-VERTINIMAS-UGDYMO-PROCESE.pdf|title:Kaupiamojo%20vertinimo%20ugdymo%20procese%20tvarka%20E|target:_blank&#8221; title_font_size=&#8221;16px&#8221; css=&#8221;.vc_custom_1661950005389{margin-bottom: 0px !important;padding-bottom: 10px !important;}&#8221;][stm_icon_box icon_position=&#8221;left&#8221; icon_color=&#8221;custom&#8221; icon_fontawesome=&#8221;far fa-file-pdf&#8221; icon_size=&#8221;22px&#8221; icon_color_custom=&#8221;#8cba80&#8243; title=&#8221;Mokini\u0173 mokymosi pasiekim\u0173 vertinimo ir vertinimo rezultat\u0173 panaudojimo tvarkos apra\u0161as&#8221; title_link=&#8221;url:https%3A%2F%2Fwww.baltupiuprogimnazija.vilnius.lm.lt%2Fwp-content%2Fuploads%2F2025%2F06%2F2024-Mokiniu-vertinimo-tvarka.pdf|title:Mokini%C5%B3%20mokymosi%20pasiekim%C5%B3%20vertinimo%20ir%20vertinimo%20rezultat%C5%B3%20panaudojimo%20tvarkos%20apra%C5%A1as|target:_blank&#8221; title_font_size=&#8221;16px&#8221; css=&#8221;.vc_custom_1750417167524{margin-bottom: 0px !important;padding-bottom: 10px !important;}&#8221;][stm_icon_box icon_position=&#8221;left&#8221; icon_color=&#8221;custom&#8221; icon_fontawesome=&#8221;far fa-file-pdf&#8221; icon_size=&#8221;22px&#8221; icon_color_custom=&#8221;#8cba80&#8243; title=&#8221;Gabi\u0173 ir talenting\u0173 mokini\u0173 atpa\u017einimo ir ugdymo(si) tvarkos apra\u0161as&#8221; title_link=&#8221;url:https%3A%2F%2Fwww.baltupiuprogimnazija.vilnius.lm.lt%2Fwp-content%2Fuploads%2F2024%2F12%2F2024-Gabiu-ir-talentingu-mokiniu-atpazinimo-tvarkos-aprasas.pdf|title:Gabi%C5%B3%20ir%20talenting%C5%B3%20mokini%C5%B3%20atpa%C5%BEinimo%20ir%20ugdymo(si)%20tvarkos%20apra%C5%A1as|target:_blank&#8221; title_font_size=&#8221;16px&#8221; css=&#8221;.vc_custom_1733397463295{margin-bottom: 0px !important;padding-bottom: 10px !important;}&#8221;][stm_icon_box icon_position=&#8221;left&#8221; icon_color=&#8221;custom&#8221; icon_fontawesome=&#8221;far fa-file-pdf&#8221; icon_size=&#8221;22px&#8221; icon_color_custom=&#8221;#8cba80&#8243; title=&#8221;Vaiko gabum\u0173 rangavimo klausimynas (2-4 klas\u0117s)&#8221; title_link=&#8221;url:https%3A%2F%2Fwww.baltupiuprogimnazija.vilnius.lm.lt%2Fwp-content%2Fuploads%2F2024%2F12%2FVaiko-gabumu-rangavimo-klausimynas_2-4kl.pdf|title:Vaiko%20gabum%C5%B3%20rangavimo%20klausimynas%20(2-4%20klas%C4%97s))|target:_blank&#8221; title_font_size=&#8221;16px&#8221; css=&#8221;.vc_custom_1733397674782{margin-bottom: 0px !important;padding-bottom: 10px !important;}&#8221;][stm_icon_box icon_position=&#8221;left&#8221; icon_color=&#8221;custom&#8221; icon_fontawesome=&#8221;far fa-file-pdf&#8221; icon_size=&#8221;22px&#8221; icon_color_custom=&#8221;#8cba80&#8243; title=&#8221;Vaiko gabum\u0173 rangavimo klausimynas (5-8 klas\u0117s)&#8221; title_link=&#8221;url:https%3A%2F%2Fwww.baltupiuprogimnazija.vilnius.lm.lt%2Fwp-content%2Fuploads%2F2024%2F12%2FVaiko-gabumu-rangavimo-klausimynas_5-8kl.pdf|title:Vaiko%20gabum%C5%B3%20rangavimo%20klausimynas%20(5-8%20klas%C4%97s)|target:_blank&#8221; title_font_size=&#8221;16px&#8221; css=&#8221;.vc_custom_1733397726011{margin-bottom: 0px !important;padding-bottom: 10px !important;}&#8221;][stm_icon_box icon_position=&#8221;left&#8221; icon_color=&#8221;custom&#8221; icon_fontawesome=&#8221;far fa-file-pdf&#8221; icon_size=&#8221;22px&#8221; icon_color_custom=&#8221;#8cba80&#8243; title=&#8221;Mokini\u0173 asmenin\u0117s pa\u017eangos steb\u0117jimo, fiksavimo tvarkos apra\u0161as&#8221; title_link=&#8221;url:https%3A%2F%2Fwww.baltupiuprogimnazija.vilnius.lm.lt%2Fwp-content%2Fuploads%2F2022%2F11%2F2022-Mokiniu-asmenines-pazangos-VIP-stebejimo-aprasas.pdf|title:Mokini%C5%B3%20asmenin%C4%97s%20pa%C5%BEangos%20steb%C4%97jimo%2C%20fiksavimo%20tvarkos%20apra%C5%A1as|target:_blank&#8221; title_font_size=&#8221;16px&#8221; css=&#8221;.vc_custom_1668605380733{margin-bottom: 0px !important;padding-bottom: 10px !important;}&#8221;][stm_icon_box icon_position=&#8221;left&#8221; icon_color=&#8221;custom&#8221; icon_fontawesome=&#8221;far fa-file-pdf&#8221; icon_size=&#8221;22px&#8221; icon_color_custom=&#8221;#8cba80&#8243; title=&#8221;Mokini\u0173 ir klasi\u0173 skatinimo tvarkos apra\u0161as&#8221; title_link=&#8221;url:https%3A%2F%2Fwww.baltupiuprogimnazija.vilnius.lm.lt%2Fwp-content%2Fuploads%2F2023%2F05%2F2023-MOKINIU-IR-KLASIU-SKATINIMO-TVARKOS-APRASAS-002.pdf|title:Mokini%C5%B3%20ir%20klasi%C5%B3%20skatinimo%20tvarkos%20apra%C5%A1as|target:_blank&#8221; title_font_size=&#8221;16px&#8221; css=&#8221;.vc_custom_1683886979715{margin-bottom: 0px !important;padding-bottom: 10px !important;}&#8221;][stm_icon_box icon_position=&#8221;left&#8221; icon_color=&#8221;custom&#8221; icon_fontawesome=&#8221;far fa-file-pdf&#8221; icon_size=&#8221;22px&#8221; icon_color_custom=&#8221;#8cba80&#8243; title=&#8221;Nacionalinis mokini\u0173 pasiekim\u0173 patikrinimo organizavimo ir vykdymo tvarkos apra\u0161as&#8221; title_link=&#8221;url:https%3A%2F%2Fwww.baltupiuprogimnazija.vilnius.lm.lt%2Fwp-content%2Fuploads%2F2026%2F01%2FAR_2025-09-09.pdf|title:Nacionalinis%20mokini%C5%B3%20pasiekim%C5%B3%20patikrinimo%20organizavimo%20ir%20vykdymo%20tvarkos%20apra%C5%A1as|target:_blank&#8221; title_font_size=&#8221;16px&#8221; css=&#8221;.vc_custom_1767792793374{margin-bottom: 0px !important;padding-bottom: 10px !important;}&#8221;][stm_icon_box icon_position=&#8221;left&#8221; icon_color=&#8221;custom&#8221; icon_fontawesome=&#8221;far fa-file-pdf&#8221; icon_size=&#8221;22px&#8221; icon_color_custom=&#8221;#8cba80&#8243; title=&#8221;Mokini\u0173 mokyklos lankomumo u\u017etikrinimo tvarkos apra\u0161as&#8221; title_link=&#8221;url:https%3A%2F%2Fwww.baltupiuprogimnazija.vilnius.lm.lt%2Fwp-content%2Fuploads%2F2024%2F01%2F2023-Lankomumo-tvarkos-aprasas.pdf|title:Mokini%C5%B3%20mokyklos%20lankomumo%20u%C5%BEtikrinimo%20tvarkos%20apra%C5%A1as|target:_blank&#8221; title_font_size=&#8221;16px&#8221; css=&#8221;.vc_custom_1706003046449{margin-bottom: 0px !important;padding-bottom: 10px !important;}&#8221;][stm_icon_box icon_position=&#8221;left&#8221; icon_color=&#8221;custom&#8221; icon_fontawesome=&#8221;far fa-file-pdf&#8221; icon_size=&#8221;22px&#8221; icon_color_custom=&#8221;#8cba80&#8243; title=&#8221;Socialin\u0117s pilietin\u0117s veiklos organizavimo tvarkos apra\u0161as&#8221; title_link=&#8221;url:https%3A%2F%2Fwww.baltupiuprogimnazija.vilnius.lm.lt%2Fwp-content%2Fuploads%2F2026%2F03%2F2026-Socialines-pilietines-veiklos-aprasas.pdf|title:Socialin%C4%97s%20pilietin%C4%97s%20veiklos%20organizavimo%20tvarkos%20apra%C5%A1as|target:_blank&#8221; title_font_size=&#8221;16px&#8221; css=&#8221;.vc_custom_1773135887071{margin-bottom: 0px !important;padding-bottom: 10px !important;}&#8221;][stm_icon_box icon_position=&#8221;left&#8221; icon_color=&#8221;custom&#8221; icon_fontawesome=&#8221;far fa-file-pdf&#8221; icon_size=&#8221;22px&#8221; icon_color_custom=&#8221;#8cba80&#8243; title=&#8221;Ugdymosi ne progimnazijos aplinkoje organizavimo apra\u0161as&#8221; title_link=&#8221;url:https%3A%2F%2Fwww.baltupiuprogimnazija.vilnius.lm.lt%2Fwp-content%2Fuploads%2F2025%2F11%2F2024-Ugdymosi-ne-mokyklos-aplinkoje-aprasas.pdf|title:Ugdymosi%20ne%20progimnazijos%20aplinkoje%20organizavimo%20apra%C5%A1as|target:_blank&#8221; title_font_size=&#8221;16px&#8221; css=&#8221;.vc_custom_1763098034302{margin-bottom: 0px !important;padding-bottom: 10px !important;}&#8221;][stm_icon_box icon_position=&#8221;left&#8221; icon_color=&#8221;custom&#8221; icon_fontawesome=&#8221;far fa-file-pdf&#8221; icon_size=&#8221;22px&#8221; icon_color_custom=&#8221;#8cba80&#8243; title=&#8221;Projektin\u0117s veiklos apra\u0161as&#8221; title_link=&#8221;url:https%3A%2F%2Fwww.baltupiuprogimnazija.vilnius.lm.lt%2Fwp-content%2Fuploads%2F2023%2F09%2F2023-Projektines-veiklos-aprasas.pdf|title:Projektin%C4%97s%20veiklos%20apra%C5%A1as|target:_blank&#8221; title_font_size=&#8221;16px&#8221; css=&#8221;.vc_custom_1694608173847{margin-bottom: 0px !important;padding-bottom: 10px !important;}&#8221;][stm_icon_box icon_position=&#8221;left&#8221; icon_color=&#8221;custom&#8221; icon_fontawesome=&#8221;far fa-file-pdf&#8221; icon_size=&#8221;22px&#8221; icon_color_custom=&#8221;#8cba80&#8243; title=&#8221;Pagalbos mokiniui teikimo tvarka&#8221; title_link=&#8221;url:https%3A%2F%2Fwww.baltupiuprogimnazija.vilnius.lm.lt%2Fwp-content%2Fuploads%2F2025%2F09%2F2023-PAGALBOS-MOKINIUI-TEIKIMO-TVARKA.pdf|title:Pagalbos%20mokiniui%20teikimo%20tvarka|target:_blank&#8221; title_font_size=&#8221;16px&#8221; css=&#8221;.vc_custom_1759137808388{margin-bottom: 0px !important;padding-bottom: 10px !important;}&#8221;][\/vc_column][\/vc_row]<\/p>\n<\/section>","protected":false},"excerpt":{"rendered":"<p>[vc_row gap=&#8221;20&#8243;][vc_column width=&#8221;3\/4&#8243;][stm_icon_box icon_position=&#8221;left&#8221; icon_color=&#8221;custom&#8221; icon_fontawesome=&#8221;far fa-file-pdf&#8221; icon_size=&#8221;22px&#8221; icon_color_custom=&#8221;#8cba80&#8243; title=&#8221;Ugdymo proceso organizavimas (mokslo met\u0173 trukm\u0117, pusme\u010diai, trimestrai, atostogos)&#8221; title_link=&#8221;url:https%3A%2F%2Fwww.baltupiuprogimnazija.vilnius.lm.lt%2Fwp-content%2Fuploads%2F2025%2F09%2FUgdymo-proceso-organizavimas-2025-2026_keit.pdf|title:Ugdymo%20proceso%20organizavimas%20(mokslo%20met%C5%B3%20trukm%C4%97%2C%20pusme%C4%8Diai%2C%20trimestrai%2C%20atostogos)|target:_blank&#8221; title_font_size=&#8221;16px&#8221; css=&#8221;.vc_custom_1757313704347{margin-bottom: 0px !important;padding-bottom: 10px !important;}&#8221;][stm_icon_box icon_position=&#8221;left&#8221; icon_color=&#8221;custom&#8221; icon_fontawesome=&#8221;far fa-file-pdf&#8221; icon_size=&#8221;22px&#8221; icon_color_custom=&#8221;#8cba80&#8243; title=&#8221;2025\u20132026 ir 2026\u20132027 m.m. pradinio ir pagrindinio ugdymo program\u0173 ugdymo plano pakeitimas&#8221; title_link=&#8221;url:https%3A%2F%2Fwww.baltupiuprogimnazija.vilnius.lm.lt%2Fwp-content%2Fuploads%2F2025%2F09%2F2025-09-02-Ugdymo-plano-2025-2026-ir-2026-2027-pakeitimas.pdf|title:2025%E2%80%932026%20ir%202026%E2%80%932027%20m.m.%20pradinio%20ir%20pagrindinio%20ugdymo%20program%C5%B3%20ugdymo%20plano%20pakeitimas|target:_blank&#8221; title_font_size=&#8221;16px&#8221; css=&#8221;.vc_custom_1757314377930{margin-bottom: 0px !important;padding-bottom: 10px !important;}&#8221;][stm_icon_box icon_position=&#8221;left&#8221; icon_color=&#8221;custom&#8221; icon_fontawesome=&#8221;far fa-file-pdf&#8221; icon_size=&#8221;22px&#8221; [&hellip;]<\/p>\n","protected":false},"author":1,"featured_media":0,"parent":4311,"menu_order":0,"comment_status":"closed","ping_status":"closed","template":"","meta":{"footnotes":""},"class_list":["post-4315","page","type-page","status-publish","hentry"],"_links":{"self":[{"href":"https:\/\/www.baltupiuprogimnazija.vilnius.lm.lt\/index.php?rest_route=\/wp\/v2\/pages\/4315","targetHints":{"allow":["GET"]}}],"collection":[{"href":"https:\/\/www.baltupiuprogimnazija.vilnius.lm.lt\/index.php?rest_route=\/wp\/v2\/pages"}],"about":[{"href":"https:\/\/www.baltupiuprogimnazija.vilnius.lm.lt\/index.php?rest_route=\/wp\/v2\/types\/page"}],"author":[{"embeddable":true,"href":"https:\/\/www.baltupiuprogimnazija.vilnius.lm.lt\/index.php?rest_route=\/wp\/v2\/users\/1"}],"replies":[{"embeddable":true,"href":"https:\/\/www.baltupiuprogimnazija.vilnius.lm.lt\/index.php?rest_route=%2Fwp%2Fv2%2Fcomments&post=4315"}],"version-history":[{"count":79,"href":"https:\/\/www.baltupiuprogimnazija.vilnius.lm.lt\/index.php?rest_route=\/wp\/v2\/pages\/4315\/revisions"}],"predecessor-version":[{"id":83712,"href":"https:\/\/www.baltupiuprogimnazija.vilnius.lm.lt\/index.php?rest_route=\/wp\/v2\/pages\/4315\/revisions\/83712"}],"up":[{"embeddable":true,"href":"https:\/\/www.baltupiuprogimnazija.vilnius.lm.lt\/index.php?rest_route=\/wp\/v2\/pages\/4311"}],"wp:attachment":[{"href":"https:\/\/www.baltupiuprogimnazija.vilnius.lm.lt\/index.php?rest_route=%2Fwp%2Fv2%2Fmedia&parent=4315"}],"curies":[{"name":"wp","href":"https:\/\/api.w.org\/{rel}","templated":true}]}}