{"id":4301,"date":"2021-03-29T11:07:19","date_gmt":"2021-03-29T08:07:19","guid":{"rendered":"http:\/\/tobalt.tech\/baltupiugimnazija\/?page_id=4301"},"modified":"2026-01-06T14:18:18","modified_gmt":"2026-01-06T12:18:18","slug":"rezultatai","status":"publish","type":"page","link":"https:\/\/www.baltupiuprogimnazija.vilnius.lm.lt\/?page_id=4301","title":{"rendered":"Nacionaliniai mokini\u0173 pasiekim\u0173 patikrinimai (NMPP)"},"content":{"rendered":"<section class=\"wpb-content-wrapper\"><p>[vc_row][vc_column width=&#8221;3\/4&#8243;][vc_row_inner][vc_column_inner][vc_column_text]<a title=\"Nacionalini\u0173 mokini\u0173 pasiekim\u0173 patikrinim\u0173 organizavimo ir vykdymo tvarkos apra\u0161as\" href=\"https:\/\/www.baltupiuprogimnazija.vilnius.lm.lt\/wp-content\/uploads\/2026\/01\/AR_2025-09-09.pdf\">Nacionalini\u0173 mokini\u0173 pasiekim\u0173 patikrinim\u0173 organizavimo ir vykdymo tvarkos apra\u0161as<\/a><\/p>\n<p><a title=\"2024\u20132025 MOKSLO MET\u0172 NACIONALINI\u0172 MOKINI\u0172 PASIEKIM\u0172 PATIKRINIM\u0172 TVARKARA\u0160TIS IR VYKDYMO B\u016aDAS\" href=\"https:\/\/www.baltupiuprogimnazija.vilnius.lm.lt\/wp-content\/uploads\/2026\/01\/NMPP_2026.pdf\" target=\"_blank\" rel=\"noopener\">2025\u20132026 MOKSLO MET\u0172 NACIONALINI\u0172 MOKINI\u0172 PASIEKIM\u0172 PATIKRINIM\u0172 TVARKARA\u0160TIS IR VYKDYMO B\u016aDAS<\/a><\/p>\n<p>[\/vc_column_text][\/vc_column_inner][\/vc_row_inner][\/vc_column][\/vc_row]<\/p>\n<\/section>","protected":false},"excerpt":{"rendered":"<p>[vc_row][vc_column width=&#8221;3\/4&#8243;][vc_row_inner][vc_column_inner][vc_column_text]Nacionalini\u0173 mokini\u0173 pasiekim\u0173 patikrinim\u0173 organizavimo ir vykdymo tvarkos apra\u0161as 2025\u20132026 MOKSLO MET\u0172 NACIONALINI\u0172 MOKINI\u0172 PASIEKIM\u0172 PATIKRINIM\u0172 TVARKARA\u0160TIS IR VYKDYMO B\u016aDAS [\/vc_column_text][\/vc_column_inner][\/vc_row_inner][\/vc_column][\/vc_row]<\/p>\n","protected":false},"author":1,"featured_media":0,"parent":4293,"menu_order":0,"comment_status":"closed","ping_status":"closed","template":"","meta":{"footnotes":""},"class_list":["post-4301","page","type-page","status-publish","hentry"],"_links":{"self":[{"href":"https:\/\/www.baltupiuprogimnazija.vilnius.lm.lt\/index.php?rest_route=\/wp\/v2\/pages\/4301","targetHints":{"allow":["GET"]}}],"collection":[{"href":"https:\/\/www.baltupiuprogimnazija.vilnius.lm.lt\/index.php?rest_route=\/wp\/v2\/pages"}],"about":[{"href":"https:\/\/www.baltupiuprogimnazija.vilnius.lm.lt\/index.php?rest_route=\/wp\/v2\/types\/page"}],"author":[{"embeddable":true,"href":"https:\/\/www.baltupiuprogimnazija.vilnius.lm.lt\/index.php?rest_route=\/wp\/v2\/users\/1"}],"replies":[{"embeddable":true,"href":"https:\/\/www.baltupiuprogimnazija.vilnius.lm.lt\/index.php?rest_route=%2Fwp%2Fv2%2Fcomments&post=4301"}],"version-history":[{"count":23,"href":"https:\/\/www.baltupiuprogimnazija.vilnius.lm.lt\/index.php?rest_route=\/wp\/v2\/pages\/4301\/revisions"}],"predecessor-version":[{"id":83621,"href":"https:\/\/www.baltupiuprogimnazija.vilnius.lm.lt\/index.php?rest_route=\/wp\/v2\/pages\/4301\/revisions\/83621"}],"up":[{"embeddable":true,"href":"https:\/\/www.baltupiuprogimnazija.vilnius.lm.lt\/index.php?rest_route=\/wp\/v2\/pages\/4293"}],"wp:attachment":[{"href":"https:\/\/www.baltupiuprogimnazija.vilnius.lm.lt\/index.php?rest_route=%2Fwp%2Fv2%2Fmedia&parent=4301"}],"curies":[{"name":"wp","href":"https:\/\/api.w.org\/{rel}","templated":true}]}}