{"id":4291,"date":"2021-03-29T11:05:47","date_gmt":"2021-03-29T08:05:47","guid":{"rendered":"http:\/\/tobalt.tech\/baltupiugimnazija\/?page_id=4291"},"modified":"2025-09-29T12:38:31","modified_gmt":"2025-09-29T09:38:31","slug":"patalpu-nuoma","status":"publish","type":"page","link":"https:\/\/www.baltupiuprogimnazija.vilnius.lm.lt\/?page_id=4291","title":{"rendered":"Patalp\u0173 nuoma"},"content":{"rendered":"<p>Progimnazijos patalp\u0173 nuoma vykdoma tik per Vilniaus miesto savivaldyb\u0117s elektronin\u0119 sistem\u0105 &#8222;Active Vilnius&#8221;: https:\/\/active.vilnius.lt\/<\/p>\n<p><a title=\"Vilniaus miesto savivaldyb\u0117s \u0161vietimo \u012fstaig\u0173 patik\u0117jimo teise valdom\u0173 stadion\u0173, sporto sali\u0173 ir kit\u0173 patalp\u0173 trumpalaik\u0117s nuomos tvarkos apra\u0161as\" href=\"https:\/\/www.baltupiuprogimnazija.vilnius.lm.lt\/wp-content\/uploads\/2025\/09\/2024-Patalpu-nuomos-tvarka.pdf\" target=\"_blank\" rel=\"noopener\">Vilniaus miesto savivaldyb\u0117s \u0161vietimo \u012fstaig\u0173 patik\u0117jimo teise valdom\u0173 stadion\u0173, sporto sali\u0173 ir kit\u0173 patalp\u0173 trumpalaik\u0117s nuomos tvarkos apra\u0161as<\/a><\/p>\n","protected":false},"excerpt":{"rendered":"<p>Progimnazijos patalp\u0173 nuoma vykdoma tik per Vilniaus miesto savivaldyb\u0117s elektronin\u0119 sistem\u0105 &#8222;Active Vilnius&#8221;: https:\/\/active.vilnius.lt\/ Vilniaus miesto savivaldyb\u0117s \u0161vietimo \u012fstaig\u0173 patik\u0117jimo teise valdom\u0173 stadion\u0173, sporto sali\u0173 ir kit\u0173 patalp\u0173 trumpalaik\u0117s nuomos tvarkos apra\u0161as<\/p>\n","protected":false},"author":1,"featured_media":0,"parent":4271,"menu_order":0,"comment_status":"closed","ping_status":"closed","template":"","meta":{"footnotes":""},"class_list":["post-4291","page","type-page","status-publish","hentry"],"_links":{"self":[{"href":"https:\/\/www.baltupiuprogimnazija.vilnius.lm.lt\/index.php?rest_route=\/wp\/v2\/pages\/4291","targetHints":{"allow":["GET"]}}],"collection":[{"href":"https:\/\/www.baltupiuprogimnazija.vilnius.lm.lt\/index.php?rest_route=\/wp\/v2\/pages"}],"about":[{"href":"https:\/\/www.baltupiuprogimnazija.vilnius.lm.lt\/index.php?rest_route=\/wp\/v2\/types\/page"}],"author":[{"embeddable":true,"href":"https:\/\/www.baltupiuprogimnazija.vilnius.lm.lt\/index.php?rest_route=\/wp\/v2\/users\/1"}],"replies":[{"embeddable":true,"href":"https:\/\/www.baltupiuprogimnazija.vilnius.lm.lt\/index.php?rest_route=%2Fwp%2Fv2%2Fcomments&post=4291"}],"version-history":[{"count":5,"href":"https:\/\/www.baltupiuprogimnazija.vilnius.lm.lt\/index.php?rest_route=\/wp\/v2\/pages\/4291\/revisions"}],"predecessor-version":[{"id":83399,"href":"https:\/\/www.baltupiuprogimnazija.vilnius.lm.lt\/index.php?rest_route=\/wp\/v2\/pages\/4291\/revisions\/83399"}],"up":[{"embeddable":true,"href":"https:\/\/www.baltupiuprogimnazija.vilnius.lm.lt\/index.php?rest_route=\/wp\/v2\/pages\/4271"}],"wp:attachment":[{"href":"https:\/\/www.baltupiuprogimnazija.vilnius.lm.lt\/index.php?rest_route=%2Fwp%2Fv2%2Fmedia&parent=4291"}],"curies":[{"name":"wp","href":"https:\/\/api.w.org\/{rel}","templated":true}]}}