{"id":4289,"date":"2021-03-29T11:05:27","date_gmt":"2021-03-29T08:05:27","guid":{"rendered":"http:\/\/tobalt.tech\/baltupiugimnazija\/?page_id=4289"},"modified":"2026-04-29T15:27:59","modified_gmt":"2026-04-29T12:27:59","slug":"maitinimas","status":"publish","type":"page","link":"https:\/\/www.baltupiuprogimnazija.vilnius.lm.lt\/?page_id=4289","title":{"rendered":"Maitinimas"},"content":{"rendered":"<section class=\"wpb-content-wrapper\"><p>[vc_row][vc_column width=&#8221;3\/4&#8243;][stm_icon_box icon_position=&#8221;left&#8221; icon_color=&#8221;custom&#8221; icon_fontawesome=&#8221;far fa-file-pdf&#8221; icon_size=&#8221;22px&#8221; icon_color_custom=&#8221;#8cba80&#8243; title=&#8221;Maitinimo organizavimo Vilniaus miesto savivaldyb\u0117s bendrojo ir ikimokyklinio ugdymo mokyklose tvarkos apra\u0161as&#8221; title_link=&#8221;url:https%3A%2F%2Fwww.baltupiuprogimnazija.vilnius.lm.lt%2Fwp-content%2Fuploads%2F2021%2F11%2FMaitinimo-organizavimo-tvarkos-aprasas.pdf|title:Maitinimo%20organizavimo%20Vilniaus%20miesto%20savivaldyb%C4%97s%20bendrojo%20ir%20ikimokyklinio%20ugdymo%20mokyklose%20tvarkos%20apra%C5%A1as%20|target:_blank&#8221; title_font_size=&#8221;16px&#8221; css=&#8221;.vc_custom_1636539402049{margin-bottom: 0px !important;padding-bottom: 10px !important;}&#8221;][stm_icon_box icon_position=&#8221;left&#8221; icon_color=&#8221;custom&#8221; icon_fontawesome=&#8221;far fa-file-pdf&#8221; icon_size=&#8221;22px&#8221; icon_color_custom=&#8221;#8cba80&#8243; title=&#8221;LR Sveikatos apsaugos ministro \u012fsakymas Nr. V-964 \u201eD\u0117l vaik\u0173 maitinimo organizavimo tvarkos apra\u0161o patvirtinimo&#8222;&#8221; title_link=&#8221;url:https%3A%2F%2Fwww.baltupiuprogimnazija.vilnius.lm.lt%2Fwp-content%2Fuploads%2F2024%2F05%2FAR_2023-01-01.pdf|title:LR%20Sveikatos%20apsaugos%20ministro%20%C4%AFsakymas%20Nr.%20V-964%20%E2%80%9ED%C4%97l%20vaik%C5%B3%20maitinimo%20organizavimo%20tvarkos%20apra%C5%A1o%20patvirtinimo%22|target:_blank&#8221; title_font_size=&#8221;16px&#8221; css=&#8221;.vc_custom_1716541820137{margin-bottom: 0px !important;padding-bottom: 10px !important;}&#8221;][stm_icon_box icon_position=&#8221;left&#8221; icon_color=&#8221;custom&#8221; icon_fontawesome=&#8221;far fa-file-pdf&#8221; icon_size=&#8221;22px&#8221; icon_color_custom=&#8221;#8cba80&#8243; title=&#8221;Vilniaus Baltupi\u0173 progimnazijos mokini\u0173 maitinimo organizavimo tvarkos apra\u0161as&#8221; title_link=&#8221;url:https%3A%2F%2Fwww.baltupiuprogimnazija.vilnius.lm.lt%2Fwp-content%2Fuploads%2F2024%2F01%2F2020-Maitinimo-tvarkos-aprasas.pdf|title:Vilniaus%20Baltupi%C5%B3%20progimnazijos%20mokini%C5%B3%20maitinimo%20organizavimo%20tvarkos%20apra%C5%A1as|target:_blank&#8221; title_font_size=&#8221;16px&#8221; css=&#8221;.vc_custom_1705046513841{margin-bottom: 0px !important;padding-bottom: 10px !important;}&#8221;][stm_icon_box icon_position=&#8221;left&#8221; icon_color=&#8221;custom&#8221; icon_fontawesome=&#8221;far fa-file-pdf&#8221; icon_size=&#8221;22px&#8221; icon_color_custom=&#8221;#8cba80&#8243; title=&#8221;Vilniaus Baltupi\u0173 progimnazijos maisto davini\u0173 i\u0161davimo tvarka&#8221; title_link=&#8221;url:https%3A%2F%2Fwww.baltupiuprogimnazija.vilnius.lm.lt%2Fwp-content%2Fuploads%2F2024%2F01%2F2021-Maisto-daviniu-isdavimo-tvarka.pdf|title:Vilniaus%20Baltupi%C5%B3%20progimnazijos%20maisto%20davini%C5%B3%20i%C5%A1davimo%20tvarka|target:_blank&#8221; title_font_size=&#8221;16px&#8221; css=&#8221;.vc_custom_1705046601204{margin-bottom: 0px !important;padding-bottom: 10px !important;}&#8221;][\/vc_column][\/vc_row][vc_row][vc_column][vc_column_text]<strong>Nuo 2025-09-01 Vilniaus Baltupi\u0173 progimnazijos maitinimo paslaug\u0173 tiek\u0117jas \u2013 UAB \u201eAntrekotas\u201c.<\/strong>[\/vc_column_text][\/vc_column][\/vc_row][vc_row][vc_column][vc_column_text]<\/p>\n<ul>\n<li><a title=\"Maitinimo paslaug\u0173 pirkimo sutartis \u2013 UAB \u201eAntrekotas&quot;\" href=\"https:\/\/www.baltupiuprogimnazija.vilnius.lm.lt\/wp-content\/uploads\/2025\/09\/pusr_pavakar.pdf\" target=\"_blank\" rel=\"noopener\">Valgiara\u0161tis 1-4 kl. Pusry\u010diai ir pavakariai<\/a><\/li>\n<\/ul>\n<p>[\/vc_column_text][vc_column_text]<\/p>\n<ul>\n<li><a title=\"Maitinimo paslaug\u0173 pirkimo sutartis \u2013 UAB \u201eAntrekotas&quot;\" href=\"https:\/\/www.baltupiuprogimnazija.vilnius.lm.lt\/wp-content\/uploads\/2025\/09\/6-10.pdf\" target=\"_blank\" rel=\"noopener\">Valgiara\u0161tis 1-4 kl. Piet\u016bs<\/a><\/li>\n<\/ul>\n<p>[\/vc_column_text][vc_column_text]<\/p>\n<ul>\n<li><a title=\"Maitinimo paslaug\u0173 pirkimo sutartis \u2013 UAB \u201eAntrekotas&quot;\" href=\"https:\/\/www.baltupiuprogimnazija.vilnius.lm.lt\/wp-content\/uploads\/2025\/09\/11.pdf\" target=\"_blank\" rel=\"noopener\">Valgiara\u0161tis 5-8 kl. Piet\u016bs<\/a><\/li>\n<\/ul>\n<p>[\/vc_column_text][vc_column_text]<\/p>\n<ul>\n<li><a title=\"Maitinimo paslaug\u0173 pirkimo sutartis \u2013 UAB \u201eAntrekotas&quot;\" href=\"https:\/\/www.baltupiuprogimnazija.vilnius.lm.lt\/wp-content\/uploads\/2026\/04\/15_dienu_mokamu_pietu_valgiarastis.pdf\" target=\"_blank\" rel=\"noopener\">15 dien\u0173 mokam\u0173 piet\u0173 valgiara\u0161tis<\/a><\/li>\n<\/ul>\n<p>[\/vc_column_text][vc_column_text]<\/p>\n<ul>\n<li><a title=\"Maitinimo paslaug\u0173 pirkimo sutartis \u2013 UAB \u201eAntrekotas&quot;\" href=\"https:\/\/www.baltupiuprogimnazija.vilnius.lm.lt\/wp-content\/uploads\/2026\/04\/Bufeto-patiekalu-sarasas.pdf\" target=\"_blank\" rel=\"noopener\">U\u017ekand\u017ei\u0173 maitinimo (bufeto) patiekal\u0173 s\u0105ra\u0161as<\/a><\/li>\n<\/ul>\n<p>[\/vc_column_text][\/vc_column][\/vc_row]<\/p>\n<\/section>","protected":false},"excerpt":{"rendered":"<p>[vc_row][vc_column width=&#8221;3\/4&#8243;][stm_icon_box icon_position=&#8221;left&#8221; icon_color=&#8221;custom&#8221; icon_fontawesome=&#8221;far fa-file-pdf&#8221; icon_size=&#8221;22px&#8221; icon_color_custom=&#8221;#8cba80&#8243; title=&#8221;Maitinimo organizavimo Vilniaus miesto savivaldyb\u0117s bendrojo ir ikimokyklinio ugdymo mokyklose tvarkos apra\u0161as&#8221; title_link=&#8221;url:https%3A%2F%2Fwww.baltupiuprogimnazija.vilnius.lm.lt%2Fwp-content%2Fuploads%2F2021%2F11%2FMaitinimo-organizavimo-tvarkos-aprasas.pdf|title:Maitinimo%20organizavimo%20Vilniaus%20miesto%20savivaldyb%C4%97s%20bendrojo%20ir%20ikimokyklinio%20ugdymo%20mokyklose%20tvarkos%20apra%C5%A1as%20|target:_blank&#8221; title_font_size=&#8221;16px&#8221; css=&#8221;.vc_custom_1636539402049{margin-bottom: 0px !important;padding-bottom: 10px !important;}&#8221;][stm_icon_box icon_position=&#8221;left&#8221; icon_color=&#8221;custom&#8221; icon_fontawesome=&#8221;far fa-file-pdf&#8221; icon_size=&#8221;22px&#8221; icon_color_custom=&#8221;#8cba80&#8243; title=&#8221;LR Sveikatos apsaugos ministro \u012fsakymas Nr. V-964 \u201eD\u0117l vaik\u0173 maitinimo organizavimo tvarkos apra\u0161o patvirtinimo&#8222;&#8221; title_link=&#8221;url:https%3A%2F%2Fwww.baltupiuprogimnazija.vilnius.lm.lt%2Fwp-content%2Fuploads%2F2024%2F05%2FAR_2023-01-01.pdf|title:LR%20Sveikatos%20apsaugos%20ministro%20%C4%AFsakymas%20Nr.%20V-964%20%E2%80%9ED%C4%97l%20vaik%C5%B3%20maitinimo%20organizavimo%20tvarkos%20apra%C5%A1o%20patvirtinimo%22|target:_blank&#8221; title_font_size=&#8221;16px&#8221; css=&#8221;.vc_custom_1716541820137{margin-bottom: 0px !important;padding-bottom: 10px !important;}&#8221;][stm_icon_box icon_position=&#8221;left&#8221; [&hellip;]<\/p>\n","protected":false},"author":1,"featured_media":0,"parent":4271,"menu_order":0,"comment_status":"closed","ping_status":"closed","template":"","meta":{"footnotes":""},"class_list":["post-4289","page","type-page","status-publish","hentry"],"_links":{"self":[{"href":"https:\/\/www.baltupiuprogimnazija.vilnius.lm.lt\/index.php?rest_route=\/wp\/v2\/pages\/4289","targetHints":{"allow":["GET"]}}],"collection":[{"href":"https:\/\/www.baltupiuprogimnazija.vilnius.lm.lt\/index.php?rest_route=\/wp\/v2\/pages"}],"about":[{"href":"https:\/\/www.baltupiuprogimnazija.vilnius.lm.lt\/index.php?rest_route=\/wp\/v2\/types\/page"}],"author":[{"embeddable":true,"href":"https:\/\/www.baltupiuprogimnazija.vilnius.lm.lt\/index.php?rest_route=\/wp\/v2\/users\/1"}],"replies":[{"embeddable":true,"href":"https:\/\/www.baltupiuprogimnazija.vilnius.lm.lt\/index.php?rest_route=%2Fwp%2Fv2%2Fcomments&post=4289"}],"version-history":[{"count":101,"href":"https:\/\/www.baltupiuprogimnazija.vilnius.lm.lt\/index.php?rest_route=\/wp\/v2\/pages\/4289\/revisions"}],"predecessor-version":[{"id":83792,"href":"https:\/\/www.baltupiuprogimnazija.vilnius.lm.lt\/index.php?rest_route=\/wp\/v2\/pages\/4289\/revisions\/83792"}],"up":[{"embeddable":true,"href":"https:\/\/www.baltupiuprogimnazija.vilnius.lm.lt\/index.php?rest_route=\/wp\/v2\/pages\/4271"}],"wp:attachment":[{"href":"https:\/\/www.baltupiuprogimnazija.vilnius.lm.lt\/index.php?rest_route=%2Fwp%2Fv2%2Fmedia&parent=4289"}],"curies":[{"name":"wp","href":"https:\/\/api.w.org\/{rel}","templated":true}]}}