{"id":4277,"date":"2021-03-29T11:03:50","date_gmt":"2021-03-29T08:03:50","guid":{"rendered":"http:\/\/tobalt.tech\/baltupiugimnazija\/?page_id=4277"},"modified":"2026-01-06T09:48:35","modified_gmt":"2026-01-06T07:48:35","slug":"specialusis-pedagogas","status":"publish","type":"page","link":"https:\/\/www.baltupiuprogimnazija.vilnius.lm.lt\/?page_id=4277","title":{"rendered":"Specialusis pedagogas"},"content":{"rendered":"<p><strong>Specialioji pedagog\u0117<\/strong><br \/>\n<strong><em>Dovil\u0117 Martinonien\u0117<\/em><\/strong><\/p>\n<p><em>(Dirba su 5b, 5d, 6a, 6b, 6c, 6d, 7a, 7b, 7e, 8c, 8d, 8e klas\u0117mis)<\/em><\/p>\n<p>III auk\u0161tas, 310 kab.<br \/>\nEl. p. dovile.martinoniene@baltupiu.vilnius.lm.lt<br \/>\nTel.: +370 606 90906<\/p>\n<p>Darbo laikas<\/p>\n<p><strong><img loading=\"lazy\" decoding=\"async\" class=\"alignnone size-full wp-image-83557\" src=\"https:\/\/www.baltupiuprogimnazija.vilnius.lm.lt\/wp-content\/uploads\/2025\/11\/Doviles.png\" alt=\"\" width=\"826\" height=\"387\" srcset=\"https:\/\/www.baltupiuprogimnazija.vilnius.lm.lt\/wp-content\/uploads\/2025\/11\/Doviles.png 826w, https:\/\/www.baltupiuprogimnazija.vilnius.lm.lt\/wp-content\/uploads\/2025\/11\/Doviles-768x360.png 768w\" sizes=\"auto, (max-width: 826px) 100vw, 826px\" \/>Specialioji pedagog\u0117<\/strong><\/p>\n<p><em><strong>Irena Rad\u017ei\u016bnien\u0117<\/strong><\/em><\/p>\n<p><em>(Dirba su 1b, 1d, 1e, 3b, 4a, 4b, 4c, 4d, 5b, 7c, 8a, 8b klas\u0117mis)<\/em><\/p>\n<p>III auk\u0161tas, 312 kab.<\/p>\n<p>El. p. irena.radziuniene@baltupiu.vilnius.lm.lt<\/p>\n<p>Tel.: +370 699 30538<\/p>\n<p>Darbo laikas<\/p>\n<p><img decoding=\"async\" src=\"https:\/\/www.baltupiuprogimnazija.vilnius.lm.lt\/wp-content\/uploads\/2025\/11\/Irenos.png\" \/><\/p>\n<p>&nbsp;<\/p>\n<p><strong>Specialioji pedagog\u0117<\/strong><br \/>\n<strong><em>Rasa Besusparien\u0117<\/em><\/strong><\/p>\n<p>Kab. 006<\/p>\n<p><em>(Dirba su 1a, 1c, 2a, 2b, 2c, 2d, 3a, 3c, 3d, 5a, 5c, 7d, 8b klas\u0117mis)<\/em><\/p>\n<p>El. p. rasa.besuspariene@baltupiu.vilnius.lm.lt<\/p>\n<p>Darbo laikas<\/p>\n<p><img loading=\"lazy\" decoding=\"async\" class=\"alignnone wp-image-83615\" src=\"https:\/\/www.baltupiuprogimnazija.vilnius.lm.lt\/wp-content\/uploads\/2026\/01\/Rasa.png\" alt=\"\" width=\"782\" height=\"390\" srcset=\"https:\/\/www.baltupiuprogimnazija.vilnius.lm.lt\/wp-content\/uploads\/2026\/01\/Rasa.png 1087w, https:\/\/www.baltupiuprogimnazija.vilnius.lm.lt\/wp-content\/uploads\/2026\/01\/Rasa-768x384.png 768w\" sizes=\"auto, (max-width: 782px) 100vw, 782px\" \/><\/p>\n<p>Specialiojo pedagogo teikiamos paslaugos<\/p>\n<ul>\n<li>Teikia speciali\u0105j\u0105 pedagogin\u0119 pagalb\u0105 mokiniui ar mokini\u0173 grupei, atsi\u017evelgdamas \u012f kiekvieno speciali\u0173j\u0173 ugdymosi poreiki\u0173 mokinio geb\u0117jimus, ugdymosi galimybes, mokymosi ypatumus.<\/li>\n<li>Konsultuoja mokytojus, kitus pagalbos mokiniui specialistus, mokini\u0173 t\u0117vus (glob\u0117jus) speciali\u0173j\u0173 poreiki\u0173 mokini\u0173 ugdymo klausimais.<\/li>\n<li>\u0160vie\u010dia progimnazijos bendruomen\u0119 speciali\u0173j\u0173 poreiki\u0173 mokini\u0173 ugdymo organizavimo, specialiosios pedagogin\u0117s pagalbos teikimo klausimais.<\/li>\n<\/ul>\n<p>Specialusis pedagogas atlieka pedagogin\u012f mokinio vertinim\u0105 (mokini\u0173 \u017eini\u0173, mok\u0117jim\u0173, \u012fg\u016bd\u017ei\u0173, geb\u0117jim\u0173 lyg\u012f ir j\u0173 atitikim\u0105 ugdymo programoms).<\/p>\n<p>&nbsp;<\/p>\n","protected":false},"excerpt":{"rendered":"<p>Specialioji pedagog\u0117 Dovil\u0117 Martinonien\u0117 (Dirba su 5b, 5d, 6a, 6b, 6c, 6d, 7a, 7b, 7e, 8c, 8d, 8e klas\u0117mis) III auk\u0161tas, 310 kab. El. p. dovile.martinoniene@baltupiu.vilnius.lm.lt Tel.: +370 606 90906 Darbo laikas Specialioji pedagog\u0117 Irena Rad\u017ei\u016bnien\u0117 (Dirba su 1b, 1d, 1e, 3b, 4a, 4b, 4c, 4d, 5b, 7c, 8a, 8b klas\u0117mis) III auk\u0161tas, 312 kab. [&hellip;]<\/p>\n","protected":false},"author":1,"featured_media":0,"parent":4271,"menu_order":0,"comment_status":"closed","ping_status":"closed","template":"","meta":{"footnotes":""},"class_list":["post-4277","page","type-page","status-publish","hentry"],"_links":{"self":[{"href":"https:\/\/www.baltupiuprogimnazija.vilnius.lm.lt\/index.php?rest_route=\/wp\/v2\/pages\/4277","targetHints":{"allow":["GET"]}}],"collection":[{"href":"https:\/\/www.baltupiuprogimnazija.vilnius.lm.lt\/index.php?rest_route=\/wp\/v2\/pages"}],"about":[{"href":"https:\/\/www.baltupiuprogimnazija.vilnius.lm.lt\/index.php?rest_route=\/wp\/v2\/types\/page"}],"author":[{"embeddable":true,"href":"https:\/\/www.baltupiuprogimnazija.vilnius.lm.lt\/index.php?rest_route=\/wp\/v2\/users\/1"}],"replies":[{"embeddable":true,"href":"https:\/\/www.baltupiuprogimnazija.vilnius.lm.lt\/index.php?rest_route=%2Fwp%2Fv2%2Fcomments&post=4277"}],"version-history":[{"count":60,"href":"https:\/\/www.baltupiuprogimnazija.vilnius.lm.lt\/index.php?rest_route=\/wp\/v2\/pages\/4277\/revisions"}],"predecessor-version":[{"id":83616,"href":"https:\/\/www.baltupiuprogimnazija.vilnius.lm.lt\/index.php?rest_route=\/wp\/v2\/pages\/4277\/revisions\/83616"}],"up":[{"embeddable":true,"href":"https:\/\/www.baltupiuprogimnazija.vilnius.lm.lt\/index.php?rest_route=\/wp\/v2\/pages\/4271"}],"wp:attachment":[{"href":"https:\/\/www.baltupiuprogimnazija.vilnius.lm.lt\/index.php?rest_route=%2Fwp%2Fv2%2Fmedia&parent=4277"}],"curies":[{"name":"wp","href":"https:\/\/api.w.org\/{rel}","templated":true}]}}