{"id":4275,"date":"2021-03-29T11:03:34","date_gmt":"2021-03-29T08:03:34","guid":{"rendered":"http:\/\/tobalt.tech\/baltupiugimnazija\/?page_id=4275"},"modified":"2025-10-30T14:21:55","modified_gmt":"2025-10-30T12:21:55","slug":"socialinis-pedagogas","status":"publish","type":"page","link":"https:\/\/www.baltupiuprogimnazija.vilnius.lm.lt\/?page_id=4275","title":{"rendered":"Socialinis pedagogas"},"content":{"rendered":"<section class=\"wpb-content-wrapper\"><p>[vc_row][vc_column width=&#8221;3\/4&#8243;][vc_column_text]<a title=\"Socialin\u0117 parama mokiniams\" href=\"https:\/\/www.baltupiuprogimnazija.vilnius.lm.lt\/wp-content\/uploads\/2025\/06\/SPM-pranesimas_2025-07-01.pdf\"><strong>SOCIALIN\u0116 PARAMA MOKINIAMS 2025<\/strong><em>\u2013<\/em><strong>2026 MOKSLO METAIS<\/strong><\/a>[\/vc_column_text][vc_row_inner][vc_column_inner][vc_column_text]<b><span style=\"vertical-align: inherit;\"><span style=\"vertical-align: inherit;\"><span style=\"vertical-align: inherit;\"><span style=\"vertical-align: inherit;\"><span style=\"vertical-align: inherit;\"><span style=\"vertical-align: inherit;\">Ronalda Sakavi\u010di\u016bt\u0117-Cij\u016bnait\u0117<\/span><\/span><\/span><\/span><\/span><\/span><\/b><\/p>\n<p><span style=\"vertical-align: inherit; font-size: 14px;\"><span style=\"vertical-align: inherit;\"><span style=\"vertical-align: inherit;\"><span style=\"vertical-align: inherit;\"><span style=\"vertical-align: inherit;\"><span style=\"vertical-align: inherit;\">(atsakinga u\u017e 1-4 klases)<\/span><\/span><\/span><\/span><\/span><\/span><\/p>\n<p><span style=\"font-size: 14px;\"><span style=\"vertical-align: inherit;\"><span style=\"vertical-align: inherit;\"><span style=\"vertical-align: inherit;\"><span style=\"vertical-align: inherit;\">I auk\u0161tas, 123 kab.<\/span><\/span><\/span><\/span><\/span><\/p>\n<p><span style=\"font-size: 14px;\"><span style=\"vertical-align: inherit;\"><span style=\"vertical-align: inherit;\">El. <\/span><span style=\"vertical-align: inherit;\">p. <\/span><\/span><a href=\"mailto:socped.pradine@baltupiu.vilnius.lm.lt\"><span style=\"vertical-align: inherit;\"><span style=\"vertical-align: inherit;\">ronalda.sakaviciute@baltupiu.vilnius.lm.lt<\/span><\/span><\/a><\/span><\/p>\n<p><span style=\"vertical-align: inherit;\"><span style=\"vertical-align: inherit;\"><span style=\"vertical-align: inherit;\"><span style=\"vertical-align: inherit;\">Tel. +370<\/span><\/span><\/span><span style=\"vertical-align: inherit;\"><span style=\"vertical-align: inherit;\"><span style=\"vertical-align: inherit;\">\u00a0674 17365<\/span><\/span><\/span><\/span><\/p>\n<p>Darbo laikas<\/p>\n<p><img decoding=\"async\" src=\"https:\/\/www.baltupiuprogimnazija.vilnius.lm.lt\/wp-content\/uploads\/2025\/10\/Ronalda-1.png\" \/>[\/vc_column_text][vc_column_text]<strong><span style=\"vertical-align: inherit;\"><span style=\"vertical-align: inherit;\">Virginija Kan\u010dauskien\u0117<\/span><\/span><\/strong><\/p>\n<p><span style=\"vertical-align: inherit;\"><span style=\"vertical-align: inherit;\">(atsakinga u\u017e 5-8 klases)<\/span><\/span><\/p>\n<p><span style=\"vertical-align: inherit;\"><span style=\"vertical-align: inherit;\">II auk\u0161tas, 218 kab. <\/span><\/span><br \/>\n<span style=\"vertical-align: inherit;\"><span style=\"vertical-align: inherit;\">El. <\/span><span style=\"vertical-align: inherit;\">p. virginija.kancauskiene@baltupiu.vilnius.lm.lt\u00a0<\/span><\/span><br \/>\n<span style=\"vertical-align: inherit;\"><span style=\"vertical-align: inherit;\">Tel. +370 664 03523<\/span><\/span>[\/vc_column_text][stm_icon_box view_style=&#8221;style-2&#8243; icon_position=&#8221;left&#8221; icon_color=&#8221;green&#8221; title_color=&#8221;custom&#8221; title=&#8221;Darbo laikas&#8221; icon_fontawesome=&#8221;stmlms-lms-clocks&#8221; title_color_custom=&#8221;#515151&#8243; title_font_size=&#8221;16px&#8221; icon_size=&#8221;22px&#8221; css=&#8221;.vc_custom_1618761399670{padding-bottom: 10px !important;}&#8221;][vc_column_text]<img decoding=\"async\" src=\"https:\/\/www.baltupiuprogimnazija.vilnius.lm.lt\/wp-content\/uploads\/2025\/10\/Virginija-1.png\" \/>[\/vc_column_text][vc_column_text][\/vc_column_text][vc_column_text][\/vc_column_text][vc_toggle title=&#8221;Socialinio pedagogo funkcijos&#8221; custom_font_container=&#8221;tag:p|font_size:16px|text_align:left|color:%23000000&#8243; custom_use_theme_fonts=&#8221;yes&#8221; use_custom_heading=&#8221;true&#8221;]\u2013 siekia u\u017etikrinti vaiko gerov\u0119 ir saugum\u0105 mokykloje ir jos aplinkoje;<br \/>\n\u2013 siekia laiku pasteb\u0117ti, \u012fvertinti ir i\u0161spr\u0119sti vaik\u0173 bei paaugli\u0173 mokyklos nelankymo, nesimokymo, netinkamo elgesio, bendravimo ir kitas socialines problemas;<br \/>\n\u2013 konsultuoja mokinius, t\u0117vus (glob\u0117jus) ir pedagogus;<br \/>\n\u2013 vykdo \u0161vie\u010diam\u0105j\u0105 ir prevencin\u0119 veikl\u0105 mokykloje;<br \/>\n\u2013 kuruoja mokini\u0173 i\u0161 socialiai remtin\u0173 \u0161eim\u0173 nemokam\u0105 maitinim\u0105 mokykloje.[\/vc_toggle][\/vc_column_inner][\/vc_row_inner][\/vc_column][\/vc_row]<\/p>\n<\/section>","protected":false},"excerpt":{"rendered":"<p>[vc_row][vc_column width=&#8221;3\/4&#8243;][vc_column_text]SOCIALIN\u0116 PARAMA MOKINIAMS 2025\u20132026 MOKSLO METAIS[\/vc_column_text][vc_row_inner][vc_column_inner][vc_column_text]Ronalda Sakavi\u010di\u016bt\u0117-Cij\u016bnait\u0117 (atsakinga u\u017e 1-4 klases) I auk\u0161tas, 123 kab. El. p. ronalda.sakaviciute@baltupiu.vilnius.lm.lt Tel. +370\u00a0674 17365 Darbo laikas [\/vc_column_text][vc_column_text]Virginija Kan\u010dauskien\u0117 (atsakinga u\u017e 5-8 klases) II auk\u0161tas, 218 kab. El. p. virginija.kancauskiene@baltupiu.vilnius.lm.lt\u00a0 Tel. +370 664 03523[\/vc_column_text][stm_icon_box view_style=&#8221;style-2&#8243; icon_position=&#8221;left&#8221; icon_color=&#8221;green&#8221; title_color=&#8221;custom&#8221; title=&#8221;Darbo laikas&#8221; icon_fontawesome=&#8221;stmlms-lms-clocks&#8221; title_color_custom=&#8221;#515151&#8243; title_font_size=&#8221;16px&#8221; icon_size=&#8221;22px&#8221; css=&#8221;.vc_custom_1618761399670{padding-bottom: 10px !important;}&#8221;][vc_column_text][\/vc_column_text][vc_column_text][\/vc_column_text][vc_column_text][\/vc_column_text][vc_toggle title=&#8221;Socialinio [&hellip;]<\/p>\n","protected":false},"author":1,"featured_media":0,"parent":4271,"menu_order":0,"comment_status":"closed","ping_status":"closed","template":"","meta":{"footnotes":""},"class_list":["post-4275","page","type-page","status-publish","hentry"],"_links":{"self":[{"href":"https:\/\/www.baltupiuprogimnazija.vilnius.lm.lt\/index.php?rest_route=\/wp\/v2\/pages\/4275","targetHints":{"allow":["GET"]}}],"collection":[{"href":"https:\/\/www.baltupiuprogimnazija.vilnius.lm.lt\/index.php?rest_route=\/wp\/v2\/pages"}],"about":[{"href":"https:\/\/www.baltupiuprogimnazija.vilnius.lm.lt\/index.php?rest_route=\/wp\/v2\/types\/page"}],"author":[{"embeddable":true,"href":"https:\/\/www.baltupiuprogimnazija.vilnius.lm.lt\/index.php?rest_route=\/wp\/v2\/users\/1"}],"replies":[{"embeddable":true,"href":"https:\/\/www.baltupiuprogimnazija.vilnius.lm.lt\/index.php?rest_route=%2Fwp%2Fv2%2Fcomments&post=4275"}],"version-history":[{"count":60,"href":"https:\/\/www.baltupiuprogimnazija.vilnius.lm.lt\/index.php?rest_route=\/wp\/v2\/pages\/4275\/revisions"}],"predecessor-version":[{"id":83525,"href":"https:\/\/www.baltupiuprogimnazija.vilnius.lm.lt\/index.php?rest_route=\/wp\/v2\/pages\/4275\/revisions\/83525"}],"up":[{"embeddable":true,"href":"https:\/\/www.baltupiuprogimnazija.vilnius.lm.lt\/index.php?rest_route=\/wp\/v2\/pages\/4271"}],"wp:attachment":[{"href":"https:\/\/www.baltupiuprogimnazija.vilnius.lm.lt\/index.php?rest_route=%2Fwp%2Fv2%2Fmedia&parent=4275"}],"curies":[{"name":"wp","href":"https:\/\/api.w.org\/{rel}","templated":true}]}}