{"id":4273,"date":"2021-03-29T11:03:17","date_gmt":"2021-03-29T08:03:17","guid":{"rendered":"http:\/\/tobalt.tech\/baltupiugimnazija\/?page_id=4273"},"modified":"2026-03-18T13:27:46","modified_gmt":"2026-03-18T11:27:46","slug":"biblioteka","status":"publish","type":"page","link":"https:\/\/www.baltupiuprogimnazija.vilnius.lm.lt\/?page_id=4273","title":{"rendered":"Biblioteka"},"content":{"rendered":"<section class=\"wpb-content-wrapper\"><p>[vc_row full_width=&#8221;stretch_row&#8221; gap=&#8221;20&#8243;][vc_column width=&#8221;3\/4&#8243;][vc_row_inner][vc_column_inner css=&#8221;.vc_custom_1618755273739{padding-right: 10px !important;padding-left: 20px !important;}&#8221;][vc_column_text]Bibliotekinink\u0117<\/p>\n<p><em><strong>Anastasija Jakimenko<\/strong><\/em><\/p>\n<p>II auk\u0161tas, 214 kab.<\/p>\n<p>&nbsp;<\/p>\n<div dir=\"auto\">\n<div dir=\"auto\"><\/div>\n<\/div>\n<p>[\/vc_column_text][vc_column_text]<strong>BIBLIOTEKAI REIKALING\u0172 KNYG\u0172 S\u0104RA\u0160AS <\/strong><\/p>\n<p><strong>(Pavasaris 2026 m.)<\/strong><\/p>\n<ol>\n<li>Tomas Dirg\u0117la \u201eDomas ir Tomas\u201c 19, 20 d.<\/li>\n<li>Flanagan \u201eBrolijos\u201c serijos knygos.<\/li>\n<li>Pavilonyt\u0117, M. Pavilonis \u201eMiestas, kvepiantis lietumi\u201c.<\/li>\n<li>Kiera Cass \u201eSirena\u201c.<\/li>\n<li>Sylvain Zorzin \u201eKeturi draugai ir j\u0173 Kal\u0117d\u0173 egl\u0117\u201c.<\/li>\n<li>Dominykas Nork\u016bnas \u201eVoriuk\u0117 Mimi ie\u0161ko nam\u0173\u201c.<\/li>\n<li>Mike Maihack \u201e\u017dmogus voras ir ker\u0161ytoj\u0173 augintojai\u201c.<\/li>\n<li>\n<div class=\"d-inline-block\">Rachel Bright \u201ePaniur\u0119s kupranugaris&#8221;.<\/div>\n<\/li>\n<li>Barbara van den Speulhof, Stephan Pricken \u201ePiktulis\u2026 nori laim\u0117ti!\u201c.<\/li>\n<li>Katja Brandis \u201eMi\u0161k\u0173 bast\u016bnai\u201c nuo 5 dalies.<\/li>\n<li>Katja Brandis \u201eJ\u016br\u0173 bast\u016bnai\u201c.<\/li>\n<li>Pamela Butchart knygos angl\u0173 kalba.<\/li>\n<li>Marius Marcinkevi\u010dius\u00a0 \u201ePrie\u0161 srov\u0119. Sabiha &#8211; \u017euv\u0173 draug\u0117\u201c.<\/li>\n<li>Frances Hardinge \u201eGelmi\u0173 \u0161viesa\u201c.<\/li>\n<li>Jonas Mekas \u201eLai\u0161kai i\u0161 niekur\u201c<\/li>\n<li>Vaik\u0173 enciklopedija: tai, k\u0105 \u017einome, ir tai, ko ne\u017einome.<\/li>\n<li>Arthur Conan Doyle, Stephanie Baudet \u201e\u0160erlokas Holmsas\u201c serijos knygos.<\/li>\n<li>Beatrix Potter, Rachel Boden \u201eTriu\u0161elis Petriukas. Kal\u0117dos ateina\u201c.<\/li>\n<li>Astrid Lindgren, Ilon Wikland ,,Madik\u0117 ir Lisabet\u0117 i\u0161 Junibakeno\u201c.<\/li>\n<li>Kitos knygos vaikams ir paaugliams lietuvi\u0173 ir angl\u0173 k.<\/li>\n<\/ol>\n<p>A\u010cI\u016a!!!<\/p>\n<p>&nbsp;<\/p>\n<p><span style=\"background-color: #ccffcc;\"><strong><a style=\"background-color: #ccffcc;\" title=\"Rekomenduojamos knygos mokiniams\" href=\"https:\/\/www.ibbylietuva.lt\/content\/uploads\/2023\/05\/Rekomenduojamos-knygos_2023.pdf?fbclid=IwAR0503O2V3BNv_xjmZLmVaObYIJpFh5KTSO-UOixLDuAEyi0cn01YBRMXE4\">REKOMENDUOJAM\u0172 KNYG\u0172 S\u0104RA\u0160AI 1-10 kl.<\/a><\/strong><\/span><\/p>\n<p>&nbsp;<\/p>\n<p>[\/vc_column_text][\/vc_column_inner][\/vc_row_inner][vc_column_text]<\/p>\n<h1 class=\"page-title\"><span style=\"font-size: 18pt;\">Nemokamos elektronin\u0117s knygos vaikams ukrainie\u010di\u0173 kalba<\/span><\/h1>\n<p>Dalinam\u0117s Nacionalin\u0117s bibliotekos Vaik\u0173 ir jaunimo literat\u016bros departamento skelbiamomis nuorodomis, kur galima rasti ir atsisi\u0173sti elektronini\u0173 knyg\u0173 vaikams ukrainie\u010di\u0173 kalba (PDF formatu) visi\u0161kai nemokamai: \u00b7<\/p>\n<ul>\n<li><a href=\"https:\/\/lustrobiblioteki.pl\/2022\/03\/70-darmowych-ksiazek-dla-dzieci-w-jezyku-ukrainskim-do-pobrania\/\">https:\/\/lustrobiblioteki.pl\/2022\/03\/70-darmowych-ksiazek-dla-dzieci-w-jezyku-ukrainskim-do-pobrania\/<\/a>\u00a0\u00b7<\/li>\n<li><a href=\"http:\/\/www.barabooka.com.ua\/yak-dopomagati-dityam-u-zamknenomu-prostori\/\">http:\/\/www.barabooka.com.ua\/yak-dopomagati-dityam-u-zamknenomu-prostori\/<\/a>\u00a0\u00b7<\/li>\n<li><a href=\"https:\/\/osvitoria.media\/opinions\/knyzhka-zaspokoyuye-shho-pochytaty-dytyni-poky-tryvaye-vijna\/?fbclid=IwAR13g2Pppsb14ayifeYU0q9hmgC7rk3gBCn_Bgpae4qkmflEr77A1g8xRO\">https:\/\/osvitoria.media\/opinions\/knyzhka-zaspokoyuye-shho-pochytaty-dytyni-poky-tryvaye-vijna\/?fbclid=IwAR13g2Pppsb14ayifeYU0q9hmgC7rk3gBCn_Bgpae4qkmflEr77A1g8xRO<\/a><\/li>\n<\/ul>\n<p>[\/vc_column_text][\/vc_column][\/vc_row][vc_row][vc_column width=&#8221;1\/2&#8243;][vc_toggle title=&#8221;<b>Dokumentai<\/b>&#8221; style=&#8221;square_outline&#8221; color=&#8221;green&#8221; custom_font_container=&#8221;tag:h2|font_size:16px|text_align:left|color:%23444444&#8243; custom_use_theme_fonts=&#8221;yes&#8221; use_custom_heading=&#8221;true&#8221; css=&#8221;.vc_custom_1740126730710{padding-top: 20px !important;padding-right: 10px !important;padding-bottom: 1px !important;padding-left: 10px !important;background-color: rgba(237,237,237,0.44) !important;*background-color: rgb(237,237,237) !important;}&#8221;]<\/p>\n<ul>\n<li><a href=\"\/wp-content\/uploads\/2020\/05\/Vadov%C4%97li%C5%B3%20tvarka%202020.pdf\">Vilniaus Baltupi\u0173 progimnazijos apr\u016bpinimo bendrojo lavinimo dalyk\u0173 vadov\u0117liais ir mokymo priemon\u0117mis tvarka<\/a><\/li>\n<li><a href=\"https:\/\/www.baltupiuprogimnazija.vilnius.lm.lt\/wp-content\/uploads\/2022\/02\/2022-01-06-Bibliotekos-skaitytoju-skatinimo-sistema.pdf\">Vilniaus Baltupi\u0173 progimnazijos bibliotekos skaitytoj\u0173 ir lankytoj\u0173 skatinimo, motyvavimo, apdovanojim\u0173 sistema<\/a><\/li>\n<li><a href=\"https:\/\/www.baltupiuprogimnazija.vilnius.lm.lt\/wp-content\/uploads\/2022\/11\/2022-Bibliotekos-taisykles-003.pdf\" target=\"_blank\" rel=\"noopener\">Bibliotekos taisykl\u0117s<\/a><\/li>\n<li><a href=\"https:\/\/www.baltupiuprogimnazija.vilnius.lm.lt\/wp-content\/uploads\/2022\/11\/2022-Skaityklos-taisykles.pdf\" target=\"_blank\" rel=\"noopener\">Kompiuterizuotos skaityklos taisykl\u0117s<\/a><\/li>\n<li><a href=\"\/wp-content\/uploads\/2020\/05\/Vadov%C4%97li%C5%B3-ataskaita-2019.pdf\">2019 m. nupirkt\u0173 vadov\u0117li\u0173 ataskaita<\/a><\/li>\n<li><a href=\"\/wp-content\/uploads\/2021\/02\/Vadov%C4%97li%C5%B3%20ataskaita%202020.pdf\">2020 m. nupirkt\u0173 vadov\u0117li\u0173 ataskaita<\/a><\/li>\n<li><a href=\"https:\/\/www.baltupiuprogimnazija.vilnius.lm.lt\/wp-content\/uploads\/2022\/02\/Atskaita_2021.-gera.pdf\">2021 m. nupirkt\u0173 vadov\u0117li\u0173 ataskaita<\/a><\/li>\n<li><a href=\"https:\/\/www.baltupiuprogimnazija.vilnius.lm.lt\/wp-content\/uploads\/2023\/01\/vad_ataskaita_2022.pdf\" target=\"_blank\" rel=\"noopener\">2022 m. nupirkt\u0173 vadov\u0117li\u0173 ataskaita<\/a><\/li>\n<li><a title=\"2023 m. nupirkt\u0173 vadov\u0117li\u0173 ataskaita\" href=\"https:\/\/www.baltupiuprogimnazija.vilnius.lm.lt\/wp-content\/uploads\/2024\/01\/Vad_ataskaita_2023.xlsx\">2023 m. nupirkt\u0173 vadov\u0117li\u0173 ataskaita<\/a><\/li>\n<li><a title=\"Ataskaita\" href=\"https:\/\/www.baltupiuprogimnazija.vilnius.lm.lt\/wp-content\/uploads\/2025\/02\/doc01528920250221102743.pdf\" target=\"_blank\" rel=\"noopener\">2024 m. nupirkt\u0173 vadov\u0117li\u0173 ataskaita<\/a><\/li>\n<li><a title=\"2025 m. nupirkt\u0173 vadov\u0117li\u0173 ataskaita\" href=\"https:\/\/www.baltupiuprogimnazija.vilnius.lm.lt\/wp-content\/uploads\/2026\/03\/Vad-ataskaita2025.pdf\">2025 m. nupirkt\u0173 vadov\u0117li\u0173 ataskaita<\/a><\/li>\n<\/ul>\n<p>[\/vc_toggle][\/vc_column][vc_column width=&#8221;1\/2&#8243;][\/vc_column][\/vc_row][vc_row][vc_column][stm_icon_box icon_position=&#8221;left&#8221; icon_color=&#8221;green&#8221; title=&#8221;Kvie\u010diame nemokamai skaityti el. Vyturio knygas&#8221; title_link=&#8221;url:https%3A%2F%2Fwww.baltupiuprogimnazija.vilnius.lm.lt%2Fwp-content%2Fuploads%2F2021%2F10%2FVyturys.pdf|title:Kvie%C4%8Diame%20nemokamai%20skaityti%20el.%20Vyturio%20knygas|target:_blank&#8221; icon_fontawesome=&#8221;far fa-file-pdf&#8221; icon_size=&#8221;22px&#8221;][stm_single_image img_size=&#8221;500&#215;500&#8243;][\/vc_column][\/vc_row][vc_row][vc_column][\/vc_column][\/vc_row]<\/p>\n<\/section>","protected":false},"excerpt":{"rendered":"<p>[vc_row full_width=&#8221;stretch_row&#8221; gap=&#8221;20&#8243;][vc_column width=&#8221;3\/4&#8243;][vc_row_inner][vc_column_inner css=&#8221;.vc_custom_1618755273739{padding-right: 10px !important;padding-left: 20px !important;}&#8221;][vc_column_text]Bibliotekinink\u0117 Anastasija Jakimenko II auk\u0161tas, 214 kab. &nbsp; [\/vc_column_text][vc_column_text]BIBLIOTEKAI REIKALING\u0172 KNYG\u0172 S\u0104RA\u0160AS (Pavasaris 2026 m.) Tomas Dirg\u0117la \u201eDomas ir Tomas\u201c 19, 20 d. Flanagan \u201eBrolijos\u201c serijos knygos. Pavilonyt\u0117, M. Pavilonis \u201eMiestas, kvepiantis lietumi\u201c. Kiera Cass \u201eSirena\u201c. Sylvain Zorzin \u201eKeturi draugai ir j\u0173 Kal\u0117d\u0173 egl\u0117\u201c. Dominykas Nork\u016bnas \u201eVoriuk\u0117 [&hellip;]<\/p>\n","protected":false},"author":1,"featured_media":0,"parent":4271,"menu_order":0,"comment_status":"closed","ping_status":"closed","template":"","meta":{"footnotes":""},"class_list":["post-4273","page","type-page","status-publish","hentry"],"_links":{"self":[{"href":"https:\/\/www.baltupiuprogimnazija.vilnius.lm.lt\/index.php?rest_route=\/wp\/v2\/pages\/4273","targetHints":{"allow":["GET"]}}],"collection":[{"href":"https:\/\/www.baltupiuprogimnazija.vilnius.lm.lt\/index.php?rest_route=\/wp\/v2\/pages"}],"about":[{"href":"https:\/\/www.baltupiuprogimnazija.vilnius.lm.lt\/index.php?rest_route=\/wp\/v2\/types\/page"}],"author":[{"embeddable":true,"href":"https:\/\/www.baltupiuprogimnazija.vilnius.lm.lt\/index.php?rest_route=\/wp\/v2\/users\/1"}],"replies":[{"embeddable":true,"href":"https:\/\/www.baltupiuprogimnazija.vilnius.lm.lt\/index.php?rest_route=%2Fwp%2Fv2%2Fcomments&post=4273"}],"version-history":[{"count":84,"href":"https:\/\/www.baltupiuprogimnazija.vilnius.lm.lt\/index.php?rest_route=\/wp\/v2\/pages\/4273\/revisions"}],"predecessor-version":[{"id":83726,"href":"https:\/\/www.baltupiuprogimnazija.vilnius.lm.lt\/index.php?rest_route=\/wp\/v2\/pages\/4273\/revisions\/83726"}],"up":[{"embeddable":true,"href":"https:\/\/www.baltupiuprogimnazija.vilnius.lm.lt\/index.php?rest_route=\/wp\/v2\/pages\/4271"}],"wp:attachment":[{"href":"https:\/\/www.baltupiuprogimnazija.vilnius.lm.lt\/index.php?rest_route=%2Fwp%2Fv2%2Fmedia&parent=4273"}],"curies":[{"name":"wp","href":"https:\/\/api.w.org\/{rel}","templated":true}]}}