{"id":4269,"date":"2021-03-29T11:00:47","date_gmt":"2021-03-29T08:00:47","guid":{"rendered":"http:\/\/tobalt.tech\/baltupiugimnazija\/?page_id=4269"},"modified":"2025-09-30T12:41:17","modified_gmt":"2025-09-30T09:41:17","slug":"mokiniu-taryba","status":"publish","type":"page","link":"https:\/\/www.baltupiuprogimnazija.vilnius.lm.lt\/?page_id=4269","title":{"rendered":"Mokini\u0173 taryba"},"content":{"rendered":"<section class=\"wpb-content-wrapper\"><p>[vc_row][vc_column width=&#8221;3\/4&#8243;][stm_icon_box icon_position=&#8221;left&#8221; icon_color=&#8221;custom&#8221; icon_fontawesome=&#8221;far fa-file-pdf&#8221; icon_size=&#8221;22px&#8221; icon_color_custom=&#8221;#8cba80&#8243; title=&#8221;Mokini\u0173 tarybos nuostatai&#8221; title_link=&#8221;url:%2Fwp-content%2Fuploads%2F2020%2F12%2F2020-Mokiniu-tarybos-nuostatai.pdf&#8221; title_font_size=&#8221;16px&#8221; css=&#8221;.vc_custom_1621790827015{margin-bottom: 0px !important;padding-bottom: 10px !important;}&#8221;][\/vc_column][vc_column width=&#8221;1\/4&#8243;][\/vc_column][\/vc_row][vc_row][vc_column][vc_column_text]Mokini\u0173 taryba 2025-2026 m. m.[\/vc_column_text][vc_column_text]<\/p>\n<table>\n<tbody>\n<tr>\n<td width=\"70\">Eil. Nr.<\/td>\n<td width=\"289\">Mokinio vardas<\/td>\n<td width=\"223\">Klas\u0117<\/td>\n<td width=\"137\">Statusas<\/td>\n<\/tr>\n<tr>\n<td width=\"70\">1.<\/td>\n<td width=\"289\">Patricija<\/td>\n<td width=\"223\">8a<\/td>\n<td width=\"137\">Pirminink\u0117<\/td>\n<\/tr>\n<tr>\n<td width=\"70\">2.<\/td>\n<td width=\"289\">Ignas V.<\/td>\n<td width=\"223\">7d<\/td>\n<td width=\"137\">Pavaduotojas<\/td>\n<\/tr>\n<tr>\n<td width=\"70\">3.<\/td>\n<td width=\"289\">Kostas<\/td>\n<td width=\"223\">8b<\/td>\n<td width=\"137\">Sekretorius<\/td>\n<\/tr>\n<tr>\n<td width=\"70\">4.<\/td>\n<td width=\"289\">Eleonora<\/td>\n<td width=\"223\">5a<\/td>\n<td width=\"137\">Nar\u0117<\/td>\n<\/tr>\n<tr>\n<td width=\"70\">5.<\/td>\n<td width=\"289\">Oskaras<\/td>\n<td width=\"223\">5a<\/td>\n<td width=\"137\">Narys<\/td>\n<\/tr>\n<tr>\n<td width=\"70\">6.<\/td>\n<td width=\"289\">Beatri\u010d\u0117<\/td>\n<td width=\"223\">5b<\/td>\n<td width=\"137\">Nar\u0117<\/td>\n<\/tr>\n<tr>\n<td width=\"70\">7.<\/td>\n<td width=\"289\">Armanis<\/td>\n<td width=\"223\">5b<\/td>\n<td width=\"137\">Narys<\/td>\n<\/tr>\n<tr>\n<td width=\"70\">8.<\/td>\n<td width=\"289\">El\u0117<\/td>\n<td width=\"223\">5c<\/td>\n<td width=\"137\">Nar\u0117<\/td>\n<\/tr>\n<tr>\n<td width=\"70\">9.<\/td>\n<td width=\"289\">Kamila<\/td>\n<td width=\"223\">5c<\/td>\n<td width=\"137\">Nar\u0117<\/td>\n<\/tr>\n<tr>\n<td width=\"70\">10.<\/td>\n<td width=\"289\">Danas<\/td>\n<td width=\"223\">5d<\/td>\n<td width=\"137\">Narys<\/td>\n<\/tr>\n<tr>\n<td width=\"70\">11.<\/td>\n<td width=\"289\">Vaiva<\/td>\n<td width=\"223\">5d<\/td>\n<td width=\"137\">Nar\u0117<\/td>\n<\/tr>\n<tr>\n<td width=\"70\">12.<\/td>\n<td width=\"289\">Vilius<\/td>\n<td width=\"223\">6a<\/td>\n<td width=\"137\">Narys<\/td>\n<\/tr>\n<tr>\n<td width=\"70\">13.<\/td>\n<td width=\"289\">Marcel\u0117<\/td>\n<td width=\"223\">6a<\/td>\n<td width=\"137\">Nar\u0117<\/td>\n<\/tr>\n<tr>\n<td width=\"70\">14.<\/td>\n<td width=\"289\">Augustinas<\/td>\n<td width=\"223\">6b<\/td>\n<td width=\"137\">Narys<\/td>\n<\/tr>\n<tr>\n<td width=\"70\">15.<\/td>\n<td width=\"289\">Adomas<\/td>\n<td width=\"223\">6b<\/td>\n<td width=\"137\">Narys<\/td>\n<\/tr>\n<tr>\n<td width=\"70\">16.<\/td>\n<td width=\"289\">Adrian<\/td>\n<td width=\"223\">6c<\/td>\n<td width=\"137\">Narys<\/td>\n<\/tr>\n<tr>\n<td width=\"70\">17.<\/td>\n<td width=\"289\">Gantas<\/td>\n<td width=\"223\">6c<\/td>\n<td width=\"137\">Narys<\/td>\n<\/tr>\n<tr>\n<td width=\"70\">18.<\/td>\n<td width=\"289\">Anel\u0117 Marija<\/td>\n<td width=\"223\">6d<\/td>\n<td width=\"137\">Nar\u0117<\/td>\n<\/tr>\n<tr>\n<td width=\"70\">19.<\/td>\n<td width=\"289\">Simas<\/td>\n<td width=\"223\">6d<\/td>\n<td width=\"137\">Narys<\/td>\n<\/tr>\n<tr>\n<td width=\"70\">20.<\/td>\n<td width=\"289\">Samanta<\/td>\n<td width=\"223\">7a<\/td>\n<td width=\"137\">Nar\u0117<\/td>\n<\/tr>\n<tr>\n<td width=\"70\">21.<\/td>\n<td width=\"289\">Saul\u0117<\/td>\n<td width=\"223\">7a<\/td>\n<td style=\"text-align: center;\" width=\"137\">Nar\u0117<\/td>\n<\/tr>\n<tr>\n<td width=\"70\">22.<\/td>\n<td width=\"289\">Vincentas<\/td>\n<td width=\"223\">7b<\/td>\n<td style=\"text-align: center;\" width=\"137\">\u00a0\u00a0\u00a0\u00a0\u00a0\u00a0\u00a0\u00a0\u00a0\u00a0 Narys<\/td>\n<\/tr>\n<tr>\n<td width=\"70\">23.<\/td>\n<td width=\"289\">Lukn\u0117<\/td>\n<td width=\"223\">7b<\/td>\n<td style=\"text-align: center;\" width=\"137\">Nar\u0117<\/td>\n<\/tr>\n<tr>\n<td width=\"70\">\u00a0\u00a0 24.<\/td>\n<td width=\"289\">Vytautas<\/td>\n<td width=\"223\">7c<\/td>\n<td width=\"137\">\u00a0\u00a0\u00a0\u00a0\u00a0\u00a0\u00a0\u00a0\u00a0\u00a0 Narys<\/td>\n<\/tr>\n<tr>\n<td width=\"70\">25.<\/td>\n<td width=\"289\">Linas<\/td>\n<td width=\"223\">7c<\/td>\n<td width=\"137\">\u00a0\u00a0\u00a0\u00a0\u00a0\u00a0\u00a0\u00a0\u00a0\u00a0 Narys<\/td>\n<\/tr>\n<tr>\n<td width=\"70\">26.<\/td>\n<td width=\"289\">Saul\u0117<\/td>\n<td width=\"223\">7d<\/td>\n<td width=\"137\">\u00a0\u00a0\u00a0\u00a0\u00a0\u00a0\u00a0\u00a0\u00a0\u00a0 Nar\u0117<\/td>\n<\/tr>\n<tr>\n<td width=\"70\">27.<\/td>\n<td width=\"289\">Laurynas<\/td>\n<td width=\"223\">7e<\/td>\n<td width=\"137\">\u00a0\u00a0\u00a0\u00a0\u00a0\u00a0\u00a0\u00a0\u00a0\u00a0 Narys<\/td>\n<\/tr>\n<tr>\n<td width=\"70\">28.<\/td>\n<td width=\"289\">Urt\u0117<\/td>\n<td width=\"223\">7e<\/td>\n<td width=\"137\">\u00a0\u00a0\u00a0\u00a0\u00a0\u00a0\u00a0\u00a0\u00a0\u00a0 Nar\u0117<\/td>\n<\/tr>\n<tr>\n<td width=\"70\">29.<\/td>\n<td width=\"289\">Nojus<\/td>\n<td width=\"223\">8a<\/td>\n<td width=\"137\">\u00a0\u00a0\u00a0\u00a0\u00a0\u00a0\u00a0\u00a0\u00a0\u00a0 Narys<\/td>\n<\/tr>\n<tr>\n<td width=\"70\">30.<\/td>\n<td width=\"289\">Mykolas<\/td>\n<td width=\"223\">8a<\/td>\n<td width=\"137\">\u00a0\u00a0\u00a0\u00a0\u00a0\u00a0\u00a0\u00a0\u00a0\u00a0 Narys<\/td>\n<\/tr>\n<tr>\n<td width=\"70\">31.<\/td>\n<td width=\"289\">Aneta<\/td>\n<td width=\"223\">8b<\/td>\n<td width=\"137\">\u00a0\u00a0\u00a0\u00a0\u00a0\u00a0\u00a0\u00a0\u00a0\u00a0 Nar\u0117<\/td>\n<\/tr>\n<tr>\n<td width=\"70\">32.<\/td>\n<td width=\"289\">Gvidas<\/td>\n<td width=\"223\">8b<\/td>\n<td width=\"137\">\u00a0\u00a0\u00a0\u00a0\u00a0\u00a0\u00a0\u00a0\u00a0\u00a0 Narys<\/td>\n<\/tr>\n<tr>\n<td width=\"70\">33.<\/td>\n<td width=\"289\">Milda<\/td>\n<td width=\"223\">8c<\/td>\n<td width=\"137\">\u00a0\u00a0\u00a0\u00a0\u00a0\u00a0\u00a0\u00a0\u00a0\u00a0 Nar\u0117<\/td>\n<\/tr>\n<tr>\n<td width=\"70\">34.<\/td>\n<td width=\"289\">Elz\u0117<\/td>\n<td width=\"223\">8c<\/td>\n<td width=\"137\">\u00a0\u00a0\u00a0\u00a0\u00a0\u00a0\u00a0\u00a0\u00a0\u00a0 Nar\u0117<\/td>\n<\/tr>\n<tr>\n<td width=\"70\">35.<\/td>\n<td width=\"289\">Leonardas<\/td>\n<td width=\"223\">8c<\/td>\n<td width=\"137\">\u00a0\u00a0\u00a0\u00a0\u00a0\u00a0\u00a0\u00a0\u00a0\u00a0 Narys<\/td>\n<\/tr>\n<tr>\n<td width=\"70\">36.<\/td>\n<td width=\"289\">Gertr\u016bda<\/td>\n<td width=\"223\">8d<\/td>\n<td width=\"137\">\u00a0\u00a0\u00a0\u00a0\u00a0\u00a0\u00a0\u00a0\u00a0\u00a0 Nar\u0117<\/td>\n<\/tr>\n<tr>\n<td width=\"70\">37.<\/td>\n<td width=\"289\">Rokas<\/td>\n<td width=\"223\">8d<\/td>\n<td width=\"137\">\u00a0\u00a0\u00a0\u00a0\u00a0\u00a0\u00a0\u00a0\u00a0\u00a0 Narys<\/td>\n<\/tr>\n<tr>\n<td width=\"70\">38.<\/td>\n<td width=\"289\">Paulina<\/td>\n<td width=\"223\">8d<\/td>\n<td width=\"137\">\u00a0\u00a0\u00a0\u00a0\u00a0\u00a0\u00a0\u00a0\u00a0\u00a0 Nar\u0117<\/td>\n<\/tr>\n<tr>\n<td width=\"70\">39.<\/td>\n<td width=\"289\">Dovydas<\/td>\n<td width=\"223\">8e<\/td>\n<td style=\"text-align: center;\" width=\"137\">Narys<\/td>\n<\/tr>\n<tr>\n<td width=\"70\">40.<\/td>\n<td width=\"289\">Augustas<\/td>\n<td width=\"223\">8e<\/td>\n<td style=\"text-align: center;\" width=\"137\">Narys<\/td>\n<\/tr>\n<tr>\n<td width=\"70\">41.<\/td>\n<td width=\"289\">Stepas<\/td>\n<td width=\"223\">8e<\/td>\n<td style=\"text-align: center;\" width=\"137\">Narys<\/td>\n<\/tr>\n<\/tbody>\n<\/table>\n<p>[\/vc_column_text][\/vc_column][\/vc_row]<\/p>\n<\/section>","protected":false},"excerpt":{"rendered":"<p>[vc_row][vc_column width=&#8221;3\/4&#8243;][stm_icon_box icon_position=&#8221;left&#8221; icon_color=&#8221;custom&#8221; icon_fontawesome=&#8221;far fa-file-pdf&#8221; icon_size=&#8221;22px&#8221; icon_color_custom=&#8221;#8cba80&#8243; title=&#8221;Mokini\u0173 tarybos nuostatai&#8221; title_link=&#8221;url:%2Fwp-content%2Fuploads%2F2020%2F12%2F2020-Mokiniu-tarybos-nuostatai.pdf&#8221; title_font_size=&#8221;16px&#8221; css=&#8221;.vc_custom_1621790827015{margin-bottom: 0px !important;padding-bottom: 10px !important;}&#8221;][\/vc_column][vc_column width=&#8221;1\/4&#8243;][\/vc_column][\/vc_row][vc_row][vc_column][vc_column_text]Mokini\u0173 taryba 2025-2026 m. m.[\/vc_column_text][vc_column_text] Eil. Nr. Mokinio vardas Klas\u0117 Statusas 1. Patricija 8a Pirminink\u0117 2. Ignas V. 7d Pavaduotojas 3. Kostas 8b Sekretorius 4. Eleonora 5a Nar\u0117 5. Oskaras 5a Narys 6. Beatri\u010d\u0117 5b Nar\u0117 7. [&hellip;]<\/p>\n","protected":false},"author":1,"featured_media":0,"parent":4251,"menu_order":0,"comment_status":"closed","ping_status":"closed","template":"","meta":{"footnotes":""},"class_list":["post-4269","page","type-page","status-publish","hentry"],"_links":{"self":[{"href":"https:\/\/www.baltupiuprogimnazija.vilnius.lm.lt\/index.php?rest_route=\/wp\/v2\/pages\/4269","targetHints":{"allow":["GET"]}}],"collection":[{"href":"https:\/\/www.baltupiuprogimnazija.vilnius.lm.lt\/index.php?rest_route=\/wp\/v2\/pages"}],"about":[{"href":"https:\/\/www.baltupiuprogimnazija.vilnius.lm.lt\/index.php?rest_route=\/wp\/v2\/types\/page"}],"author":[{"embeddable":true,"href":"https:\/\/www.baltupiuprogimnazija.vilnius.lm.lt\/index.php?rest_route=\/wp\/v2\/users\/1"}],"replies":[{"embeddable":true,"href":"https:\/\/www.baltupiuprogimnazija.vilnius.lm.lt\/index.php?rest_route=%2Fwp%2Fv2%2Fcomments&post=4269"}],"version-history":[{"count":14,"href":"https:\/\/www.baltupiuprogimnazija.vilnius.lm.lt\/index.php?rest_route=\/wp\/v2\/pages\/4269\/revisions"}],"predecessor-version":[{"id":83408,"href":"https:\/\/www.baltupiuprogimnazija.vilnius.lm.lt\/index.php?rest_route=\/wp\/v2\/pages\/4269\/revisions\/83408"}],"up":[{"embeddable":true,"href":"https:\/\/www.baltupiuprogimnazija.vilnius.lm.lt\/index.php?rest_route=\/wp\/v2\/pages\/4251"}],"wp:attachment":[{"href":"https:\/\/www.baltupiuprogimnazija.vilnius.lm.lt\/index.php?rest_route=%2Fwp%2Fv2%2Fmedia&parent=4269"}],"curies":[{"name":"wp","href":"https:\/\/api.w.org\/{rel}","templated":true}]}}