{"id":4267,"date":"2021-03-29T11:00:25","date_gmt":"2021-03-29T08:00:25","guid":{"rendered":"http:\/\/tobalt.tech\/baltupiugimnazija\/?page_id=4267"},"modified":"2026-04-17T09:47:01","modified_gmt":"2026-04-17T06:47:01","slug":"progimnazijos-taryba","status":"publish","type":"page","link":"https:\/\/www.baltupiuprogimnazija.vilnius.lm.lt\/?page_id=4267","title":{"rendered":"Progimnazijos taryba"},"content":{"rendered":"<section class=\"wpb-content-wrapper\"><p>[vc_row][vc_column width=&#8221;3\/4&#8243;][vc_row_inner][vc_column_inner][vc_column_text]<strong>Bendruomen\u0117s atstovai, socialiniai partneriai:<\/strong><\/p>\n<p>Rasius Virbalas, Vilniaus miesto savivaldyb\u0117s Verki\u0173 seni\u016bnijos seni\u016bnas;<\/p>\n<p>Asta Mork\u016bnien\u0117, EDU Vilnius projekt\u0173 vadov\u0117;<\/p>\n<p>Laima Barta\u0161kien\u0117, Vilniaus lop\u0161elio \u2013 dar\u017eelio \u201eGintar\u0117lis\u201c direktor\u0117.<\/p>\n<p>&nbsp;<\/p>\n<p><strong>T\u0117v\u0173 atstovai:<\/strong><\/p>\n<p>Akvil\u0117 Plaip\u0117, 2d klas\u0117s t\u0117v\u0173 komiteto pirminink\u0117;<\/p>\n<p>J\u016brat\u0117 Janu\u0161ausk\u0117, 6a klas\u0117s t\u0117v\u0173 komiteto pirminink\u0117;<\/p>\n<p>Vilma Rai\u0161ien\u0117, 7b klas\u0117s mokini\u0173 t\u0117v\u0173 komiteto pirminink\u0117.<\/p>\n<p>&nbsp;<\/p>\n<p><strong>Mokytoj\u0173 atstovai:<\/strong><\/p>\n<p>Jurga Ginevi\u010dien\u0117, pradini\u0173 klasi\u0173 mokytoja;<\/p>\n<p>Egl\u0117 Ra\u010dkausk\u0117, angl\u0173 kalbos mokytoja;<\/p>\n<p>Irena Rad\u017ei\u016bnien\u0117, specialioji pedagog\u0117.<\/p>\n<p>&nbsp;<\/p>\n<p><strong>Mokini\u0173 atstovai:<\/strong><\/p>\n<p>Saul\u0117, 7d;<\/p>\n<p>Ignas, 7d;<\/p>\n<p>Patricija, 8a.<\/p>\n<p>&nbsp;<\/p>\n<p>[\/vc_column_text][\/vc_column_inner][\/vc_row_inner][\/vc_column][vc_column width=&#8221;1\/4&#8243;][\/vc_column][\/vc_row]<\/p>\n<\/section>","protected":false},"excerpt":{"rendered":"<p>[vc_row][vc_column width=&#8221;3\/4&#8243;][vc_row_inner][vc_column_inner][vc_column_text]Bendruomen\u0117s atstovai, socialiniai partneriai: Rasius Virbalas, Vilniaus miesto savivaldyb\u0117s Verki\u0173 seni\u016bnijos seni\u016bnas; Asta Mork\u016bnien\u0117, EDU Vilnius projekt\u0173 vadov\u0117; Laima Barta\u0161kien\u0117, Vilniaus lop\u0161elio \u2013 dar\u017eelio \u201eGintar\u0117lis\u201c direktor\u0117. &nbsp; T\u0117v\u0173 atstovai: Akvil\u0117 Plaip\u0117, 2d klas\u0117s t\u0117v\u0173 komiteto pirminink\u0117; J\u016brat\u0117 Janu\u0161ausk\u0117, 6a klas\u0117s t\u0117v\u0173 komiteto pirminink\u0117; Vilma Rai\u0161ien\u0117, 7b klas\u0117s mokini\u0173 t\u0117v\u0173 komiteto pirminink\u0117. &nbsp; Mokytoj\u0173 atstovai: [&hellip;]<\/p>\n","protected":false},"author":1,"featured_media":0,"parent":4251,"menu_order":0,"comment_status":"closed","ping_status":"closed","template":"","meta":{"footnotes":""},"class_list":["post-4267","page","type-page","status-publish","hentry"],"_links":{"self":[{"href":"https:\/\/www.baltupiuprogimnazija.vilnius.lm.lt\/index.php?rest_route=\/wp\/v2\/pages\/4267","targetHints":{"allow":["GET"]}}],"collection":[{"href":"https:\/\/www.baltupiuprogimnazija.vilnius.lm.lt\/index.php?rest_route=\/wp\/v2\/pages"}],"about":[{"href":"https:\/\/www.baltupiuprogimnazija.vilnius.lm.lt\/index.php?rest_route=\/wp\/v2\/types\/page"}],"author":[{"embeddable":true,"href":"https:\/\/www.baltupiuprogimnazija.vilnius.lm.lt\/index.php?rest_route=\/wp\/v2\/users\/1"}],"replies":[{"embeddable":true,"href":"https:\/\/www.baltupiuprogimnazija.vilnius.lm.lt\/index.php?rest_route=%2Fwp%2Fv2%2Fcomments&post=4267"}],"version-history":[{"count":28,"href":"https:\/\/www.baltupiuprogimnazija.vilnius.lm.lt\/index.php?rest_route=\/wp\/v2\/pages\/4267\/revisions"}],"predecessor-version":[{"id":83773,"href":"https:\/\/www.baltupiuprogimnazija.vilnius.lm.lt\/index.php?rest_route=\/wp\/v2\/pages\/4267\/revisions\/83773"}],"up":[{"embeddable":true,"href":"https:\/\/www.baltupiuprogimnazija.vilnius.lm.lt\/index.php?rest_route=\/wp\/v2\/pages\/4251"}],"wp:attachment":[{"href":"https:\/\/www.baltupiuprogimnazija.vilnius.lm.lt\/index.php?rest_route=%2Fwp%2Fv2%2Fmedia&parent=4267"}],"curies":[{"name":"wp","href":"https:\/\/api.w.org\/{rel}","templated":true}]}}