{"id":4261,"date":"2021-03-29T10:59:30","date_gmt":"2021-03-29T07:59:30","guid":{"rendered":"http:\/\/tobalt.tech\/baltupiugimnazija\/?page_id=4261"},"modified":"2026-05-07T15:34:40","modified_gmt":"2026-05-07T12:34:40","slug":"pareigybiu-aprasymai","status":"publish","type":"page","link":"https:\/\/www.baltupiuprogimnazija.vilnius.lm.lt\/?page_id=4261","title":{"rendered":"Pareigybi\u0173 apra\u0161ymai"},"content":{"rendered":"<section class=\"wpb-content-wrapper\"><p>[vc_row][vc_column width=&#8221;3\/4&#8243;][vc_row_inner][vc_column_inner][vc_column_text]<\/p>\n<ul>\n<li style=\"list-style-type: none\">\n<ul>\n<li><a href=\"https:\/\/www.baltupiuprogimnazija.vilnius.lm.lt\/wp-content\/uploads\/2025\/01\/2024-10-02-BALTUPIU-PROGIMNAZIJA_ADMINISTRATORIUS.pdf\" target=\"_blank\" rel=\"noopener\">Administratorius<\/a><\/li>\n<li><a href=\"https:\/\/www.baltupiuprogimnazija.vilnius.lm.lt\/wp-content\/uploads\/2025\/01\/2024-10-02-BALTUPIU-PROGIMNAZIJA_BIBLIOTEKININKAS.pdf\">Bibliotekininkas<\/a><\/li>\n<li><a href=\"https:\/\/www.baltupiuprogimnazija.vilnius.lm.lt\/wp-content\/uploads\/2025\/08\/2025-07-28-BALTUPIU-PROGIMNAZIJA_DIREKTORIAUS-PAVADUOTOJAS-UGDYMUI_1_4-KLASES-2.pdf\" target=\"_blank\" rel=\"noopener\">Direktoriaus pavaduotojas ugdymui 1 &#8211; 4 klas\u0117s<\/a><\/li>\n<li><a href=\"https:\/\/www.baltupiuprogimnazija.vilnius.lm.lt\/wp-content\/uploads\/2025\/08\/2025-07-28-BALTUPIU-PROGIMNAZIJA_DIREKTORIAUS-PAVADUOTOJAS-UGDYMUI_5_8-KLASES-2.pdf\" target=\"_blank\" rel=\"noopener\">Direktoriaus pavaduotojas ugdymui 5 &#8211; 8 klas\u0117s<\/a><\/li>\n<li><a href=\"https:\/\/www.baltupiuprogimnazija.vilnius.lm.lt\/wp-content\/uploads\/2025\/10\/2025-09-17-BALTUPIU-PROGIMNAZIJA_DIREKTORIAUS-PAVADUOTOJAS-UGDYMUI_NEFORMALUSIS-SVIETIMAS.pdf\" target=\"_blank\" rel=\"noopener\">Direktoriaus pavaduotojas ugdymui, atsakingas u\u017e neformal\u0173j\u012f \u0161vietim\u0105<\/a><\/li>\n<li><a href=\"https:\/\/www.baltupiuprogimnazija.vilnius.lm.lt\/wp-content\/uploads\/2025\/08\/2025-07-28-BALTUPIU-PROGIMNAZIJA_DIREKTORIAUS-PAVADUOTOJAS-UKIO-REIKALAMS.pdf\" target=\"_blank\" rel=\"noopener\">Direktoriaus pavaduotojas \u016bkio reikalams<\/a><\/li>\n<li><a href=\"https:\/\/www.baltupiuprogimnazija.vilnius.lm.lt\/wp-content\/uploads\/2023\/01\/2023-01-17-BALTUPIU-PROGIMNAZIJA_KARJEROS-SPECIALISTAS.pdf\" target=\"_blank\" rel=\"noopener\">Karjeros specialistas<\/a><\/li>\n<li><a href=\"https:\/\/www.baltupiuprogimnazija.vilnius.lm.lt\/wp-content\/uploads\/2025\/01\/2025-01-17-BALTUPIU-PROGIMNAZIJA_IT-SPECIALISTAS.pdf\">IT specialistas<\/a><\/li>\n<li><a href=\"https:\/\/www.baltupiuprogimnazija.vilnius.lm.lt\/wp-content\/uploads\/2025\/08\/2025-07-28-BALTUPIU-PROGIMNAZIJA_LABORANTAS.pdf\">Laborantas<\/a><\/li>\n<li><a href=\"https:\/\/www.baltupiuprogimnazija.vilnius.lm.lt\/wp-content\/uploads\/2025\/08\/2025-07-28-BALTUPIU-PROGIMNAZIJA_LOGOPEDAS.pdf\" target=\"_blank\" rel=\"noopener\">Logopedas<\/a><\/li>\n<li><a href=\"https:\/\/www.baltupiuprogimnazija.vilnius.lm.lt\/wp-content\/uploads\/2024\/11\/2024-11-19-BALTUPIU-PROGIMNAZIJA_MOKINIO-PADEJEJAS.pdf\" target=\"_blank\" rel=\"noopener\">Mokinio pad\u0117j\u0117jas<\/a><\/li>\n<li><a href=\"https:\/\/www.baltupiuprogimnazija.vilnius.lm.lt\/wp-content\/uploads\/2025\/08\/2025-07-28-BALTUPIU-PROGIMNAZIJA_PASTATU-PRIZIURETOJAS.pdf\">Pastat\u0173 pri\u017ei\u016br\u0117tojas<\/a><\/li>\n<li><a href=\"https:\/\/www.baltupiuprogimnazija.vilnius.lm.lt\/wp-content\/uploads\/2025\/08\/2025-07-28-BALTUPIU-PROGIMNAZIJA_PSICHOLOGAS.pdf\" target=\"_blank\" rel=\"noopener\">Psichologas<\/a><\/li>\n<li><a href=\"https:\/\/www.baltupiuprogimnazija.vilnius.lm.lt\/wp-content\/uploads\/2025\/08\/2025-07-28-BALTUPIU-PROGIMNAZIJA_RUBININKAS.pdf\">R\u016bbininkas<\/a><\/li>\n<li><a href=\"https:\/\/www.baltupiuprogimnazija.vilnius.lm.lt\/wp-content\/uploads\/2025\/08\/2025-08-19-BALTUPIU-PROGIMNAZIJA_SEKRETORIUS.pdf\">Sekretorius<\/a><\/li>\n<li><a href=\"https:\/\/www.baltupiuprogimnazija.vilnius.lm.lt\/wp-content\/uploads\/2025\/08\/2028-08-19-BALTUPIU-PROGIMNAZIJA_SOCIALINIS-PEDAGOGAS_1_4-KLASES.pdf\" target=\"_blank\" rel=\"noopener\">Socialinis pedagogas 1-4 klas\u0117s<\/a><\/li>\n<li><a href=\"https:\/\/www.baltupiuprogimnazija.vilnius.lm.lt\/wp-content\/uploads\/2025\/08\/2025-08-19-BALTUPIU-PROGIMNAZIJA_SOCIALINIS-PEDAGOGAS_5_8-KLASES.pdf\" target=\"_blank\" rel=\"noopener\">Socialinis pedagogas 5-8 klas\u0117s<\/a><\/li>\n<li><a href=\"https:\/\/www.baltupiuprogimnazija.vilnius.lm.lt\/wp-content\/uploads\/2025\/08\/2025-07-28-BALTUPIU-PROGIMNAZIJA_SPECIALUSIS-PEDAGOGAS.pdf\">Specialusis pedagogas<\/a><\/li>\n<li><a href=\"https:\/\/www.baltupiuprogimnazija.vilnius.lm.lt\/wp-content\/uploads\/2025\/10\/2025-07-28-BALTUPIU-PROGIMNAZIJA_VDM-GRUPES-SPECIALISTAS.pdf\" target=\"_blank\" rel=\"noopener\">VDM grup\u0117s specialistas<\/a><\/li>\n<\/ul>\n<\/li>\n<\/ul>\n<p>&nbsp;[\/vc_column_text][\/vc_column_inner][\/vc_row_inner][\/vc_column][vc_column width=&#8221;1\/4&#8243;][vc_row_inner][vc_column_inner][stm_wp_custommenu nav_menu=&#8221;126&#8243; width=&#8221;400px&#8221;][\/vc_column_inner][\/vc_row_inner][\/vc_column][\/vc_row]<\/p>\n<\/section>","protected":false},"excerpt":{"rendered":"<p>[vc_row][vc_column width=&#8221;3\/4&#8243;][vc_row_inner][vc_column_inner][vc_column_text] Administratorius Bibliotekininkas Direktoriaus pavaduotojas ugdymui 1 &#8211; 4 klas\u0117s Direktoriaus pavaduotojas ugdymui 5 &#8211; 8 klas\u0117s Direktoriaus pavaduotojas ugdymui, atsakingas u\u017e neformal\u0173j\u012f \u0161vietim\u0105 Direktoriaus pavaduotojas \u016bkio reikalams Karjeros specialistas IT specialistas Laborantas Logopedas Mokinio pad\u0117j\u0117jas Pastat\u0173 pri\u017ei\u016br\u0117tojas Psichologas R\u016bbininkas Sekretorius Socialinis pedagogas 1-4 klas\u0117s Socialinis pedagogas 5-8 klas\u0117s Specialusis pedagogas VDM grup\u0117s specialistas [&hellip;]<\/p>\n","protected":false},"author":1,"featured_media":0,"parent":4247,"menu_order":0,"comment_status":"closed","ping_status":"closed","template":"","meta":{"footnotes":""},"class_list":["post-4261","page","type-page","status-publish","hentry"],"_links":{"self":[{"href":"https:\/\/www.baltupiuprogimnazija.vilnius.lm.lt\/index.php?rest_route=\/wp\/v2\/pages\/4261","targetHints":{"allow":["GET"]}}],"collection":[{"href":"https:\/\/www.baltupiuprogimnazija.vilnius.lm.lt\/index.php?rest_route=\/wp\/v2\/pages"}],"about":[{"href":"https:\/\/www.baltupiuprogimnazija.vilnius.lm.lt\/index.php?rest_route=\/wp\/v2\/types\/page"}],"author":[{"embeddable":true,"href":"https:\/\/www.baltupiuprogimnazija.vilnius.lm.lt\/index.php?rest_route=\/wp\/v2\/users\/1"}],"replies":[{"embeddable":true,"href":"https:\/\/www.baltupiuprogimnazija.vilnius.lm.lt\/index.php?rest_route=%2Fwp%2Fv2%2Fcomments&post=4261"}],"version-history":[{"count":47,"href":"https:\/\/www.baltupiuprogimnazija.vilnius.lm.lt\/index.php?rest_route=\/wp\/v2\/pages\/4261\/revisions"}],"predecessor-version":[{"id":83830,"href":"https:\/\/www.baltupiuprogimnazija.vilnius.lm.lt\/index.php?rest_route=\/wp\/v2\/pages\/4261\/revisions\/83830"}],"up":[{"embeddable":true,"href":"https:\/\/www.baltupiuprogimnazija.vilnius.lm.lt\/index.php?rest_route=\/wp\/v2\/pages\/4247"}],"wp:attachment":[{"href":"https:\/\/www.baltupiuprogimnazija.vilnius.lm.lt\/index.php?rest_route=%2Fwp%2Fv2%2Fmedia&parent=4261"}],"curies":[{"name":"wp","href":"https:\/\/api.w.org\/{rel}","templated":true}]}}