{"id":4257,"date":"2021-03-29T10:58:55","date_gmt":"2021-03-29T07:58:55","guid":{"rendered":"http:\/\/tobalt.tech\/baltupiugimnazija\/?page_id=4257"},"modified":"2025-09-24T07:53:40","modified_gmt":"2025-09-24T04:53:40","slug":"metodine-taryba","status":"publish","type":"page","link":"https:\/\/www.baltupiuprogimnazija.vilnius.lm.lt\/?page_id=4257","title":{"rendered":"Metodin\u0117 taryba"},"content":{"rendered":"<section class=\"wpb-content-wrapper\"><p>[vc_row][vc_column][vc_row_inner][vc_column_inner width=&#8221;3\/4&#8243;][vc_column_text]<\/p>\n<ul>\n<li>Albina Zdanevi\u010dien\u0117, matematikos ir informatikos metodin\u0117s grup\u0117s pirminink\u0117 \u2013 pirminink\u0117;<\/li>\n<li>Aurelija Balkuvien\u0117, lietuvi\u0173 kalbos metodin\u0117s grup\u0117s pirminink\u0117 \u2013 nar\u0117;<\/li>\n<li>Nerija Ju\u0161kait\u0117, pradinio ugdymo metodin\u0117s grup\u0117s pirminink\u0117 \u2013 nar\u0117;<\/li>\n<li>Jurga Ginevi\u010dien\u0117, pradini\u0173 klasi\u0173 mokytoja ekspert\u0117 \u2013 nar\u0117;<\/li>\n<li>Inga Pakalnien\u0117, socialini\u0173 ir gamtos moksl\u0173 metodin\u0117s grup\u0117s pirminink\u0117 \u2013 nar\u0117;<\/li>\n<li>Gediminas Bernadi\u0161ius, u\u017esienio kalb\u0173 metodin\u0117s grup\u0117s pirmininkas \u2013 narys, sekretorius;<\/li>\n<li>Renata Sakalauskien\u0117, men\u0173 ir fizinio ugdymo metodin\u0117s grup\u0117s pirminink\u0117 \u2013 nar\u0117.<\/li>\n<\/ul>\n<p>&nbsp;<\/p>\n<p>[\/vc_column_text][stm_icon_box icon_position=&#8221;left&#8221; icon_color=&#8221;custom&#8221; title=&#8221;Metodin\u0117s valandos organizavimo tvarkos apra\u0161as&#8221; title_link=&#8221;url:https%3A%2F%2Fwww.baltupiuprogimnazija.vilnius.lm.lt%2Fwp-content%2Fuploads%2F2021%2F11%2F2020-Metodines-valandos-tvarkos-aprasas.pdf|title:Metodin%C4%97s%20valandos%20tvarkos%20apra%C5%A1as|target:_blank&#8221; icon_fontawesome=&#8221;far fa-file-pdf&#8221; icon_color_custom=&#8221;#8ec98b&#8221; icon_size=&#8221;22&#8243;][\/vc_column_inner][\/vc_row_inner][\/vc_column][\/vc_row]<\/p>\n<\/section>","protected":false},"excerpt":{"rendered":"<p>[vc_row][vc_column][vc_row_inner][vc_column_inner width=&#8221;3\/4&#8243;][vc_column_text] Albina Zdanevi\u010dien\u0117, matematikos ir informatikos metodin\u0117s grup\u0117s pirminink\u0117 \u2013 pirminink\u0117; Aurelija Balkuvien\u0117, lietuvi\u0173 kalbos metodin\u0117s grup\u0117s pirminink\u0117 \u2013 nar\u0117; Nerija Ju\u0161kait\u0117, pradinio ugdymo metodin\u0117s grup\u0117s pirminink\u0117 \u2013 nar\u0117; Jurga Ginevi\u010dien\u0117, pradini\u0173 klasi\u0173 mokytoja ekspert\u0117 \u2013 nar\u0117; Inga Pakalnien\u0117, socialini\u0173 ir gamtos moksl\u0173 metodin\u0117s grup\u0117s pirminink\u0117 \u2013 nar\u0117; Gediminas Bernadi\u0161ius, u\u017esienio kalb\u0173 metodin\u0117s grup\u0117s [&hellip;]<\/p>\n","protected":false},"author":1,"featured_media":0,"parent":4247,"menu_order":0,"comment_status":"closed","ping_status":"closed","template":"","meta":{"footnotes":""},"class_list":["post-4257","page","type-page","status-publish","hentry"],"_links":{"self":[{"href":"https:\/\/www.baltupiuprogimnazija.vilnius.lm.lt\/index.php?rest_route=\/wp\/v2\/pages\/4257","targetHints":{"allow":["GET"]}}],"collection":[{"href":"https:\/\/www.baltupiuprogimnazija.vilnius.lm.lt\/index.php?rest_route=\/wp\/v2\/pages"}],"about":[{"href":"https:\/\/www.baltupiuprogimnazija.vilnius.lm.lt\/index.php?rest_route=\/wp\/v2\/types\/page"}],"author":[{"embeddable":true,"href":"https:\/\/www.baltupiuprogimnazija.vilnius.lm.lt\/index.php?rest_route=\/wp\/v2\/users\/1"}],"replies":[{"embeddable":true,"href":"https:\/\/www.baltupiuprogimnazija.vilnius.lm.lt\/index.php?rest_route=%2Fwp%2Fv2%2Fcomments&post=4257"}],"version-history":[{"count":18,"href":"https:\/\/www.baltupiuprogimnazija.vilnius.lm.lt\/index.php?rest_route=\/wp\/v2\/pages\/4257\/revisions"}],"predecessor-version":[{"id":83370,"href":"https:\/\/www.baltupiuprogimnazija.vilnius.lm.lt\/index.php?rest_route=\/wp\/v2\/pages\/4257\/revisions\/83370"}],"up":[{"embeddable":true,"href":"https:\/\/www.baltupiuprogimnazija.vilnius.lm.lt\/index.php?rest_route=\/wp\/v2\/pages\/4247"}],"wp:attachment":[{"href":"https:\/\/www.baltupiuprogimnazija.vilnius.lm.lt\/index.php?rest_route=%2Fwp%2Fv2%2Fmedia&parent=4257"}],"curies":[{"name":"wp","href":"https:\/\/api.w.org\/{rel}","templated":true}]}}