{"id":4247,"date":"2021-03-29T10:57:38","date_gmt":"2021-03-29T07:57:38","guid":{"rendered":"http:\/\/tobalt.tech\/baltupiugimnazija\/?page_id=4247"},"modified":"2021-05-26T14:54:16","modified_gmt":"2021-05-26T11:54:16","slug":"bendruomene","status":"publish","type":"page","link":"https:\/\/www.baltupiuprogimnazija.vilnius.lm.lt\/?page_id=4247","title":{"rendered":"Bendruomen\u0117"},"content":{"rendered":"<section class=\"wpb-content-wrapper\"><p>[vc_row][vc_column][vc_column_text]<\/p>\n<ul class=\"sub-menu\">\n<li><a href=\"http:\/\/www2087a.vu.lt\/bendruomene\/progimnazijos-administracija\/\">Progimnazijos administracija<\/a><\/li>\n<li><a href=\"http:\/\/www2087a.vu.lt\/mokiniu-tevu-savivalda\/\">Savivalda<\/a>\n<ul class=\"sub-menu\">\n<li><a href=\"http:\/\/www2087a.vu.lt\/bendruomene\/progimnazijos-taryba\/\">Progimnazija taryba<\/a><\/li>\n<li><a href=\"http:\/\/www2087a.vu.lt\/bendruomene\/mokiniu-savivalda\/\">Mokini\u0173 taryba<\/a><\/li>\n<li><a href=\"http:\/\/www2087a.vu.lt\/bendruomene\/mokiniu-tevu-komitetas\/\">Mokini\u0173 t\u0117v\u0173 komitetas<\/a><\/li>\n<\/ul>\n<\/li>\n<li><a href=\"http:\/\/www2087a.vu.lt\/bendruomene\/profesine-sajunga\/\">Profesin\u0117 s\u0105junga<\/a><\/li>\n<li><a href=\"http:\/\/www2087a.vu.lt\/bendruomene\/etikos-komisija\/\">Etikos komisija<\/a><\/li>\n<li><a href=\"http:\/\/www2087a.vu.lt\/bendruomene\/mokytojai-2\/\" aria-current=\"page\">Mokytojai<\/a><\/li>\n<li><a href=\"http:\/\/www2087a.vu.lt\/bendruomene\/mokiniai\/\">Mokiniai<\/a><\/li>\n<li><a href=\"http:\/\/www2087a.vu.lt\/bendruomene\/metodine-taryba\/\">Metodin\u0117 taryba<\/a><\/li>\n<li><a href=\"http:\/\/www2087a.vu.lt\/bendruomene\/darbo-grupes\/\">Darbo grup\u0117s<\/a><\/li>\n<li><a href=\"http:\/\/www2087a.vu.lt\/bendruomene\/pareigybiu-aprasymai\/\">Pareigybi\u0173 apra\u0161ymai<\/a>\n<ul class=\"sub-menu\">\n<li><a href=\"http:\/\/www2087a.vu.lt\/mokytoju-pareigybiu-aprasymai-2\/\">Mokytoj\u0173 pareigybi\u0173 apra\u0161ymai<\/a><\/li>\n<\/ul>\n<\/li>\n<li><a href=\"http:\/\/www2087a.vu.lt\/bendruomene\/laisvos-darbo-vietos\/\">Laisvos darbo vietos<\/a><\/li>\n<\/ul>\n<p>[\/vc_column_text][\/vc_column][\/vc_row]<\/p>\n<\/section>","protected":false},"excerpt":{"rendered":"<p>[vc_row][vc_column][vc_column_text] Progimnazijos administracija Savivalda Progimnazija taryba Mokini\u0173 taryba Mokini\u0173 t\u0117v\u0173 komitetas Profesin\u0117 s\u0105junga Etikos komisija Mokytojai Mokiniai Metodin\u0117 taryba Darbo grup\u0117s Pareigybi\u0173 apra\u0161ymai Mokytoj\u0173 pareigybi\u0173 apra\u0161ymai Laisvos darbo vietos [\/vc_column_text][\/vc_column][\/vc_row]<\/p>\n","protected":false},"author":1,"featured_media":0,"parent":0,"menu_order":0,"comment_status":"closed","ping_status":"closed","template":"","meta":{"footnotes":""},"class_list":["post-4247","page","type-page","status-publish","hentry"],"_links":{"self":[{"href":"https:\/\/www.baltupiuprogimnazija.vilnius.lm.lt\/index.php?rest_route=\/wp\/v2\/pages\/4247","targetHints":{"allow":["GET"]}}],"collection":[{"href":"https:\/\/www.baltupiuprogimnazija.vilnius.lm.lt\/index.php?rest_route=\/wp\/v2\/pages"}],"about":[{"href":"https:\/\/www.baltupiuprogimnazija.vilnius.lm.lt\/index.php?rest_route=\/wp\/v2\/types\/page"}],"author":[{"embeddable":true,"href":"https:\/\/www.baltupiuprogimnazija.vilnius.lm.lt\/index.php?rest_route=\/wp\/v2\/users\/1"}],"replies":[{"embeddable":true,"href":"https:\/\/www.baltupiuprogimnazija.vilnius.lm.lt\/index.php?rest_route=%2Fwp%2Fv2%2Fcomments&post=4247"}],"version-history":[{"count":1,"href":"https:\/\/www.baltupiuprogimnazija.vilnius.lm.lt\/index.php?rest_route=\/wp\/v2\/pages\/4247\/revisions"}],"predecessor-version":[{"id":68844,"href":"https:\/\/www.baltupiuprogimnazija.vilnius.lm.lt\/index.php?rest_route=\/wp\/v2\/pages\/4247\/revisions\/68844"}],"wp:attachment":[{"href":"https:\/\/www.baltupiuprogimnazija.vilnius.lm.lt\/index.php?rest_route=%2Fwp%2Fv2%2Fmedia&parent=4247"}],"curies":[{"name":"wp","href":"https:\/\/api.w.org\/{rel}","templated":true}]}}