{"id":4242,"date":"2021-03-29T11:21:38","date_gmt":"2021-03-29T08:21:38","guid":{"rendered":"http:\/\/tobalt.tech\/baltupiugimnazija\/?page_id=4242"},"modified":"2026-05-07T15:35:37","modified_gmt":"2026-05-07T12:35:37","slug":"viesieji-pirkimai","status":"publish","type":"page","link":"https:\/\/www.baltupiuprogimnazija.vilnius.lm.lt\/?page_id=4242","title":{"rendered":"Vie\u0161ieji pirkimai"},"content":{"rendered":"<section class=\"wpb-content-wrapper\"><p>[vc_row gap=&#8221;20&#8243;][vc_column width=&#8221;3\/4&#8243;][vc_row_inner][vc_column_inner][vc_column_text]Vie\u0161uosius pirkimus progimnazija atlieka, vadovaudamasi\u00a0<a href=\"https:\/\/www.e-tar.lt\/portal\/lt\/legalAct\/a0f25f005ca411e79198ffdb108a3753\">\u201eMa\u017eos vert\u0117s pirkim\u0173 tvarkos apra\u0161u\u201c<\/a>[\/vc_column_text][vc_column_text]<strong>Dokumentai:<\/strong>[\/vc_column_text][\/vc_column_inner][\/vc_row_inner][stm_icon_box icon_position=&#8221;left&#8221; icon_color=&#8221;custom&#8221; icon_fontawesome=&#8221;far fa-file-pdf&#8221; icon_size=&#8221;22px&#8221; icon_color_custom=&#8221;#8cba80&#8243; title=&#8221;Vilniaus Baltupi\u0173 progimnazijos vie\u0161\u0173j\u0173 pirkim\u0173 organizavimo taisykl\u0117s&#8221; title_link=&#8221;url:https%3A%2F%2Fwww.baltupiuprogimnazija.vilnius.lm.lt%2Fwp-content%2Fuploads%2F2025%2F09%2F2022-Viesuju-pirkimu-organizavimo-taisykles.pdf|title:Vie%C5%A1%C5%B3j%C5%B3%20pirkim%C5%B3%20organizavimo%20taisykl%C4%97s|target:_blank&#8221; title_font_size=&#8221;16px&#8221; css=&#8221;.vc_custom_1759138323194{margin-bottom: 0px !important;padding-bottom: 10px !important;}&#8221;][stm_icon_box icon_position=&#8221;left&#8221; icon_color=&#8221;custom&#8221; icon_fontawesome=&#8221;far fa-file-pdf&#8221; icon_size=&#8221;22px&#8221; icon_color_custom=&#8221;#8cba80&#8243; title=&#8221;Vilniaus Baltupi\u0173 progimnazijos vie\u0161\u0173j\u0173 supaprastint\u0173 pirkim\u0173 taisykl\u0117s&#8221; title_link=&#8221;url:http%3A%2F%2Fwww.baltupiuprogimnazija.vilnius.lm.lt%2Fwp-content%2Fuploads%2F2021%2F11%2FVilniaus-Baltupiu-progimnazijos-viesuju-supaprastintu-pirkimu-taisykles.pdf&#8221; title_font_size=&#8221;16px&#8221; css=&#8221;.vc_custom_1620044173054{margin-bottom: 0px !important;padding-bottom: 10px !important;}&#8221;][stm_icon_box icon_position=&#8221;left&#8221; icon_color=&#8221;custom&#8221; icon_fontawesome=&#8221;far fa-file-pdf&#8221; icon_size=&#8221;22px&#8221; icon_color_custom=&#8221;#8cba80&#8243; title=&#8221;Vilniaus Baltupi\u0173 progimnazijos vie\u0161\u0173j\u0173 pirkim\u0173 komisijos darbo reglamentas&#8221; title_link=&#8221;url:http%3A%2F%2Fwww.baltupiuprogimnazija.vilnius.lm.lt%2Fwp-content%2Fuploads%2F2018%2F12%2FVilniaus%2520Baltupi%25C5%25B3%2520progimnazijos%2520vie%25C5%25A1%25C5%25B3j%25C5%25B3%2520pirkim%25C5%25B3%2520komisijos%2520darbo%2520reglamentas.pdf&#8221; title_font_size=&#8221;16px&#8221; css=&#8221;.vc_custom_1620044196158{margin-bottom: 0px !important;padding-bottom: 10px !important;}&#8221;][stm_icon_box icon_position=&#8221;left&#8221; icon_color=&#8221;custom&#8221; icon_fontawesome=&#8221;far fa-file-pdf&#8221; icon_size=&#8221;22px&#8221; icon_color_custom=&#8221;#8cba80&#8243; title=&#8221;Vilniaus Baltupi\u0173 progimnazijos pirkim\u0173 organizavimo ir vidaus kontrol\u0117s tvarkos apra\u0161as&#8221; title_link=&#8221;url:https%3A%2F%2Fwww.baltupiuprogimnazija.vilnius.lm.lt%2Fwp-content%2Fuploads%2F2025%2F08%2F2025-Pirkimu-organizavimo-ir-vidaus-kontroles-tvarkos-aprasas.pdf|title:PIRKIM%C5%B2%20ORGANIZAVIMO%20IR%20VIDAUS%20KONTROL%C4%96S%20TVARKOS%20APRA%C5%A0AS|target:_blank&#8221; title_font_size=&#8221;16px&#8221; css=&#8221;.vc_custom_1754896830578{margin-bottom: 0px !important;padding-bottom: 10px !important;}&#8221;][vc_column_text]<strong>Pirkimo planai:<\/strong>[\/vc_column_text][stm_icon_box icon_position=&#8221;left&#8221; icon_color=&#8221;custom&#8221; icon_fontawesome=&#8221;far fa-file-pdf&#8221; icon_size=&#8221;22px&#8221; icon_color_custom=&#8221;#8cba80&#8243; title=&#8221;2022 m.&#8221; title_link=&#8221;url:https%3A%2F%2Fwww.baltupiuprogimnazija.vilnius.lm.lt%2Fwp-content%2Fuploads%2F2022%2F06%2FPirimu-planas-2022-2022-01-06-Nr.-V-5.pdf|title:2022%20m.|target:_blank&#8221; title_font_size=&#8221;16px&#8221; css=&#8221;.vc_custom_1654258679288{margin-bottom: 0px !important;padding-bottom: 10px !important;}&#8221;][stm_icon_box icon_position=&#8221;left&#8221; icon_color=&#8221;custom&#8221; icon_fontawesome=&#8221;far fa-file-pdf&#8221; icon_size=&#8221;22px&#8221; icon_color_custom=&#8221;#8cba80&#8243; title=&#8221;2021 m.&#8221; title_link=&#8221;url:https%3A%2F%2Fwww.baltupiuprogimnazija.vilnius.lm.lt%2Fwp-content%2Fuploads%2F2021%2F09%2Fpirkimu-planas-2021.pdf|title:2021%20m.|target:_blank&#8221; title_font_size=&#8221;16px&#8221; css=&#8221;.vc_custom_1631262926670{margin-bottom: 0px !important;padding-bottom: 10px !important;}&#8221;][stm_icon_box icon_position=&#8221;left&#8221; icon_color=&#8221;custom&#8221; icon_fontawesome=&#8221;far fa-file-pdf&#8221; icon_size=&#8221;22px&#8221; icon_color_custom=&#8221;#8cba80&#8243; title=&#8221;2020 m.&#8221; title_link=&#8221;url:https%3A%2F%2Fwww.baltupiuprogimnazija.vilnius.lm.lt%2Fwp-content%2Fuploads%2F2021%2F09%2FPirkimu-planas-2020-2020-06-29-patikslintas.pdf|title:2020%20m.|target:_blank&#8221; title_font_size=&#8221;16px&#8221; css=&#8221;.vc_custom_1631262874125{margin-bottom: 0px !important;padding-bottom: 10px !important;}&#8221;][stm_icon_box icon_position=&#8221;left&#8221; icon_color=&#8221;custom&#8221; icon_fontawesome=&#8221;far fa-file-pdf&#8221; icon_size=&#8221;22px&#8221; icon_color_custom=&#8221;#8cba80&#8243; title=&#8221;2019 m.&#8221; title_link=&#8221;url:http%3A%2F%2Fwww.baltupiuprogimnazija.vilnius.lm.lt%2Fwp-content%2Fuploads%2F2019%2F01%2FPirkimu%2520planas%25202019.pdf&#8221; title_font_size=&#8221;16px&#8221; css=&#8221;.vc_custom_1620044694997{margin-bottom: 0px !important;padding-bottom: 10px !important;}&#8221;][stm_icon_box icon_position=&#8221;left&#8221; icon_color=&#8221;custom&#8221; icon_fontawesome=&#8221;far fa-file-pdf&#8221; icon_size=&#8221;22px&#8221; icon_color_custom=&#8221;#8cba80&#8243; title=&#8221;2018 m.&#8221; title_link=&#8221;url:http%3A%2F%2Fwww.baltupiuprogimnazija.vilnius.lm.lt%2Fwp-content%2Fuploads%2F2018%2F01%2FPirkimu%2520planas%25202018.pdf&#8221; title_font_size=&#8221;16px&#8221; css=&#8221;.vc_custom_1620044714791{margin-bottom: 0px !important;padding-bottom: 10px !important;}&#8221;][stm_icon_box icon_position=&#8221;left&#8221; icon_color=&#8221;custom&#8221; icon_fontawesome=&#8221;far fa-file-pdf&#8221; icon_size=&#8221;22px&#8221; icon_color_custom=&#8221;#8cba80&#8243; title=&#8221;2017 m.&#8221; title_link=&#8221;url:http%3A%2F%2Fwww.baltupiuprogimnazija.vilnius.lm.lt%2Fwp-content%2Fuploads%2F2017%2F11%2FPirkimu%2520planas%25202017.pdf&#8221; title_font_size=&#8221;16px&#8221; css=&#8221;.vc_custom_1620044733541{margin-bottom: 0px !important;padding-bottom: 10px !important;}&#8221;][stm_icon_box icon_position=&#8221;left&#8221; icon_color=&#8221;custom&#8221; icon_fontawesome=&#8221;far fa-file-pdf&#8221; icon_size=&#8221;22px&#8221; icon_color_custom=&#8221;#8cba80&#8243; title=&#8221;2015 m.&#8221; title_link=&#8221;url:http%3A%2F%2Fwww.baltupiuprogimnazija.vilnius.lm.lt%2Fwp-content%2Fuploads%2F2017%2F11%2FPirkimu%2520planas%25202015.pdf&#8221; title_font_size=&#8221;16px&#8221; css=&#8221;.vc_custom_1620045282690{margin-bottom: 0px !important;padding-bottom: 10px !important;}&#8221;][stm_icon_box icon_position=&#8221;left&#8221; icon_color=&#8221;custom&#8221; icon_fontawesome=&#8221;far fa-file-pdf&#8221; icon_size=&#8221;22px&#8221; icon_color_custom=&#8221;#8cba80&#8243; title=&#8221;2014 m.&#8221; title_link=&#8221;url:http%3A%2F%2Fwww.baltupiuprogimnazija.vilnius.lm.lt%2Fwp-content%2Fuploads%2F2017%2F11%2FPirkimu%2520planas%25202014.pdf&#8221; title_font_size=&#8221;16px&#8221; css=&#8221;.vc_custom_1620045382653{margin-bottom: 0px !important;padding-bottom: 10px !important;}&#8221;][vc_column_text]<strong>Pirkimo suvestin\u0117s:<\/strong>[\/vc_column_text][stm_icon_box icon_position=&#8221;left&#8221; icon_color=&#8221;custom&#8221; icon_fontawesome=&#8221;far fa-file-pdf&#8221; icon_size=&#8221;22px&#8221; icon_color_custom=&#8221;#8cba80&#8243; title=&#8221;2019 m.&#8221; title_link=&#8221;url:http%3A%2F%2Fwww.baltupiuprogimnazija.vilnius.lm.lt%2Fwp-content%2Fuploads%2F2020%2F02%2FPirkimu%2520suvestine%25202019.pdf&#8221; title_font_size=&#8221;16px&#8221; css=&#8221;.vc_custom_1620045405620{margin-bottom: 0px !important;padding-bottom: 10px !important;}&#8221;][stm_icon_box icon_position=&#8221;left&#8221; icon_color=&#8221;custom&#8221; icon_fontawesome=&#8221;far fa-file-pdf&#8221; icon_size=&#8221;22px&#8221; icon_color_custom=&#8221;#8cba80&#8243; title=&#8221;2018 m.&#8221; title_link=&#8221;url:http%3A%2F%2Fwww.baltupiuprogimnazija.vilnius.lm.lt%2Fwp-content%2Fuploads%2F2020%2F02%2FPirkimu%2520suvestine%25202018.pdf&#8221; title_font_size=&#8221;16px&#8221; css=&#8221;.vc_custom_1620045423031{margin-bottom: 0px !important;padding-bottom: 10px !important;}&#8221;][stm_icon_box icon_position=&#8221;left&#8221; icon_color=&#8221;custom&#8221; icon_fontawesome=&#8221;far fa-file-pdf&#8221; icon_size=&#8221;22px&#8221; icon_color_custom=&#8221;#8cba80&#8243; title=&#8221;2017 m.&#8221; title_link=&#8221;url:http%3A%2F%2Fwww.baltupiuprogimnazija.vilnius.lm.lt%2Fwp-content%2Fuploads%2F2020%2F02%2FPirkimu%2520suvestine%25202017.pdf&#8221; title_font_size=&#8221;16px&#8221; css=&#8221;.vc_custom_1620045455420{margin-bottom: 0px !important;padding-bottom: 10px !important;}&#8221;][stm_icon_box icon_position=&#8221;left&#8221; icon_color=&#8221;custom&#8221; icon_fontawesome=&#8221;far fa-file-pdf&#8221; icon_size=&#8221;22px&#8221; icon_color_custom=&#8221;#8cba80&#8243; title=&#8221;2016 m.&#8221; title_link=&#8221;url:http%3A%2F%2Fwww.baltupiuprogimnazija.vilnius.lm.lt%2Fwp-content%2Fuploads%2F2017%2F11%2FPirkimu%2520suvestine%25202016.pdf&#8221; title_font_size=&#8221;16px&#8221; css=&#8221;.vc_custom_1620045466667{margin-bottom: 0px !important;padding-bottom: 10px !important;}&#8221;][stm_icon_box icon_position=&#8221;left&#8221; icon_color=&#8221;custom&#8221; icon_fontawesome=&#8221;far fa-file-pdf&#8221; icon_size=&#8221;22px&#8221; icon_color_custom=&#8221;#8cba80&#8243; title=&#8221;2015 m.&#8221; title_link=&#8221;url:http%3A%2F%2Fwww.baltupiuprogimnazija.vilnius.lm.lt%2Fwp-content%2Fuploads%2F2017%2F11%2FPirkimu%2520suvestine%25202015.pdf&#8221; title_font_size=&#8221;16px&#8221; css=&#8221;.vc_custom_1620045478570{margin-bottom: 0px !important;padding-bottom: 10px !important;}&#8221;][\/vc_column][vc_column width=&#8221;1\/4&#8243;][stm_wp_custommenu nav_menu=&#8221;154&#8243;][\/vc_column][\/vc_row]<\/p>\n<\/section>","protected":false},"excerpt":{"rendered":"<p>[vc_row gap=&#8221;20&#8243;][vc_column width=&#8221;3\/4&#8243;][vc_row_inner][vc_column_inner][vc_column_text]Vie\u0161uosius pirkimus progimnazija atlieka, vadovaudamasi\u00a0\u201eMa\u017eos vert\u0117s pirkim\u0173 tvarkos apra\u0161u\u201c[\/vc_column_text][vc_column_text]Dokumentai:[\/vc_column_text][\/vc_column_inner][\/vc_row_inner][stm_icon_box icon_position=&#8221;left&#8221; icon_color=&#8221;custom&#8221; icon_fontawesome=&#8221;far fa-file-pdf&#8221; icon_size=&#8221;22px&#8221; icon_color_custom=&#8221;#8cba80&#8243; title=&#8221;Vilniaus Baltupi\u0173 progimnazijos vie\u0161\u0173j\u0173 pirkim\u0173 organizavimo taisykl\u0117s&#8221; title_link=&#8221;url:https%3A%2F%2Fwww.baltupiuprogimnazija.vilnius.lm.lt%2Fwp-content%2Fuploads%2F2025%2F09%2F2022-Viesuju-pirkimu-organizavimo-taisykles.pdf|title:Vie%C5%A1%C5%B3j%C5%B3%20pirkim%C5%B3%20organizavimo%20taisykl%C4%97s|target:_blank&#8221; title_font_size=&#8221;16px&#8221; css=&#8221;.vc_custom_1759138323194{margin-bottom: 0px !important;padding-bottom: 10px !important;}&#8221;][stm_icon_box icon_position=&#8221;left&#8221; icon_color=&#8221;custom&#8221; icon_fontawesome=&#8221;far fa-file-pdf&#8221; icon_size=&#8221;22px&#8221; icon_color_custom=&#8221;#8cba80&#8243; title=&#8221;Vilniaus Baltupi\u0173 progimnazijos vie\u0161\u0173j\u0173 supaprastint\u0173 pirkim\u0173 taisykl\u0117s&#8221; title_link=&#8221;url:http%3A%2F%2Fwww.baltupiuprogimnazija.vilnius.lm.lt%2Fwp-content%2Fuploads%2F2021%2F11%2FVilniaus-Baltupiu-progimnazijos-viesuju-supaprastintu-pirkimu-taisykles.pdf&#8221; title_font_size=&#8221;16px&#8221; css=&#8221;.vc_custom_1620044173054{margin-bottom: 0px !important;padding-bottom: 10px !important;}&#8221;][stm_icon_box icon_position=&#8221;left&#8221; icon_color=&#8221;custom&#8221; icon_fontawesome=&#8221;far fa-file-pdf&#8221; [&hellip;]<\/p>\n","protected":false},"author":1,"featured_media":0,"parent":67906,"menu_order":0,"comment_status":"closed","ping_status":"closed","template":"","meta":{"footnotes":""},"class_list":["post-4242","page","type-page","status-publish","hentry"],"_links":{"self":[{"href":"https:\/\/www.baltupiuprogimnazija.vilnius.lm.lt\/index.php?rest_route=\/wp\/v2\/pages\/4242","targetHints":{"allow":["GET"]}}],"collection":[{"href":"https:\/\/www.baltupiuprogimnazija.vilnius.lm.lt\/index.php?rest_route=\/wp\/v2\/pages"}],"about":[{"href":"https:\/\/www.baltupiuprogimnazija.vilnius.lm.lt\/index.php?rest_route=\/wp\/v2\/types\/page"}],"author":[{"embeddable":true,"href":"https:\/\/www.baltupiuprogimnazija.vilnius.lm.lt\/index.php?rest_route=\/wp\/v2\/users\/1"}],"replies":[{"embeddable":true,"href":"https:\/\/www.baltupiuprogimnazija.vilnius.lm.lt\/index.php?rest_route=%2Fwp%2Fv2%2Fcomments&post=4242"}],"version-history":[{"count":12,"href":"https:\/\/www.baltupiuprogimnazija.vilnius.lm.lt\/index.php?rest_route=\/wp\/v2\/pages\/4242\/revisions"}],"predecessor-version":[{"id":83831,"href":"https:\/\/www.baltupiuprogimnazija.vilnius.lm.lt\/index.php?rest_route=\/wp\/v2\/pages\/4242\/revisions\/83831"}],"up":[{"embeddable":true,"href":"https:\/\/www.baltupiuprogimnazija.vilnius.lm.lt\/index.php?rest_route=\/wp\/v2\/pages\/67906"}],"wp:attachment":[{"href":"https:\/\/www.baltupiuprogimnazija.vilnius.lm.lt\/index.php?rest_route=%2Fwp%2Fv2%2Fmedia&parent=4242"}],"curies":[{"name":"wp","href":"https:\/\/api.w.org\/{rel}","templated":true}]}}